{"id":10276,"date":"2024-10-02T11:25:29","date_gmt":"2024-10-02T09:25:29","guid":{"rendered":"https:\/\/orlickehory.amenity.cz\/?page_id=10276"},"modified":"2024-10-02T11:25:31","modified_gmt":"2024-10-02T09:25:31","slug":"langlaufloipen-orlicke-hory","status":"publish","type":"page","link":"https:\/\/orlickehory.amenity.cz\/de\/langlaufloipen-orlicke-hory\/","title":{"rendered":"Langlaufen in De\u0161tn\u00e9 v Orlick\u00fdch hor\u00e1ch"},"content":{"rendered":"<div class=\"wpb-content-wrapper\"><p>[vc_row full_width=&#8221;stretch_row_content_no_spaces&#8221; css=&#8221;.vc_custom_1574022960110{padding-top: 10px !important;padding-bottom: 10px !important;}&#8221;][vc_column offset=&#8221;vc_hidden-lg vc_hidden-md&#8221;]<div class=\"text-center\"><a  class=\"btn btn--md btn--normal\" href=\"https:\/\/www3.amenity.cz\/voucher\/\" title=\"button\" target=\"_self\" style=\" background:#5d3526; padding-top:\u00a8;\">D\u00c1RKOV\u00c9 VOUCHERY<\/a><\/div>[\/vc_column][\/vc_row][vc_row full_width=&#8221;stretch_row_content_no_spaces&#8221;][vc_column offset=&#8221;vc_hidden-sm vc_hidden-xs&#8221;][\/vc_column][vc_column offset=&#8221;vc_hidden-lg vc_hidden-md&#8221;][vc_single_image image=&#8221;4625&#8243; img_size=&#8221;full&#8221;][\/vc_column][\/vc_row][vc_row full_width=&#8221;stretch_row_content_no_spaces&#8221;][vc_column]<div  class=\"empty-space  marg-lg-b35\"><\/div><div class=\"text-block \" ><div class=\"simple-text \"><h1 style=\"text-align: center;\">LANGLAUFLOIPEN &#8211; ORLICK\u00c9 HORY<\/h1>\n<h2 style=\"text-align: center;\">Langlaufen in De\u0161tn\u00e9 im Adlergebirge (Orlick\u00e9 hory)<\/h2>\n<\/div><\/div><div class=\"text-block \" ><div class=\"simple-text \"><p style=\"text-align: center;\"><b><strong>Nur ein paar Schritte von unserem Resort entfernt, schnallen Sie Ihre Langlaufskier an und beginnen Sie, die unber\u00fchrte Winterlandschaft zu erkunden.<\/strong><\/b> <b><strong>Genie\u00dfen Sie ein paar freie Tage wie im M\u00e4rchen.<\/strong><\/b><\/p>\n<p style=\"text-align: center;\">Mit Amenity Resorts haben Sie die Kontrolle \u00fcber alle Langlaufloipen. W\u00e4hlen Sie eine Route in unserem Routenplaner und Sie sehen sofort die L\u00e4nge, den Schwierigkeitsgrad und die Einkehrm\u00f6glichkeiten sowie die historischen und nat\u00fcrlichen Sehensw\u00fcrdigkeiten.<\/p>\n<p style=\"text-align: center;\">Aktuelle Informationen \u00fcber die Verf\u00fcgbarkeit dieser Strecken finden Sie unter <a href=\"http:\/\/kamzasnehem.cz\/\">kamzasnehem.cz<\/a> oder im Informationszentrum De\u0161tn\u00e9 v Orlick\u00fdch hor\u00e1ch. Im Informationszentrum in De\u0161tn\u00e9 v Orlick\u00fdch hor\u00e1ch erhalten Sie auch eine kostenlose Karte der Winterlanglaufloipen.<\/p>\n<\/div><\/div><div  class=\"empty-space  marg-lg-b25\"><\/div>[vc_separator color=&#8221;custom&#8221; border_width=&#8221;2&#8243; el_width=&#8221;50&#8243; accent_color=&#8221;#c7b39a&#8221;]<div  class=\"empty-space  marg-lg-b10\"><\/div>[\/vc_column][\/vc_row][vc_row full_width=&#8221;stretch_row_content_no_spaces&#8221; content_placement=&#8221;middle&#8221;][vc_column][vc_raw_html]JTNDaWZyYW1lJTIwc3JjJTNEJTIyaHR0cHMlM0ElMkYlMkZ3d3cuZ29vZ2xlLmNvbSUyRm1hcHMlMkZkJTJGdSUyRjAlMkZlbWJlZCUzRm1pZCUzRDE1TjVXdm5wNVJWV2ItRVlsLXVCSHhZTm5OcjhHZy1RRyUyMiUyMHdpZHRoJTNEJTIyMTkyMCUyMiUyMGhlaWdodCUzRCUyMjYwMCUyMiUzRSUzQyUyRmlmcmFtZSUzRQ==[\/vc_raw_html]<div  class=\"empty-space  marg-lg-b35\"><\/div>[vc_separator color=&#8221;custom&#8221; border_width=&#8221;2&#8243; el_width=&#8221;50&#8243; accent_color=&#8221;#c7b39a&#8221;][\/vc_column][\/vc_row][vc_column][\/vc_column][vc_column][\/vc_column]<\/p>\n<\/div>","protected":false},"excerpt":{"rendered":"<p>[vc_row full_width=&#8221;stretch_row_content_no_spaces&#8221; css=&#8221;.vc_custom_1574022960110{padding-top: 10px !important;padding-bottom: 10px !important;}&#8221;][vc_column offset=&#8221;vc_hidden-lg vc_hidden-md&#8221;][\/vc_column][\/vc_row][vc_row full_width=&#8221;stretch_row_content_no_spaces&#8221;][vc_column offset=&#8221;vc_hidden-sm vc_hidden-xs&#8221;][\/vc_column][vc_column offset=&#8221;vc_hidden-lg vc_hidden-md&#8221;][vc_single_image image=&#8221;4625&#8243; img_size=&#8221;full&#8221;][\/vc_column][\/vc_row][vc_row full_width=&#8221;stretch_row_content_no_spaces&#8221;][vc_column][vc_separator color=&#8221;custom&#8221; border_width=&#8221;2&#8243; el_width=&#8221;50&#8243; accent_color=&#8221;#c7b39a&#8221;][\/vc_column][\/vc_row][vc_row full_width=&#8221;stretch_row_content_no_spaces&#8221; content_placement=&#8221;middle&#8221;][vc_column][vc_raw_html]JTNDaWZyYW1lJTIwc3JjJTNEJTIyaHR0cHMlM0ElMkYlMkZ3d3cuZ29vZ2xlLmNvbSUyRm1hcHMlMkZkJTJGdSUyRjAlMkZlbWJlZCUzRm1pZCUzRDE1TjVXdm5wNVJWV2ItRVlsLXVCSHhZTm5OcjhHZy1RRyUyMiUyMHdpZHRoJTNEJTIyMTkyMCUyMiUyMGhlaWdodCUzRCUyMjYwMCUyMiUzRSUzQyUyRmlmcmFtZSUzRQ==[\/vc_raw_html][vc_separator color=&#8221;custom&#8221; border_width=&#8221;2&#8243; el_width=&#8221;50&#8243; accent_color=&#8221;#c7b39a&#8221;][\/vc_column][\/vc_row][vc_column][\/vc_column][vc_column][\/vc_column]<\/p>\n","protected":false},"author":3,"featured_media":0,"parent":0,"menu_order":0,"comment_status":"closed","ping_status":"closed","template":"","meta":{"footnotes":""},"class_list":["post-10276","page","type-page","status-publish","hentry"],"yoast_head":"<!-- This site is optimized with the Yoast SEO Premium plugin v27.3 (Yoast SEO v27.3) - https:\/\/yoast.com\/product\/yoast-seo-premium-wordpress\/ -->\n<title>Langlaufen in De\u0161tn\u00e9 v Orlick\u00fdch hor\u00e1ch - Amenity Hotel &amp; Resort Orlick\u00e9 hory<\/title>\n<meta name=\"description\" content=\"Nur ein paar Schritte von unserem Resort entfernt, schnallen Sie Ihre Langlaufskier an und beginnen Sie, die unber\u00fchrte Winterlandschaft zu erkunden.\" \/>\n<meta name=\"robots\" content=\"index, follow, max-snippet:-1, max-image-preview:large, max-video-preview:-1\" \/>\n<link rel=\"canonical\" href=\"https:\/\/orlickehory.amenity.cz\/de\/langlaufloipen-orlicke-hory\/\" \/>\n<meta property=\"og:locale\" content=\"de_DE\" \/>\n<meta property=\"og:type\" content=\"article\" \/>\n<meta property=\"og:title\" content=\"Langlaufen in De\u0161tn\u00e9 v Orlick\u00fdch hor\u00e1ch\" \/>\n<meta property=\"og:description\" content=\"Nur ein paar Schritte von unserem Resort entfernt, schnallen Sie Ihre Langlaufskier an und beginnen Sie, die unber\u00fchrte Winterlandschaft zu erkunden.\" \/>\n<meta property=\"og:url\" content=\"https:\/\/orlickehory.amenity.cz\/de\/langlaufloipen-orlicke-hory\/\" \/>\n<meta property=\"og:site_name\" content=\"Amenity Hotel &amp; Resort Orlick\u00e9 hory\" \/>\n<meta property=\"article:publisher\" content=\"https:\/\/www.facebook.com\/amenityresorts\" \/>\n<meta property=\"article:modified_time\" content=\"2024-10-02T09:25:31+00:00\" \/>\n<meta name=\"twitter:card\" content=\"summary_large_image\" \/>\n<meta name=\"twitter:label1\" content=\"Gesch\u00e4tzte Lesezeit\" \/>\n\t<meta name=\"twitter:data1\" content=\"2\u00a0Minuten\" \/>\n<script type=\"application\/ld+json\" class=\"yoast-schema-graph\">{\"@context\":\"https:\\\/\\\/schema.org\",\"@graph\":[{\"@type\":\"WebPage\",\"@id\":\"https:\\\/\\\/orlickehory.amenity.cz\\\/de\\\/langlaufloipen-orlicke-hory\\\/\",\"url\":\"https:\\\/\\\/orlickehory.amenity.cz\\\/de\\\/langlaufloipen-orlicke-hory\\\/\",\"name\":\"Langlaufen in De\u0161tn\u00e9 v Orlick\u00fdch hor\u00e1ch - Amenity Hotel &amp; Resort Orlick\u00e9 hory\",\"isPartOf\":{\"@id\":\"https:\\\/\\\/orlickehory.amenity.cz\\\/de\\\/#website\"},\"datePublished\":\"2024-10-02T09:25:29+00:00\",\"dateModified\":\"2024-10-02T09:25:31+00:00\",\"description\":\"Nur ein paar Schritte von unserem Resort entfernt, schnallen Sie Ihre Langlaufskier an und beginnen Sie, die unber\u00fchrte Winterlandschaft zu erkunden.\",\"breadcrumb\":{\"@id\":\"https:\\\/\\\/orlickehory.amenity.cz\\\/de\\\/langlaufloipen-orlicke-hory\\\/#breadcrumb\"},\"inLanguage\":\"de\",\"potentialAction\":[{\"@type\":\"ReadAction\",\"target\":[\"https:\\\/\\\/orlickehory.amenity.cz\\\/de\\\/langlaufloipen-orlicke-hory\\\/\"]}]},{\"@type\":\"BreadcrumbList\",\"@id\":\"https:\\\/\\\/orlickehory.amenity.cz\\\/de\\\/langlaufloipen-orlicke-hory\\\/#breadcrumb\",\"itemListElement\":[{\"@type\":\"ListItem\",\"position\":1,\"name\":\"Dom\u016f\",\"item\":\"https:\\\/\\\/orlickehory.amenity.cz\\\/de\\\/\"},{\"@type\":\"ListItem\",\"position\":2,\"name\":\"Langlaufen in De\u0161tn\u00e9 v Orlick\u00fdch hor\u00e1ch\"}]},{\"@type\":\"WebSite\",\"@id\":\"https:\\\/\\\/orlickehory.amenity.cz\\\/de\\\/#website\",\"url\":\"https:\\\/\\\/orlickehory.amenity.cz\\\/de\\\/\",\"name\":\"Amenity Orlick\u00e9 hory\",\"description\":\"\",\"publisher\":{\"@id\":\"https:\\\/\\\/orlickehory.amenity.cz\\\/de\\\/#organization\"},\"potentialAction\":[{\"@type\":\"SearchAction\",\"target\":{\"@type\":\"EntryPoint\",\"urlTemplate\":\"https:\\\/\\\/orlickehory.amenity.cz\\\/de\\\/?s={search_term_string}\"},\"query-input\":{\"@type\":\"PropertyValueSpecification\",\"valueRequired\":true,\"valueName\":\"search_term_string\"}}],\"inLanguage\":\"de\"},{\"@type\":\"Organization\",\"@id\":\"https:\\\/\\\/orlickehory.amenity.cz\\\/de\\\/#organization\",\"name\":\"Amenity Resorts s.r.o.\",\"url\":\"https:\\\/\\\/orlickehory.amenity.cz\\\/de\\\/\",\"logo\":{\"@type\":\"ImageObject\",\"inLanguage\":\"de\",\"@id\":\"https:\\\/\\\/orlickehory.amenity.cz\\\/de\\\/#\\\/schema\\\/logo\\\/image\\\/\",\"url\":\"http:\\\/\\\/orlickehory.amenity.cz\\\/wp-content\\\/uploads\\\/sites\\\/8\\\/2020\\\/10\\\/favicon-amenity-512x512-1.png\",\"contentUrl\":\"http:\\\/\\\/orlickehory.amenity.cz\\\/wp-content\\\/uploads\\\/sites\\\/8\\\/2020\\\/10\\\/favicon-amenity-512x512-1.png\",\"width\":512,\"height\":512,\"caption\":\"Amenity Resorts s.r.o.\"},\"image\":{\"@id\":\"https:\\\/\\\/orlickehory.amenity.cz\\\/de\\\/#\\\/schema\\\/logo\\\/image\\\/\"},\"sameAs\":[\"https:\\\/\\\/www.facebook.com\\\/amenityresorts\",\"https:\\\/\\\/www.instagram.com\\\/amenityresorts\\\/\",\"https:\\\/\\\/www.youtube.com\\\/channel\\\/UCVY-yFoyFBR8H0hC1euh7Sw\"]}]}<\/script>\n<!-- \/ Yoast SEO Premium plugin. -->","yoast_head_json":{"title":"Langlaufen in De\u0161tn\u00e9 v Orlick\u00fdch hor\u00e1ch - Amenity Hotel &amp; Resort Orlick\u00e9 hory","description":"Nur ein paar Schritte von unserem Resort entfernt, schnallen Sie Ihre Langlaufskier an und beginnen Sie, die unber\u00fchrte Winterlandschaft zu erkunden.","robots":{"index":"index","follow":"follow","max-snippet":"max-snippet:-1","max-image-preview":"max-image-preview:large","max-video-preview":"max-video-preview:-1"},"canonical":"https:\/\/orlickehory.amenity.cz\/de\/langlaufloipen-orlicke-hory\/","og_locale":"de_DE","og_type":"article","og_title":"Langlaufen in De\u0161tn\u00e9 v Orlick\u00fdch hor\u00e1ch","og_description":"Nur ein paar Schritte von unserem Resort entfernt, schnallen Sie Ihre Langlaufskier an und beginnen Sie, die unber\u00fchrte Winterlandschaft zu erkunden.","og_url":"https:\/\/orlickehory.amenity.cz\/de\/langlaufloipen-orlicke-hory\/","og_site_name":"Amenity Hotel &amp; Resort Orlick\u00e9 hory","article_publisher":"https:\/\/www.facebook.com\/amenityresorts","article_modified_time":"2024-10-02T09:25:31+00:00","twitter_card":"summary_large_image","twitter_misc":{"Gesch\u00e4tzte Lesezeit":"2\u00a0Minuten"},"schema":{"@context":"https:\/\/schema.org","@graph":[{"@type":"WebPage","@id":"https:\/\/orlickehory.amenity.cz\/de\/langlaufloipen-orlicke-hory\/","url":"https:\/\/orlickehory.amenity.cz\/de\/langlaufloipen-orlicke-hory\/","name":"Langlaufen in De\u0161tn\u00e9 v Orlick\u00fdch hor\u00e1ch - Amenity Hotel &amp; Resort Orlick\u00e9 hory","isPartOf":{"@id":"https:\/\/orlickehory.amenity.cz\/de\/#website"},"datePublished":"2024-10-02T09:25:29+00:00","dateModified":"2024-10-02T09:25:31+00:00","description":"Nur ein paar Schritte von unserem Resort entfernt, schnallen Sie Ihre Langlaufskier an und beginnen Sie, die unber\u00fchrte Winterlandschaft zu erkunden.","breadcrumb":{"@id":"https:\/\/orlickehory.amenity.cz\/de\/langlaufloipen-orlicke-hory\/#breadcrumb"},"inLanguage":"de","potentialAction":[{"@type":"ReadAction","target":["https:\/\/orlickehory.amenity.cz\/de\/langlaufloipen-orlicke-hory\/"]}]},{"@type":"BreadcrumbList","@id":"https:\/\/orlickehory.amenity.cz\/de\/langlaufloipen-orlicke-hory\/#breadcrumb","itemListElement":[{"@type":"ListItem","position":1,"name":"Dom\u016f","item":"https:\/\/orlickehory.amenity.cz\/de\/"},{"@type":"ListItem","position":2,"name":"Langlaufen in De\u0161tn\u00e9 v Orlick\u00fdch hor\u00e1ch"}]},{"@type":"WebSite","@id":"https:\/\/orlickehory.amenity.cz\/de\/#website","url":"https:\/\/orlickehory.amenity.cz\/de\/","name":"Amenity Orlick\u00e9 hory","description":"","publisher":{"@id":"https:\/\/orlickehory.amenity.cz\/de\/#organization"},"potentialAction":[{"@type":"SearchAction","target":{"@type":"EntryPoint","urlTemplate":"https:\/\/orlickehory.amenity.cz\/de\/?s={search_term_string}"},"query-input":{"@type":"PropertyValueSpecification","valueRequired":true,"valueName":"search_term_string"}}],"inLanguage":"de"},{"@type":"Organization","@id":"https:\/\/orlickehory.amenity.cz\/de\/#organization","name":"Amenity Resorts s.r.o.","url":"https:\/\/orlickehory.amenity.cz\/de\/","logo":{"@type":"ImageObject","inLanguage":"de","@id":"https:\/\/orlickehory.amenity.cz\/de\/#\/schema\/logo\/image\/","url":"http:\/\/orlickehory.amenity.cz\/wp-content\/uploads\/sites\/8\/2020\/10\/favicon-amenity-512x512-1.png","contentUrl":"http:\/\/orlickehory.amenity.cz\/wp-content\/uploads\/sites\/8\/2020\/10\/favicon-amenity-512x512-1.png","width":512,"height":512,"caption":"Amenity Resorts s.r.o."},"image":{"@id":"https:\/\/orlickehory.amenity.cz\/de\/#\/schema\/logo\/image\/"},"sameAs":["https:\/\/www.facebook.com\/amenityresorts","https:\/\/www.instagram.com\/amenityresorts\/","https:\/\/www.youtube.com\/channel\/UCVY-yFoyFBR8H0hC1euh7Sw"]}]}},"_links":{"self":[{"href":"https:\/\/orlickehory.amenity.cz\/de\/wp-json\/wp\/v2\/pages\/10276","targetHints":{"allow":["GET"]}}],"collection":[{"href":"https:\/\/orlickehory.amenity.cz\/de\/wp-json\/wp\/v2\/pages"}],"about":[{"href":"https:\/\/orlickehory.amenity.cz\/de\/wp-json\/wp\/v2\/types\/page"}],"author":[{"embeddable":true,"href":"https:\/\/orlickehory.amenity.cz\/de\/wp-json\/wp\/v2\/users\/3"}],"replies":[{"embeddable":true,"href":"https:\/\/orlickehory.amenity.cz\/de\/wp-json\/wp\/v2\/comments?post=10276"}],"version-history":[{"count":2,"href":"https:\/\/orlickehory.amenity.cz\/de\/wp-json\/wp\/v2\/pages\/10276\/revisions"}],"predecessor-version":[{"id":10278,"href":"https:\/\/orlickehory.amenity.cz\/de\/wp-json\/wp\/v2\/pages\/10276\/revisions\/10278"}],"wp:attachment":[{"href":"https:\/\/orlickehory.amenity.cz\/de\/wp-json\/wp\/v2\/media?parent=10276"}],"curies":[{"name":"wp","href":"https:\/\/api.w.org\/{rel}","templated":true}]}}