{"id":5228,"date":"2021-05-31T12:46:27","date_gmt":"2021-05-31T10:46:27","guid":{"rendered":"http:\/\/orlickehory.amenity.cz\/?page_id=5228"},"modified":"2025-11-10T12:59:48","modified_gmt":"2025-11-10T11:59:48","slug":"halbpension","status":"publish","type":"page","link":"https:\/\/orlickehory.amenity.cz\/de\/halbpension\/","title":{"rendered":"Halbpension"},"content":{"rendered":"<div class=\"wpb-content-wrapper\"><p>[vc_row full_width=&#8221;stretch_row_content_no_spaces&#8221; content_placement=&#8221;middle&#8221;][vc_column]<div  class=\"empty-space  marg-lg-b20\"><\/div>[\/vc_column][\/vc_row][vc_row full_width=&#8221;stretch_row_content_no_spaces&#8221; content_placement=&#8221;middle&#8221; bg_type=&#8221;bg_color&#8221; css=&#8221;.vc_custom_1726656012534{background-color: #7f5b23 !important;}&#8221; bg_color_value=&#8221;#7f5b23&#8243;][vc_column]<div  class=\"empty-space  marg-lg-b5\"><\/div>[\/vc_column][\/vc_row][vc_row full_width=&#8221;stretch_row_content_no_spaces&#8221; content_placement=&#8221;middle&#8221;][vc_column]<div  class=\"empty-space  marg-lg-b20\"><\/div>[\/vc_column][\/vc_row][vc_row full_width=&#8221;stretch_row_content_no_spaces&#8221; content_placement=&#8221;middle&#8221;][vc_column]<div class=\" ubtn-ctn-center \"><a class=\"ubtn-link ult-adjust-bottom-margin ubtn-center ubtn-large \" href=\"https:\/\/www.secure-hotel-booking.com\/Amenity-Hotel-Resort-Orlicke-hory\/J7PP\/de-DE?hotelId=24769\" title=\"BUCHEN\" ><button type=\"button\" id=\"ubtn-2419\"  class=\"ubtn ult-adjust-bottom-margin ult-responsive ubtn-large ubtn-fade-bg  ulta-grow  ubtn-sep-icon ubtn-sep-icon-top-push  ubtn-center   tooltip-69d061be1d231 ubtn-tooltip bottom\" data-toggle=\"tooltip\" data-placement=\"bottom\" title=\"Preise und Verf\u00fcgbarkeit\" data-hover=\"#ffffff\" data-border-color=\"\" data-bg=\"#7f5b23\" data-hover-bg=\"#293635\" data-border-hover=\"\" data-shadow-hover=\"\" data-shadow-click=\"none\" data-shadow=\"\" data-shd-shadow=\"\"  data-ultimate-target='#ubtn-2419'  data-responsive-json-new='{\"font-size\":\"\",\"line-height\":\"\"}'  style=\"font-weight:normal;border:none;background: #7f5b23;color: #ffffff;\"><span class=\"ubtn-data ubtn-icon\"><i class=\"Defaults-calendar\" style=\"font-size:32px;color:#ffffff;\"><\/i><\/span><span class=\"ubtn-hover\" style=\"background-color:#293635\"><\/span><span class=\"ubtn-data ubtn-text \" >BUCHEN<\/span><\/button><\/a><\/div>[\/vc_column][\/vc_row][vc_row full_width=&#8221;stretch_row_content_no_spaces&#8221; content_placement=&#8221;middle&#8221;][vc_column]<div  class=\"empty-space  marg-lg-b10\"><\/div>[\/vc_column][\/vc_row][vc_row full_width=&#8221;stretch_row_content_no_spaces&#8221; content_placement=&#8221;middle&#8221; bg_type=&#8221;bg_color&#8221; css=&#8221;.vc_custom_1726656012534{background-color: #7f5b23 !important;}&#8221; bg_color_value=&#8221;#7f5b23&#8243;][vc_column]<div  class=\"empty-space  marg-lg-b5\"><\/div>[\/vc_column][\/vc_row][vc_row full_width=&#8221;stretch_row_content_no_spaces&#8221; content_placement=&#8221;middle&#8221;][vc_column]<div  class=\"empty-space  marg-lg-b20\"><\/div>[\/vc_column][\/vc_row][vc_row][vc_column]<div class=\"text-block \" ><div class=\"simple-text \"><\/div><\/div>[\/vc_column][\/vc_row][vc_row full_width=&#8221;stretch_row_content_no_spaces&#8221;][vc_column offset=&#8221;vc_hidden-sm vc_hidden-xs&#8221;][vc_raw_html]JTVCcmV2X3NsaWRlciUyMGFsaWFzJTNEJTIyRC1BS1QtcG9sb3BlbnplJTIyJTVEJTVCJTJGcmV2X3NsaWRlciU1RA==[\/vc_raw_html][\/vc_column][vc_column offset=&#8221;vc_hidden-lg vc_hidden-md&#8221;][vc_single_image image=&#8221;5263&#8243; img_size=&#8221;full&#8221;][\/vc_column][\/vc_row][vc_row full_width=&#8221;stretch_row_content_no_spaces&#8221;][vc_column]<div  class=\"empty-space  marg-lg-b35\"><\/div>[vc_separator color=&#8221;custom&#8221; border_width=&#8221;2&#8243; el_width=&#8221;50&#8243; accent_color=&#8221;#c7b39a&#8221;]<div class=\"text-block \" ><div class=\"simple-text \"><h1 style=\"text-align: center;\">AUFENTHALT MIT HALBPENSION<\/h1>\n<h2 style=\"text-align: center;\">Amenity Hotel &amp; Resort Orlick\u00e9 hory<\/h2>\n<\/div><\/div>[\/vc_column][\/vc_row][vc_row][vc_column offset=&#8221;vc_hidden-sm vc_hidden-xs&#8221;]<div class=\"text-block \" ><div class=\"simple-text \"><p style=\"text-align: center;\"><strong>Buchen Sie Ihren Aufenthalt im Amenity Resort Orlick\u00e9 Hory und lassen Sie alle Ihre Sorgen einfach hinter sich. Eine Halbpension und weitere Dienstleistungen sind im Preis der Unterkunft bereits inbegriffen.<\/strong><\/p>\n<\/div><\/div><div  class=\"empty-space  marg-lg-b25\"><\/div>[\/vc_column][\/vc_row][vc_row][vc_column][vc_separator color=&#8221;custom&#8221; border_width=&#8221;2&#8243; el_width=&#8221;50&#8243; accent_color=&#8221;#c7b39a&#8221;]<div  class=\"empty-space  marg-lg-b10\"><\/div>[vc_single_image image=&#8221;5255&#8243; alignment=&#8221;center&#8221;][\/vc_column][\/vc_row][vc_row full_width=&#8221;stretch_row_content_no_spaces&#8221;][vc_column]<div  class=\"hb-text-block__wrapper style1\"><div class=\"row\"><div class=\"col-md-6\"><div class=\"hb-image__block\"><img decoding=\"async\" src=\"https:\/\/orlickehory.amenity.cz\/wp-content\/uploads\/sites\/8\/2021\/03\/amenity-resort-orlicke-horys_750x625_polopenze_.jpg\" alt=\"\" \/><\/div><\/div><div class=\"col-md-6\"><div class=\"hb-text_block_content\"><div class=\"hb-text-block___inner_wrapper\"><div class=\"featured-rooms-slider__title title-color-black\"><\/div><div class=\"featured-rooms-slider__text content-color-grey\"><strong>Halbpension beinhaltet folgende Mahlzeiten:<\/strong><br \/>\n\u2022 Fr\u00fchst\u00fccksbuffet von 07:30 bis 10:00 Uhr<br \/>\n\u2022 Abendbuffet (ohne Getr\u00e4nke) von 18:00 bis 20:30 Uhr<\/p>\n<p>Falls die Anzahl der untergebrachten G\u00e4ste unter 20 Personen f\u00e4llt, beh\u00e4lt sich Amenity Resort Orlick\u00e9 hory das Recht vor, das Abendessen auf ein Buffet mit Vorspeisen, Suppen und Desserts, einer Salatbar und einem servierten Hauptgericht Ihrer Wahl umzustellen.<\/p>\n<p><strong>Weihnachtsaufenthalte:<\/strong><br \/>\nWenn Ihr Aufenthalt das Datum 24.12. beinhaltet, ist ein 4-G\u00e4nge-Abendessen an Heiligabend f\u00fcr jeden Gast im Preis inbegriffen.<\/p>\n<p><strong>Silvesteraufenthalte:<\/strong><br \/>\nWenn Ihr Aufenthalt das Datum 31.12. beinhaltet, versteht sich der Preis f\u00fcr Unterkunft inklusive Silvester-Bankett, Neujahrsgetr\u00e4nk und Programm in voller L\u00e4nge f\u00fcr jeden Gast im Hotelgeb\u00e4ude.<\/div><\/div><\/div><\/div><\/div><\/div><div  class=\"empty-space  marg-lg-b25\"><\/div><div class=\"text-block \" ><div class=\"simple-text \"><h3 style=\"text-align: center;\">PREIS F\u00dcR PASSANTEN<\/h3>\n<p style=\"text-align: center;\"><strong>Wir denken auch an alle, die f\u00fcr ihren Urlaub im Adlergebirge eine andere Unterkunft gew\u00e4hlt haben.<\/strong><\/p>\n<p style=\"text-align: center;\"><strong>Preis f\u00fcr das Fr\u00fchst\u00fcck:<\/strong><\/p>\n<p style=\"text-align: center;\">250 CZK\/1 Person<\/p>\n<p style=\"text-align: center;\">Kinder bis zu 3,99 Jahren kostenlos<\/p>\n<p style=\"text-align: center;\"><strong>Preis f\u00fcr das Abendessen:<\/strong><\/p>\n<p style=\"text-align: center;\">430 CZK\/1 Person<\/p>\n<p style=\"text-align: center;\">330 CZK\/Kind bis zu 11,99<\/p>\n<p style=\"text-align: center;\">Kinder bis zu 3,99 Jahren kostenlos<\/p>\n<\/div><\/div>[vc_separator color=&#8221;custom&#8221; border_width=&#8221;2&#8243; el_width=&#8221;50&#8243; accent_color=&#8221;#c7b39a&#8221;]<div class=\"text-block \" ><div class=\"simple-text \"><p style=\"text-align: center;\"><strong>Weitere Inklusivleistungen und Steuern:<\/strong><br \/>\n\u2022 WLAN in allen Bereichen verf\u00fcgbar<br \/>\n\u2022 Eintritt zum Pool bis 19:00 Uhr.<br \/>\n\u2022 Kostenlose Parkpl\u00e4tze im Freien<br \/>\n\u2022 Mehrwertsteuer<\/p>\n<p style=\"text-align: center;\"><strong>Steuern nicht inbegriffen:<\/strong><br \/>\nGeb\u00fchr f\u00fcr den Aufenthalt (Erholungsgeb\u00fchr): 30 CZK \/ Person ab 18 Jahren \/ Nacht<\/p>\n<\/div><\/div><div  class=\"empty-space  marg-lg-b25\"><\/div>[vc_separator color=&#8221;custom&#8221; border_width=&#8221;2&#8243; el_width=&#8221;50&#8243; accent_color=&#8221;#c7b39a&#8221;]<div  class=\"empty-space  marg-lg-b25\"><\/div>[vc_raw_html]JTNDZGl2JTIwaWQlM0QlMjJmYi13aWRnZXQtMSUyMiUyMGNsYXNzJTNEJTIyZmItd2lkZ2V0JTIyJTIwZGF0YS1mYkNvbmZpZyUzRCUyMjAlMjIlM0UlM0MlMkZkaXYlM0UlMEElM0NzY3JpcHQlMjBjbGFzcyUzRCUyMmZiLXdpZGdldC1jb25maWclMjIlMjBkYXRhLWZiQ29uZmlnJTNEJTIyMCUyMiUyMHR5cGUlM0QlMjJhcHBsaWNhdGlvbiUyRmpzb24lMjIlM0UlN0IlMjJwYXJhbXMlMjIlM0ElNUIlN0IlMjJjYWxlbmRhciUyMiUzQSU3QiUyMmZpcnN0RGF5T2ZXZWVrJTIyJTNBMSUyQyUyMm5iTW9udGhzMmRpc3BsYXklMjIlM0ElMjIxJTIyJTJDJTIydGl0bGUlMjIlM0ElMjJCVUNIRU4lMjIlMkMlMjJzaG93QmVzdFByaWNlJTIyJTNBZmFsc2UlMkMlMjJzaG93TGFzdFJvb20lMjIlM0FmYWxzZSUyQyUyMnNob3dMYXN0Um9vbVRocmVzaG9sZCUyMiUzQTUlMkMlMjJzaG93Q2hpbGRyZW5BZ2VzJTIyJTNBdHJ1ZSUyQyUyMnRoZW1lRGFyayUyMiUzQWZhbHNlJTJDJTIybGF5b3V0TnVtJTIyJTNBMSUyQyUyMnJvb21SYXRlRmlsdGVyaW5nJTIyJTNBMSUyQyUyMnJhdGVGaWx0ZXIlMjIlM0ElNUIlMjI3Ti1IQiUyMiUyQyUyMjdOMi1IQiUyMiUyQyUyMkVCLUhCJTIyJTJDJTIyTlJFRi1IQiUyMiUyQyUyMlJBQ0stSEIlMjIlMkMlMjJSQUNLMi1IQiUyMiU1RCUyQyUyMnJvb21GaWx0ZXIlMjIlM0ElNUIlNUQlMkMlMjJ1c2VMb3lhbHR5JTIyJTNBZmFsc2UlMkMlMjJsb3lhbHR5JTIyJTNBJTIyJTIyJTJDJTIybG95YWx0eVBhcmFtcyUyMiUzQSU3QiU3RCU3RCUyQyUyMmN1cnJlbmN5JTIyJTNBJTIyQ1pLJTIyJTJDJTIybG9jYWxlJTIyJTNBJTIyZGVfREUlMjIlMkMlMjJwcmljZXNEaXNwbGF5TW9kZSUyMiUzQSUyMm5vcm1hbCUyMiUyQyUyMm9mZmVyQ29tcHV0ZVJ1bGUlMjIlM0ElMjJsb3dlck1pbnN0YXklMjIlMkMlMjJtYXhBZHVsdHMlMjIlM0E1JTJDJTIybWF4Q2hpbGRyZW4lMjIlM0E1JTJDJTIybWFpbkNvbG9yJTIyJTNBJTIyJTIzYjBhMDZjJTIyJTJDJTIydGhlbWVEYXJrJTIyJTNBZmFsc2UlMkMlMjJvcGVuRnJvbnRJbk5ld1RhYiUyMiUzQXRydWUlMkMlMjJwcm9wZXJ0eSUyMiUzQSUyMmN6ZGVzMDAwMDElMjIlMkMlMjJ0aXRsZSUyMiUzQSUyMkFtZW5pdHklMjBIb3RlbCUyMCUyNiUyMFJlc29ydCUyME9ybGlja2UlMjBob3J5JTIyJTJDJTIyY2hpbGRyZW5NYXhBZ2UlMjIlM0ExNyUyQyUyMmdyb3Vwc05hbWVzJTIyJTNBJTIyY3phbWVuaXR5cmVzb3J0cyUyMiUyQyUyMnF1aWNrc2VhcmNoJTIyJTNBJTdCJTIyc2hvd0NoaWxkcmVuQWdlcyUyMiUzQXRydWUlN0QlMkMlMjJmYldpZGdldCUyMiUzQSUyMkNhbGVuZGFyJTIyJTdEJTVEJTJDJTIyY29tbW9uUGFyYW1zJTIyJTNBJTdCJTIycmVkaXJlY3RVcmwlMjIlM0ElMjJodHRwcyUzQSUyRiUyRnJlZGlyZWN0LmZhc3Rib29raW5nLmNvbSUyRkRJUkVDVE9SWSUyRmRpc3BvcHJpY2UucGh0bWwlMjIlMkMlMjJzaG93UHJvcGVydGllc0xpc3QlMjIlM0FmYWxzZSUyQyUyMmRlbW9Nb2RlJTIyJTNBZmFsc2UlMkMlMjJhbGxvd0dyb3VwU2VsZWN0aW9uJTIyJTNBZmFsc2UlMkMlMjJncm91cE5hbWUlMjIlM0ElMjIlMjIlN0QlMkMlMjJfYXV0aENvZGUlMjIlM0ElMjJleUowZVhBaU9pSktWMVFpTENKaGJHY2lPaUpJVXpJMU5pSjkuZXlKelkyOXdaWE1pT2lJdUtpSXNJbkJ5YjNCbGNuUnBaWE1pT2lKamVtUmxjekF3TURBeGZHTjZibTkyTURBd01ERjhZM3BzYVhBd01EQXdNWHhqZW5Od2FUTXhNamMzSWl3aVozSnZkWEJ6SWpvaVhpUWlMQ0ptYjNJaU9pSkNZV05yYjJabWFXTmxJaXdpYVdGMElqb3hOakUxT0RrNE1qRXdMQ0pxYVdRaU9pSTJNRFV3T0dFME1qZzFORGMySW4wLlNjcGtLS216ZWFtN28xT3gwVFFrNlhOcDgzQUIxcHVzUmNCVE9odEFma28lMjIlMkMlMjJwcm9wZXJ0eUluZGV4JTIyJTNBMCUyQyUyMnZlcnNpb24lMjIlM0ElMjIxLjQzLjAlMjIlMkMlMjJiYXNlSG9zdCUyMiUzQSUyMndlYnNkay5mYXN0Ym9va2luZy1zZXJ2aWNlcy5jb20lMjIlN0QlM0MlMkZzY3JpcHQlM0UlMEElM0NsaW5rJTIwcmVsJTNEJTIyc3R5bGVzaGVldCUyMiUyMHByb3BlcnR5JTNEJTIyc3R5bGVzaGVldCUyMiUyMGhyZWYlM0QlMjIlMkYlMkZ3ZWJzZGsuZmFzdGJvb2tpbmctc2VydmljZXMuY29tJTJGd2lkZ2V0cyUyRmFwcC5jc3MlMjIlM0UlMEElM0NzY3JpcHQlMjB0eXBlJTNEJTIydGV4dCUyRmphdmFzY3JpcHQlMjIlMjBzcmMlM0QlMjIlMkYlMkZ3ZWJzZGsuZmFzdGJvb2tpbmctc2VydmljZXMuY29tJTJGd2lkZ2V0cyUyRmFwcC5qcyUyMiUzRSUzQyUyRnNjcmlwdCUzRQ==[\/vc_raw_html][\/vc_column][\/vc_row][vc_column][\/vc_column][vc_column][\/vc_column]<\/p>\n<\/div>","protected":false},"excerpt":{"rendered":"<p>[vc_row full_width=&#8221;stretch_row_content_no_spaces&#8221; content_placement=&#8221;middle&#8221;][vc_column][\/vc_column][\/vc_row][vc_row full_width=&#8221;stretch_row_content_no_spaces&#8221; content_placement=&#8221;middle&#8221; bg_type=&#8221;bg_color&#8221; css=&#8221;.vc_custom_1726656012534{background-color: #7f5b23 !important;}&#8221; bg_color_value=&#8221;#7f5b23&#8243;][vc_column][\/vc_column][\/vc_row][vc_row full_width=&#8221;stretch_row_content_no_spaces&#8221; content_placement=&#8221;middle&#8221;][vc_column][\/vc_column][\/vc_row][vc_row full_width=&#8221;stretch_row_content_no_spaces&#8221; content_placement=&#8221;middle&#8221;][vc_column][\/vc_column][\/vc_row][vc_row full_width=&#8221;stretch_row_content_no_spaces&#8221; content_placement=&#8221;middle&#8221;][vc_column][\/vc_column][\/vc_row][vc_row full_width=&#8221;stretch_row_content_no_spaces&#8221; content_placement=&#8221;middle&#8221; bg_type=&#8221;bg_color&#8221; css=&#8221;.vc_custom_1726656012534{background-color: #7f5b23 !important;}&#8221; bg_color_value=&#8221;#7f5b23&#8243;][vc_column][\/vc_column][\/vc_row][vc_row full_width=&#8221;stretch_row_content_no_spaces&#8221; content_placement=&#8221;middle&#8221;][vc_column][\/vc_column][\/vc_row][vc_row][vc_column][\/vc_column][\/vc_row][vc_row full_width=&#8221;stretch_row_content_no_spaces&#8221;][vc_column offset=&#8221;vc_hidden-sm vc_hidden-xs&#8221;][vc_raw_html]JTVCcmV2X3NsaWRlciUyMGFsaWFzJTNEJTIyRC1BS1QtcG9sb3BlbnplJTIyJTVEJTVCJTJGcmV2X3NsaWRlciU1RA==[\/vc_raw_html][\/vc_column][vc_column offset=&#8221;vc_hidden-lg vc_hidden-md&#8221;][vc_single_image<\/p>\n","protected":false},"author":3,"featured_media":0,"parent":0,"menu_order":0,"comment_status":"closed","ping_status":"closed","template":"","meta":{"footnotes":""},"class_list":["post-5228","page","type-page","status-publish","hentry"],"yoast_head":"<!-- This site is optimized with the Yoast SEO Premium plugin v26.7 (Yoast SEO v26.7) - https:\/\/yoast.com\/wordpress\/plugins\/seo\/ -->\n<title>Aufenthalt mit Halbpension - Amenity Hotel &amp; Resort Orlick\u00e9 hory<\/title>\n<meta name=\"description\" content=\"Buchen Sie Ihren Aufenthalt im Amenity Resort Orlick\u00e9 Hory und lassen Sie alle Ihre Sorgen einfach hinter sich. De\u0161tn\u00e9 v Orlick\u00fdch hor\u00e1ch.\" \/>\n<meta name=\"robots\" content=\"index, follow, max-snippet:-1, max-image-preview:large, max-video-preview:-1\" \/>\n<link rel=\"canonical\" href=\"https:\/\/orlickehory.amenity.cz\/de\/halbpension\/\" \/>\n<meta property=\"og:locale\" content=\"de_DE\" \/>\n<meta property=\"og:type\" content=\"article\" \/>\n<meta property=\"og:title\" content=\"Halbpension\" \/>\n<meta property=\"og:description\" content=\"Buchen Sie Ihren Aufenthalt im Amenity Resort Orlick\u00e9 Hory und lassen Sie alle Ihre Sorgen einfach hinter sich. De\u0161tn\u00e9 v Orlick\u00fdch hor\u00e1ch.\" \/>\n<meta property=\"og:url\" content=\"https:\/\/orlickehory.amenity.cz\/de\/halbpension\/\" \/>\n<meta property=\"og:site_name\" content=\"Amenity Hotel &amp; Resort Orlick\u00e9 hory\" \/>\n<meta property=\"article:publisher\" content=\"https:\/\/www.facebook.com\/amenityresorts\" \/>\n<meta property=\"article:modified_time\" content=\"2025-11-10T11:59:48+00:00\" \/>\n<meta property=\"og:image\" content=\"http:\/\/orlickehory.amenity.cz\/wp-content\/uploads\/sites\/8\/slider10\/_Web-Zima_amenityresorts_2020-2021_1600x630_6.jpeg\" \/>\n<meta name=\"twitter:card\" content=\"summary_large_image\" \/>\n<meta name=\"twitter:label1\" content=\"Gesch\u00e4tzte Lesezeit\" \/>\n\t<meta name=\"twitter:data1\" content=\"2\u00a0Minuten\" \/>\n<script type=\"application\/ld+json\" class=\"yoast-schema-graph\">{\"@context\":\"https:\/\/schema.org\",\"@graph\":[{\"@type\":\"WebPage\",\"@id\":\"https:\/\/orlickehory.amenity.cz\/de\/halbpension\/\",\"url\":\"https:\/\/orlickehory.amenity.cz\/de\/halbpension\/\",\"name\":\"Aufenthalt mit Halbpension - Amenity Hotel & Resort Orlick\u00e9 hory\",\"isPartOf\":{\"@id\":\"https:\/\/orlickehory.amenity.cz\/de\/#website\"},\"datePublished\":\"2021-05-31T10:46:27+00:00\",\"dateModified\":\"2025-11-10T11:59:48+00:00\",\"description\":\"Buchen Sie Ihren Aufenthalt im Amenity Resort Orlick\u00e9 Hory und lassen Sie alle Ihre Sorgen einfach hinter sich. De\u0161tn\u00e9 v Orlick\u00fdch hor\u00e1ch.\",\"breadcrumb\":{\"@id\":\"https:\/\/orlickehory.amenity.cz\/de\/halbpension\/#breadcrumb\"},\"inLanguage\":\"de\",\"potentialAction\":[{\"@type\":\"ReadAction\",\"target\":[\"https:\/\/orlickehory.amenity.cz\/de\/halbpension\/\"]}]},{\"@type\":\"BreadcrumbList\",\"@id\":\"https:\/\/orlickehory.amenity.cz\/de\/halbpension\/#breadcrumb\",\"itemListElement\":[{\"@type\":\"ListItem\",\"position\":1,\"name\":\"Dom\u016f\",\"item\":\"https:\/\/orlickehory.amenity.cz\/de\/\"},{\"@type\":\"ListItem\",\"position\":2,\"name\":\"Halbpension\"}]},{\"@type\":\"WebSite\",\"@id\":\"https:\/\/orlickehory.amenity.cz\/de\/#website\",\"url\":\"https:\/\/orlickehory.amenity.cz\/de\/\",\"name\":\"Amenity Orlick\u00e9 hory\",\"description\":\"\",\"publisher\":{\"@id\":\"https:\/\/orlickehory.amenity.cz\/de\/#organization\"},\"potentialAction\":[{\"@type\":\"SearchAction\",\"target\":{\"@type\":\"EntryPoint\",\"urlTemplate\":\"https:\/\/orlickehory.amenity.cz\/de\/?s={search_term_string}\"},\"query-input\":{\"@type\":\"PropertyValueSpecification\",\"valueRequired\":true,\"valueName\":\"search_term_string\"}}],\"inLanguage\":\"de\"},{\"@type\":\"Organization\",\"@id\":\"https:\/\/orlickehory.amenity.cz\/de\/#organization\",\"name\":\"Amenity Resorts s.r.o.\",\"url\":\"https:\/\/orlickehory.amenity.cz\/de\/\",\"logo\":{\"@type\":\"ImageObject\",\"inLanguage\":\"de\",\"@id\":\"https:\/\/orlickehory.amenity.cz\/de\/#\/schema\/logo\/image\/\",\"url\":\"http:\/\/orlickehory.amenity.cz\/wp-content\/uploads\/sites\/8\/2020\/10\/favicon-amenity-512x512-1.png\",\"contentUrl\":\"http:\/\/orlickehory.amenity.cz\/wp-content\/uploads\/sites\/8\/2020\/10\/favicon-amenity-512x512-1.png\",\"width\":512,\"height\":512,\"caption\":\"Amenity Resorts s.r.o.\"},\"image\":{\"@id\":\"https:\/\/orlickehory.amenity.cz\/de\/#\/schema\/logo\/image\/\"},\"sameAs\":[\"https:\/\/www.facebook.com\/amenityresorts\",\"https:\/\/www.instagram.com\/amenityresorts\/\",\"https:\/\/www.youtube.com\/channel\/UCVY-yFoyFBR8H0hC1euh7Sw\"]}]}<\/script>\n<!-- \/ Yoast SEO Premium plugin. -->","yoast_head_json":{"title":"Aufenthalt mit Halbpension - Amenity Hotel & Resort Orlick\u00e9 hory","description":"Buchen Sie Ihren Aufenthalt im Amenity Resort Orlick\u00e9 Hory und lassen Sie alle Ihre Sorgen einfach hinter sich. De\u0161tn\u00e9 v Orlick\u00fdch hor\u00e1ch.","robots":{"index":"index","follow":"follow","max-snippet":"max-snippet:-1","max-image-preview":"max-image-preview:large","max-video-preview":"max-video-preview:-1"},"canonical":"https:\/\/orlickehory.amenity.cz\/de\/halbpension\/","og_locale":"de_DE","og_type":"article","og_title":"Halbpension","og_description":"Buchen Sie Ihren Aufenthalt im Amenity Resort Orlick\u00e9 Hory und lassen Sie alle Ihre Sorgen einfach hinter sich. De\u0161tn\u00e9 v Orlick\u00fdch hor\u00e1ch.","og_url":"https:\/\/orlickehory.amenity.cz\/de\/halbpension\/","og_site_name":"Amenity Hotel &amp; Resort Orlick\u00e9 hory","article_publisher":"https:\/\/www.facebook.com\/amenityresorts","article_modified_time":"2025-11-10T11:59:48+00:00","og_image":[{"url":"http:\/\/orlickehory.amenity.cz\/wp-content\/uploads\/sites\/8\/slider10\/_Web-Zima_amenityresorts_2020-2021_1600x630_6.jpeg","type":"","width":"","height":""}],"twitter_card":"summary_large_image","twitter_misc":{"Gesch\u00e4tzte Lesezeit":"2\u00a0Minuten"},"schema":{"@context":"https:\/\/schema.org","@graph":[{"@type":"WebPage","@id":"https:\/\/orlickehory.amenity.cz\/de\/halbpension\/","url":"https:\/\/orlickehory.amenity.cz\/de\/halbpension\/","name":"Aufenthalt mit Halbpension - Amenity Hotel & Resort Orlick\u00e9 hory","isPartOf":{"@id":"https:\/\/orlickehory.amenity.cz\/de\/#website"},"datePublished":"2021-05-31T10:46:27+00:00","dateModified":"2025-11-10T11:59:48+00:00","description":"Buchen Sie Ihren Aufenthalt im Amenity Resort Orlick\u00e9 Hory und lassen Sie alle Ihre Sorgen einfach hinter sich. De\u0161tn\u00e9 v Orlick\u00fdch hor\u00e1ch.","breadcrumb":{"@id":"https:\/\/orlickehory.amenity.cz\/de\/halbpension\/#breadcrumb"},"inLanguage":"de","potentialAction":[{"@type":"ReadAction","target":["https:\/\/orlickehory.amenity.cz\/de\/halbpension\/"]}]},{"@type":"BreadcrumbList","@id":"https:\/\/orlickehory.amenity.cz\/de\/halbpension\/#breadcrumb","itemListElement":[{"@type":"ListItem","position":1,"name":"Dom\u016f","item":"https:\/\/orlickehory.amenity.cz\/de\/"},{"@type":"ListItem","position":2,"name":"Halbpension"}]},{"@type":"WebSite","@id":"https:\/\/orlickehory.amenity.cz\/de\/#website","url":"https:\/\/orlickehory.amenity.cz\/de\/","name":"Amenity Orlick\u00e9 hory","description":"","publisher":{"@id":"https:\/\/orlickehory.amenity.cz\/de\/#organization"},"potentialAction":[{"@type":"SearchAction","target":{"@type":"EntryPoint","urlTemplate":"https:\/\/orlickehory.amenity.cz\/de\/?s={search_term_string}"},"query-input":{"@type":"PropertyValueSpecification","valueRequired":true,"valueName":"search_term_string"}}],"inLanguage":"de"},{"@type":"Organization","@id":"https:\/\/orlickehory.amenity.cz\/de\/#organization","name":"Amenity Resorts s.r.o.","url":"https:\/\/orlickehory.amenity.cz\/de\/","logo":{"@type":"ImageObject","inLanguage":"de","@id":"https:\/\/orlickehory.amenity.cz\/de\/#\/schema\/logo\/image\/","url":"http:\/\/orlickehory.amenity.cz\/wp-content\/uploads\/sites\/8\/2020\/10\/favicon-amenity-512x512-1.png","contentUrl":"http:\/\/orlickehory.amenity.cz\/wp-content\/uploads\/sites\/8\/2020\/10\/favicon-amenity-512x512-1.png","width":512,"height":512,"caption":"Amenity Resorts s.r.o."},"image":{"@id":"https:\/\/orlickehory.amenity.cz\/de\/#\/schema\/logo\/image\/"},"sameAs":["https:\/\/www.facebook.com\/amenityresorts","https:\/\/www.instagram.com\/amenityresorts\/","https:\/\/www.youtube.com\/channel\/UCVY-yFoyFBR8H0hC1euh7Sw"]}]}},"_links":{"self":[{"href":"https:\/\/orlickehory.amenity.cz\/de\/wp-json\/wp\/v2\/pages\/5228","targetHints":{"allow":["GET"]}}],"collection":[{"href":"https:\/\/orlickehory.amenity.cz\/de\/wp-json\/wp\/v2\/pages"}],"about":[{"href":"https:\/\/orlickehory.amenity.cz\/de\/wp-json\/wp\/v2\/types\/page"}],"author":[{"embeddable":true,"href":"https:\/\/orlickehory.amenity.cz\/de\/wp-json\/wp\/v2\/users\/3"}],"replies":[{"embeddable":true,"href":"https:\/\/orlickehory.amenity.cz\/de\/wp-json\/wp\/v2\/comments?post=5228"}],"version-history":[{"count":9,"href":"https:\/\/orlickehory.amenity.cz\/de\/wp-json\/wp\/v2\/pages\/5228\/revisions"}],"predecessor-version":[{"id":12089,"href":"https:\/\/orlickehory.amenity.cz\/de\/wp-json\/wp\/v2\/pages\/5228\/revisions\/12089"}],"wp:attachment":[{"href":"https:\/\/orlickehory.amenity.cz\/de\/wp-json\/wp\/v2\/media?parent=5228"}],"curies":[{"name":"wp","href":"https:\/\/api.w.org\/{rel}","templated":true}]}}