{"id":10272,"date":"2024-10-02T11:19:27","date_gmt":"2024-10-02T09:19:27","guid":{"rendered":"https:\/\/orlickehory.amenity.cz\/?page_id=10272"},"modified":"2024-10-02T11:19:28","modified_gmt":"2024-10-02T09:19:28","slug":"cross-country-skiing","status":"publish","type":"page","link":"https:\/\/orlickehory.amenity.cz\/en\/cross-country-skiing\/","title":{"rendered":"Cross-country skiing trails in Eagle Mountains"},"content":{"rendered":"<div class=\"wpb-content-wrapper\"><p>[vc_row full_width=&#8221;stretch_row_content_no_spaces&#8221;][vc_column offset=&#8221;vc_hidden-sm vc_hidden-xs&#8221;][\/vc_column][vc_column offset=&#8221;vc_hidden-lg vc_hidden-md&#8221;][vc_single_image image=&#8221;4624&#8243; img_size=&#8221;full&#8221;][\/vc_column][\/vc_row][vc_row full_width=&#8221;stretch_row_content_no_spaces&#8221;][vc_column]<div  class=\"empty-space  marg-lg-b35\"><\/div><div class=\"text-block \" ><div class=\"simple-text \"><h1 style=\"text-align: center;\">CROSS-COUNTRY SKIING TRAILS &#8211; EAGLE MOUNTAINS<\/h1>\n<h2 style=\"text-align: center;\">Go cross-country skiing in De\u0161tn\u00e9 in the Orlick\u00e9 Mountains<\/h2>\n<\/div><\/div><div class=\"text-block \" ><div class=\"simple-text \"><p style=\"text-align: center;\"><b><strong>Just walk a few steps from our resort, put on your cross-country skis and start exploring the untouched winter landscape.<\/strong><\/b> <b><strong>Enjoy a few days off like in a fairy tale.<\/strong><\/b><\/p>\n<p style=\"text-align: center;\">With Amenity Resorts, you&#8217;re in control of all the cross-country trails. Choose a route in our route planner and you&#8217;ll immediately see the length, difficulty and places to eat or explore historical and natural sights.<\/p>\n<p style=\"text-align: center;\">For up-to-date information on the availability of these routes, visit <a href=\"http:\/\/kamzasnehem.cz\/\">kamzasnehem.cz<\/a> or the De\u0161tn\u00e9 v Orlick\u00fdch hor\u00e1ch Information Centre. You can also get a free map of winter cross-country skiing trails at the information centre in De\u0161tn\u00e9 v Orlick\u00fdch hor\u00e1ch.<\/p>\n<\/div><\/div><div  class=\"empty-space  marg-lg-b25\"><\/div>[vc_separator color=&#8221;custom&#8221; border_width=&#8221;2&#8243; el_width=&#8221;50&#8243; accent_color=&#8221;#c7b39a&#8221;]<div  class=\"empty-space  marg-lg-b10\"><\/div>[\/vc_column][\/vc_row][vc_row full_width=&#8221;stretch_row_content_no_spaces&#8221; content_placement=&#8221;middle&#8221;][vc_column][vc_raw_html]JTNDaWZyYW1lJTIwc3JjJTNEJTIyaHR0cHMlM0ElMkYlMkZ3d3cuZ29vZ2xlLmNvbSUyRm1hcHMlMkZkJTJGdSUyRjAlMkZlbWJlZCUzRm1pZCUzRDE1TjVXdm5wNVJWV2ItRVlsLXVCSHhZTm5OcjhHZy1RRyUyMiUyMHdpZHRoJTNEJTIyMTkyMCUyMiUyMGhlaWdodCUzRCUyMjYwMCUyMiUzRSUzQyUyRmlmcmFtZSUzRQ==[\/vc_raw_html]<div  class=\"empty-space  marg-lg-b35\"><\/div>[vc_separator color=&#8221;custom&#8221; border_width=&#8221;2&#8243; el_width=&#8221;50&#8243; accent_color=&#8221;#c7b39a&#8221;][\/vc_column][\/vc_row][vc_column][\/vc_column][vc_column][\/vc_column]<\/p>\n<\/div>","protected":false},"excerpt":{"rendered":"<p>[vc_row full_width=&#8221;stretch_row_content_no_spaces&#8221;][vc_column offset=&#8221;vc_hidden-sm vc_hidden-xs&#8221;][\/vc_column][vc_column offset=&#8221;vc_hidden-lg vc_hidden-md&#8221;][vc_single_image image=&#8221;4624&#8243; img_size=&#8221;full&#8221;][\/vc_column][\/vc_row][vc_row full_width=&#8221;stretch_row_content_no_spaces&#8221;][vc_column][vc_separator color=&#8221;custom&#8221; border_width=&#8221;2&#8243; el_width=&#8221;50&#8243; accent_color=&#8221;#c7b39a&#8221;][\/vc_column][\/vc_row][vc_row full_width=&#8221;stretch_row_content_no_spaces&#8221; content_placement=&#8221;middle&#8221;][vc_column][vc_raw_html]JTNDaWZyYW1lJTIwc3JjJTNEJTIyaHR0cHMlM0ElMkYlMkZ3d3cuZ29vZ2xlLmNvbSUyRm1hcHMlMkZkJTJGdSUyRjAlMkZlbWJlZCUzRm1pZCUzRDE1TjVXdm5wNVJWV2ItRVlsLXVCSHhZTm5OcjhHZy1RRyUyMiUyMHdpZHRoJTNEJTIyMTkyMCUyMiUyMGhlaWdodCUzRCUyMjYwMCUyMiUzRSUzQyUyRmlmcmFtZSUzRQ==[\/vc_raw_html][vc_separator color=&#8221;custom&#8221; border_width=&#8221;2&#8243; el_width=&#8221;50&#8243; accent_color=&#8221;#c7b39a&#8221;][\/vc_column][\/vc_row][vc_column][\/vc_column][vc_column][\/vc_column]<\/p>\n","protected":false},"author":3,"featured_media":0,"parent":0,"menu_order":0,"comment_status":"closed","ping_status":"closed","template":"","meta":{"footnotes":""},"class_list":["post-10272","page","type-page","status-publish","hentry"],"yoast_head":"<!-- This site is optimized with the Yoast SEO Premium plugin v27.3 (Yoast SEO v27.3) - https:\/\/yoast.com\/product\/yoast-seo-premium-wordpress\/ -->\n<title>Cross-country skiing trails in Eagle Mountains - Amenity Hotel &amp; Resort Orlick\u00e9 hory<\/title>\n<meta name=\"description\" content=\"Just walk a few steps from our resort, put on your cross-country skis and start exploring the untouched winter landscape. Enjoy a few days off like in a fairy tale.\" \/>\n<meta name=\"robots\" content=\"index, follow, max-snippet:-1, max-image-preview:large, max-video-preview:-1\" \/>\n<link rel=\"canonical\" href=\"https:\/\/orlickehory.amenity.cz\/en\/cross-country-skiing\/\" \/>\n<meta property=\"og:locale\" content=\"en_US\" \/>\n<meta property=\"og:type\" content=\"article\" \/>\n<meta property=\"og:title\" content=\"Cross-country skiing trails in Eagle Mountains\" \/>\n<meta property=\"og:description\" content=\"Just walk a few steps from our resort, put on your cross-country skis and start exploring the untouched winter landscape. Enjoy a few days off like in a fairy tale.\" \/>\n<meta property=\"og:url\" content=\"https:\/\/orlickehory.amenity.cz\/en\/cross-country-skiing\/\" \/>\n<meta property=\"og:site_name\" content=\"Amenity Hotel &amp; Resort Orlick\u00e9 hory\" \/>\n<meta property=\"article:publisher\" content=\"https:\/\/www.facebook.com\/amenityresorts\" \/>\n<meta property=\"article:modified_time\" content=\"2024-10-02T09:19:28+00:00\" \/>\n<meta name=\"twitter:card\" content=\"summary_large_image\" \/>\n<meta name=\"twitter:label1\" content=\"Est. reading time\" \/>\n\t<meta name=\"twitter:data1\" content=\"1 minute\" \/>\n<script type=\"application\/ld+json\" class=\"yoast-schema-graph\">{\"@context\":\"https:\\\/\\\/schema.org\",\"@graph\":[{\"@type\":\"WebPage\",\"@id\":\"https:\\\/\\\/orlickehory.amenity.cz\\\/en\\\/cross-country-skiing\\\/\",\"url\":\"https:\\\/\\\/orlickehory.amenity.cz\\\/en\\\/cross-country-skiing\\\/\",\"name\":\"Cross-country skiing trails in Eagle Mountains - Amenity Hotel &amp; Resort Orlick\u00e9 hory\",\"isPartOf\":{\"@id\":\"https:\\\/\\\/orlickehory.amenity.cz\\\/en\\\/#website\"},\"datePublished\":\"2024-10-02T09:19:27+00:00\",\"dateModified\":\"2024-10-02T09:19:28+00:00\",\"description\":\"Just walk a few steps from our resort, put on your cross-country skis and start exploring the untouched winter landscape. Enjoy a few days off like in a fairy tale.\",\"breadcrumb\":{\"@id\":\"https:\\\/\\\/orlickehory.amenity.cz\\\/en\\\/cross-country-skiing\\\/#breadcrumb\"},\"inLanguage\":\"en-US\",\"potentialAction\":[{\"@type\":\"ReadAction\",\"target\":[\"https:\\\/\\\/orlickehory.amenity.cz\\\/en\\\/cross-country-skiing\\\/\"]}]},{\"@type\":\"BreadcrumbList\",\"@id\":\"https:\\\/\\\/orlickehory.amenity.cz\\\/en\\\/cross-country-skiing\\\/#breadcrumb\",\"itemListElement\":[{\"@type\":\"ListItem\",\"position\":1,\"name\":\"Dom\u016f\",\"item\":\"https:\\\/\\\/orlickehory.amenity.cz\\\/en\\\/\"},{\"@type\":\"ListItem\",\"position\":2,\"name\":\"Cross-country skiing trails in Eagle Mountains\"}]},{\"@type\":\"WebSite\",\"@id\":\"https:\\\/\\\/orlickehory.amenity.cz\\\/en\\\/#website\",\"url\":\"https:\\\/\\\/orlickehory.amenity.cz\\\/en\\\/\",\"name\":\"Amenity Orlick\u00e9 hory\",\"description\":\"\",\"publisher\":{\"@id\":\"https:\\\/\\\/orlickehory.amenity.cz\\\/en\\\/#organization\"},\"potentialAction\":[{\"@type\":\"SearchAction\",\"target\":{\"@type\":\"EntryPoint\",\"urlTemplate\":\"https:\\\/\\\/orlickehory.amenity.cz\\\/en\\\/?s={search_term_string}\"},\"query-input\":{\"@type\":\"PropertyValueSpecification\",\"valueRequired\":true,\"valueName\":\"search_term_string\"}}],\"inLanguage\":\"en-US\"},{\"@type\":\"Organization\",\"@id\":\"https:\\\/\\\/orlickehory.amenity.cz\\\/en\\\/#organization\",\"name\":\"Amenity Resorts s.r.o.\",\"url\":\"https:\\\/\\\/orlickehory.amenity.cz\\\/en\\\/\",\"logo\":{\"@type\":\"ImageObject\",\"inLanguage\":\"en-US\",\"@id\":\"https:\\\/\\\/orlickehory.amenity.cz\\\/en\\\/#\\\/schema\\\/logo\\\/image\\\/\",\"url\":\"http:\\\/\\\/orlickehory.amenity.cz\\\/wp-content\\\/uploads\\\/sites\\\/8\\\/2020\\\/10\\\/favicon-amenity-512x512-1.png\",\"contentUrl\":\"http:\\\/\\\/orlickehory.amenity.cz\\\/wp-content\\\/uploads\\\/sites\\\/8\\\/2020\\\/10\\\/favicon-amenity-512x512-1.png\",\"width\":512,\"height\":512,\"caption\":\"Amenity Resorts s.r.o.\"},\"image\":{\"@id\":\"https:\\\/\\\/orlickehory.amenity.cz\\\/en\\\/#\\\/schema\\\/logo\\\/image\\\/\"},\"sameAs\":[\"https:\\\/\\\/www.facebook.com\\\/amenityresorts\",\"https:\\\/\\\/www.instagram.com\\\/amenityresorts\\\/\",\"https:\\\/\\\/www.youtube.com\\\/channel\\\/UCVY-yFoyFBR8H0hC1euh7Sw\"]}]}<\/script>\n<!-- \/ Yoast SEO Premium plugin. -->","yoast_head_json":{"title":"Cross-country skiing trails in Eagle Mountains - Amenity Hotel &amp; Resort Orlick\u00e9 hory","description":"Just walk a few steps from our resort, put on your cross-country skis and start exploring the untouched winter landscape. Enjoy a few days off like in a fairy tale.","robots":{"index":"index","follow":"follow","max-snippet":"max-snippet:-1","max-image-preview":"max-image-preview:large","max-video-preview":"max-video-preview:-1"},"canonical":"https:\/\/orlickehory.amenity.cz\/en\/cross-country-skiing\/","og_locale":"en_US","og_type":"article","og_title":"Cross-country skiing trails in Eagle Mountains","og_description":"Just walk a few steps from our resort, put on your cross-country skis and start exploring the untouched winter landscape. Enjoy a few days off like in a fairy tale.","og_url":"https:\/\/orlickehory.amenity.cz\/en\/cross-country-skiing\/","og_site_name":"Amenity Hotel &amp; Resort Orlick\u00e9 hory","article_publisher":"https:\/\/www.facebook.com\/amenityresorts","article_modified_time":"2024-10-02T09:19:28+00:00","twitter_card":"summary_large_image","twitter_misc":{"Est. reading time":"1 minute"},"schema":{"@context":"https:\/\/schema.org","@graph":[{"@type":"WebPage","@id":"https:\/\/orlickehory.amenity.cz\/en\/cross-country-skiing\/","url":"https:\/\/orlickehory.amenity.cz\/en\/cross-country-skiing\/","name":"Cross-country skiing trails in Eagle Mountains - Amenity Hotel &amp; Resort Orlick\u00e9 hory","isPartOf":{"@id":"https:\/\/orlickehory.amenity.cz\/en\/#website"},"datePublished":"2024-10-02T09:19:27+00:00","dateModified":"2024-10-02T09:19:28+00:00","description":"Just walk a few steps from our resort, put on your cross-country skis and start exploring the untouched winter landscape. Enjoy a few days off like in a fairy tale.","breadcrumb":{"@id":"https:\/\/orlickehory.amenity.cz\/en\/cross-country-skiing\/#breadcrumb"},"inLanguage":"en-US","potentialAction":[{"@type":"ReadAction","target":["https:\/\/orlickehory.amenity.cz\/en\/cross-country-skiing\/"]}]},{"@type":"BreadcrumbList","@id":"https:\/\/orlickehory.amenity.cz\/en\/cross-country-skiing\/#breadcrumb","itemListElement":[{"@type":"ListItem","position":1,"name":"Dom\u016f","item":"https:\/\/orlickehory.amenity.cz\/en\/"},{"@type":"ListItem","position":2,"name":"Cross-country skiing trails in Eagle Mountains"}]},{"@type":"WebSite","@id":"https:\/\/orlickehory.amenity.cz\/en\/#website","url":"https:\/\/orlickehory.amenity.cz\/en\/","name":"Amenity Orlick\u00e9 hory","description":"","publisher":{"@id":"https:\/\/orlickehory.amenity.cz\/en\/#organization"},"potentialAction":[{"@type":"SearchAction","target":{"@type":"EntryPoint","urlTemplate":"https:\/\/orlickehory.amenity.cz\/en\/?s={search_term_string}"},"query-input":{"@type":"PropertyValueSpecification","valueRequired":true,"valueName":"search_term_string"}}],"inLanguage":"en-US"},{"@type":"Organization","@id":"https:\/\/orlickehory.amenity.cz\/en\/#organization","name":"Amenity Resorts s.r.o.","url":"https:\/\/orlickehory.amenity.cz\/en\/","logo":{"@type":"ImageObject","inLanguage":"en-US","@id":"https:\/\/orlickehory.amenity.cz\/en\/#\/schema\/logo\/image\/","url":"http:\/\/orlickehory.amenity.cz\/wp-content\/uploads\/sites\/8\/2020\/10\/favicon-amenity-512x512-1.png","contentUrl":"http:\/\/orlickehory.amenity.cz\/wp-content\/uploads\/sites\/8\/2020\/10\/favicon-amenity-512x512-1.png","width":512,"height":512,"caption":"Amenity Resorts s.r.o."},"image":{"@id":"https:\/\/orlickehory.amenity.cz\/en\/#\/schema\/logo\/image\/"},"sameAs":["https:\/\/www.facebook.com\/amenityresorts","https:\/\/www.instagram.com\/amenityresorts\/","https:\/\/www.youtube.com\/channel\/UCVY-yFoyFBR8H0hC1euh7Sw"]}]}},"_links":{"self":[{"href":"https:\/\/orlickehory.amenity.cz\/en\/wp-json\/wp\/v2\/pages\/10272","targetHints":{"allow":["GET"]}}],"collection":[{"href":"https:\/\/orlickehory.amenity.cz\/en\/wp-json\/wp\/v2\/pages"}],"about":[{"href":"https:\/\/orlickehory.amenity.cz\/en\/wp-json\/wp\/v2\/types\/page"}],"author":[{"embeddable":true,"href":"https:\/\/orlickehory.amenity.cz\/en\/wp-json\/wp\/v2\/users\/3"}],"replies":[{"embeddable":true,"href":"https:\/\/orlickehory.amenity.cz\/en\/wp-json\/wp\/v2\/comments?post=10272"}],"version-history":[{"count":2,"href":"https:\/\/orlickehory.amenity.cz\/en\/wp-json\/wp\/v2\/pages\/10272\/revisions"}],"predecessor-version":[{"id":10275,"href":"https:\/\/orlickehory.amenity.cz\/en\/wp-json\/wp\/v2\/pages\/10272\/revisions\/10275"}],"wp:attachment":[{"href":"https:\/\/orlickehory.amenity.cz\/en\/wp-json\/wp\/v2\/media?parent=10272"}],"curies":[{"name":"wp","href":"https:\/\/api.w.org\/{rel}","templated":true}]}}