{"id":10650,"date":"2025-06-19T12:28:59","date_gmt":"2025-06-19T10:28:59","guid":{"rendered":"https:\/\/orlickehory.amenity.cz\/?page_id=10650"},"modified":"2025-06-19T15:30:26","modified_gmt":"2025-06-19T13:30:26","slug":"summer-programme-2025-orlicke-hory","status":"publish","type":"page","link":"https:\/\/orlickehory.amenity.cz\/en\/summer-programme-2025-orlicke-hory\/","title":{"rendered":"Summer programme 2025 Orlicke hory"},"content":{"rendered":"<div class=\"wpb-content-wrapper\"><p>[vc_row full_width=&#8221;stretch_row_content_no_spaces&#8221; content_placement=&#8221;middle&#8221;][vc_column]<div  class=\"empty-space  marg-lg-b20\"><\/div>[\/vc_column][\/vc_row][vc_row full_width=&#8221;stretch_row_content_no_spaces&#8221; content_placement=&#8221;middle&#8221; bg_type=&#8221;bg_color&#8221; css=&#8221;.vc_custom_1726656012534{background-color: #7f5b23 !important;}&#8221; bg_color_value=&#8221;#7f5b23&#8243;][vc_column]<div  class=\"empty-space  marg-lg-b5\"><\/div>[\/vc_column][\/vc_row][vc_row full_width=&#8221;stretch_row_content_no_spaces&#8221; content_placement=&#8221;middle&#8221;][vc_column]<div  class=\"empty-space  marg-lg-b20\"><\/div>[\/vc_column][\/vc_row][vc_row full_width=&#8221;stretch_row_content_no_spaces&#8221; content_placement=&#8221;middle&#8221;][vc_column]<div class=\" ubtn-ctn-center \"><a class=\"ubtn-link ult-adjust-bottom-margin ubtn-center ubtn-large \" href=\"https:\/\/www.secure-hotel-booking.com\/Amenity-Hotel-Resort-Orlicke-hory\/J7PP\/en-US?hotelId=24769\" title=\"Rezerva\u010dn\u00ed syst\u00e9m\" target=\"_blank\" rel=\"noopener\" ><button type=\"button\" id=\"ubtn-9206\"  class=\"ubtn ult-adjust-bottom-margin ult-responsive ubtn-large ubtn-fade-bg  ulta-grow  ubtn-sep-icon ubtn-sep-icon-top-push  ubtn-center   tooltip-69d235071dcd7 ubtn-tooltip bottom\" data-toggle=\"tooltip\" data-placement=\"bottom\" title=\"Pricces and availability\" data-hover=\"#ffffff\" data-border-color=\"\" data-bg=\"#7f5b23\" data-hover-bg=\"#293635\" data-border-hover=\"\" data-shadow-hover=\"\" data-shadow-click=\"none\" data-shadow=\"\" data-shd-shadow=\"\"  data-ultimate-target='#ubtn-9206'  data-responsive-json-new='{\"font-size\":\"\",\"line-height\":\"\"}'  style=\"font-weight:normal;border:none;background: #7f5b23;color: #ffffff;\"><span class=\"ubtn-data ubtn-icon\"><i class=\"Defaults-calendar\" style=\"font-size:32px;color:#ffffff;\"><\/i><\/span><span class=\"ubtn-hover\" style=\"background-color:#293635\"><\/span><span class=\"ubtn-data ubtn-text \" >BOOK<\/span><\/button><\/a><\/div>[\/vc_column][\/vc_row][vc_row full_width=&#8221;stretch_row_content_no_spaces&#8221; content_placement=&#8221;middle&#8221;][vc_column]<div  class=\"empty-space  marg-lg-b10\"><\/div>[\/vc_column][\/vc_row][vc_row full_width=&#8221;stretch_row_content_no_spaces&#8221; content_placement=&#8221;middle&#8221; bg_type=&#8221;bg_color&#8221; css=&#8221;.vc_custom_1726656012534{background-color: #7f5b23 !important;}&#8221; bg_color_value=&#8221;#7f5b23&#8243;][vc_column]<div  class=\"empty-space  marg-lg-b5\"><\/div>[\/vc_column][\/vc_row][vc_row full_width=&#8221;stretch_row_content_no_spaces&#8221; content_placement=&#8221;middle&#8221;][vc_column]<div  class=\"empty-space  marg-lg-b20\"><\/div>[\/vc_column][\/vc_row][vc_row gap=&#8221;25&#8243; content_placement=&#8221;top&#8221;][vc_column]<div  class=\"empty-space  marg-lg-b35\"><\/div>[vc_separator color=&#8221;custom&#8221; border_width=&#8221;2&#8243; el_width=&#8221;50&#8243; accent_color=&#8221;#c7b39a&#8221;]<div class=\"text-block \" ><div class=\"simple-text \"><p style=\"text-align: center;\"><strong>Amenity Hotel &amp; Resort Orlick\u00e9 hory \u2013 Orlick\u00e9 Summer<\/strong><\/p>\n<h1 style=\"text-align: center;\">Summer 2025 programme<\/h1>\n<p style=\"text-align: center;\"><strong>Come and experience an unforgettable summer with a rich programme in the picturesque surroundings of the Orlick\u00e9 Mountains!<\/strong><\/p>\n<\/div><\/div><div  class=\"empty-space  marg-lg-b25\"><\/div>[vc_separator color=&#8221;custom&#8221; border_width=&#8221;2&#8243; el_width=&#8221;50&#8243; accent_color=&#8221;#c7b39a&#8221;][\/vc_column][\/vc_row][vc_row][vc_column width=&#8221;1\/2&#8243;]<div  class=\"empty-space  marg-lg-b35\"><\/div><div class=\"text-block \" ><div class=\"simple-text \"><p><strong>Programme from 30 June to 31 August 2025<\/strong><\/p>\n<p>Monday<\/p>\n<p><strong>BALL GAMES AND BOWLING<\/strong><\/p>\n<p>Tuesday<\/p>\n<p><strong>ART WORKSHOPS<\/strong><\/p>\n<p><strong>ROASTING SAUSAGES<\/strong><\/p>\n<p>Wednesday<\/p>\n<p><strong>WALK WITH GAMES IN NATURE<\/strong><\/p>\n<p>Thursday<\/p>\n<p><strong>EXERCISE AND WATER GAMES<\/strong><\/p>\n<p><strong>YOGA FOR ADULTS AND SAUNA RITUALS<\/strong><\/p>\n<p>Friday<\/p>\n<p><strong>DARTS AND EVENING CINEMA FOR CHILDREN<\/strong><\/p>\n<p>Saturday<\/p>\n<p><strong>BOARD GAMES AND EVENING COURAGE TRAIL<\/strong><\/p>\n<p><strong>BARBECUE AND EVENING CINEMA FOR ADULTS<\/strong><\/p>\n<p>Sunday<\/p>\n<p><strong>ART WORKSHOPS AND BALL GAMES<\/strong><\/p>\n<\/div><\/div>[\/vc_column][vc_column width=&#8221;1\/2&#8243;][vc_single_image image=&#8221;10078&#8243; img_size=&#8221;1024&#215;1024&#8243; alignment=&#8221;center&#8221; css=&#8221;&#8221;][\/vc_column][\/vc_row][vc_row][vc_column]<div class=\"text-block \" ><div class=\"simple-text \"><\/div><\/div>[\/vc_column][\/vc_row][vc_row gap=&#8221;25&#8243; content_placement=&#8221;middle&#8221;][vc_column]<div  class=\"empty-space  marg-lg-b25\"><\/div><div class=\"text-block \" ><div class=\"simple-text \"><p style=\"text-align: center;\"><strong>Amenity Hotel &amp; Resort Orlick\u00e9 hory<\/strong><\/p>\n<h1 style=\"text-align: center;\">Resort Services<\/h1>\n<p style=\"text-align: center;\">Restaurant | Wellness | Pool | Bowling | Sport activities<\/p>\n<p style=\"text-align: center;\"><strong>You can find the prices of the activities in the individual links<\/strong><\/p>\n<\/div><\/div><div  class=\"empty-space  marg-lg-b25\"><\/div>[\/vc_column][\/vc_row][vc_row full_width=&#8221;stretch_row_content_no_spaces&#8221; gap=&#8221;20&#8243;][vc_column width=&#8221;1\/4&#8243;]<div  class=\"empty-space  marg-lg-b25\"><\/div>\n<div tabindex=\"0\" id=\"interactive-banner-1-wrap-5912\" class=\"ult-banner-block ult-adjust-bottom-margin ult-bb-more  banner-style01 \"   style=\"\">\n\t<img decoding=\"async\" src=\"https:\/\/orlickehory.amenity.cz\/wp-content\/uploads\/sites\/8\/2021\/07\/amenity-hotel-resort-orlicke-hory_533x300_2.jpg\" alt=\"null\">\n\t<h4  data-ultimate-target='#interactive-banner-1-wrap-5912 .bb-top-title '  data-responsive-json-new='{\"font-size\":\"\",\"line-height\":\"\"}'  class=\"title-center bb-top-title ult-responsive\" style=\"font-weight:normal;background:#606a59;color:#ffffff;\">Restaurant<\/h4>\n\t<div class=\"mask opaque-background\" style=\"background:rgba(36,36,36,0.61);\">\n\t\t<div  data-ultimate-target='#interactive-banner-1-wrap-5912 .bb-description'  data-responsive-json-new='{\"font-size\":\"\",\"line-height\":\"\"}'  class=\"bb-description ult-responsive\" style=\"font-weight:normal;color:#ffffff;\">Our restaurant with its winter terrace, stunning views over the surrounding hills and excellent food made from the freshest ingredients will conjure up a smile on anyone\u2019s face.<\/div>\n\t\t<a class=\"bb-link\" href=\"http:\/\/orlickehory.amenity.cz\/en\/restaurant\/\" title=\"RESTAURANT\"  style=\"background:#7f5b23;color:#ffffff;\">FIND MORE<\/a>\n\t<\/div>\n<\/div>[\/vc_column][vc_column width=&#8221;1\/4&#8243;]<div  class=\"empty-space  marg-lg-b25\"><\/div>\n<div tabindex=\"0\" id=\"interactive-banner-1-wrap-8342\" class=\"ult-banner-block ult-adjust-bottom-margin ult-bb-more  banner-style01 \"   style=\"\">\n\t<img decoding=\"async\" src=\"https:\/\/orlickehory.amenity.cz\/wp-content\/uploads\/sites\/8\/2021\/07\/amenity-hotel-resort-orlicke-hory_533x300_3.jpg\" alt=\"null\">\n\t<h4  data-ultimate-target='#interactive-banner-1-wrap-8342 .bb-top-title '  data-responsive-json-new='{\"font-size\":\"\",\"line-height\":\"\"}'  class=\"title-center bb-top-title ult-responsive\" style=\"font-weight:normal;background:#48492c;color:#ffffff;\">Wellness<\/h4>\n\t<div class=\"mask opaque-background\" style=\"background:rgba(36,36,36,0.61);\">\n\t\t<div  data-ultimate-target='#interactive-banner-1-wrap-8342 .bb-description'  data-responsive-json-new='{\"font-size\":\"\",\"line-height\":\"\"}'  class=\"bb-description ult-responsive\" style=\"font-weight:normal;color:#ffffff;\">Regenerate in our hotel wellness centre in the Eagle Mountains. There is a counter-current pool with massage jets, whirlpool, Finnish sauna, herb and steam sauna, Kneipp path, outdoor cooling pool, lounge chairs in the relaxation room and by the pool and a choice of relaxing massages.<\/div>\n\t\t<a class=\"bb-link\" href=\"http:\/\/orlickehory.amenity.cz\/en\/wellness-orlicke-hory\/\" title=\"Wellness\"  style=\"background:#7f5b23;color:#ffffff;\">DETAIL<\/a>\n\t<\/div>\n<\/div>[\/vc_column][vc_column width=&#8221;1\/4&#8243;]<div  class=\"empty-space  marg-lg-b25\"><\/div>\n<div tabindex=\"0\" id=\"interactive-banner-1-wrap-7861\" class=\"ult-banner-block ult-adjust-bottom-margin ult-bb-more  banner-style01 \"   style=\"\">\n\t<img decoding=\"async\" src=\"https:\/\/orlickehory.amenity.cz\/wp-content\/uploads\/sites\/8\/2023\/10\/bazen-amenity-orlicke-hory_533x300.jpg\" alt=\"bazen amenity orlicke hory\">\n\t<h4  data-ultimate-target='#interactive-banner-1-wrap-7861 .bb-top-title '  data-responsive-json-new='{\"font-size\":\"\",\"line-height\":\"\"}'  class=\"title-center bb-top-title ult-responsive\" style=\"font-weight:normal;background:#48492c;color:#ffffff;\">Pool<\/h4>\n\t<div class=\"mask opaque-background\" style=\"background:rgba(36,36,36,0.61);\">\n\t\t<div  data-ultimate-target='#interactive-banner-1-wrap-7861 .bb-description'  data-responsive-json-new='{\"font-size\":\"\",\"line-height\":\"\"}'  class=\"bb-description ult-responsive\" style=\"font-weight:normal;color:#ffffff;\">The glass-enclosed, heated, indoor pool with water attractions, counter current and massage jets offers a panoramic view of the Eagle Mountains and the sky.<\/div>\n\t\t<a class=\"bb-link\" href=\"http:\/\/orlickehory.amenity.cz\/en\/wellness-orlicke-hory\/\" title=\"Wellness\"  style=\"background:#7f5b23;color:#ffffff;\">DETAIL<\/a>\n\t<\/div>\n<\/div>[\/vc_column][vc_column width=&#8221;1\/4&#8243;]<div  class=\"empty-space  marg-lg-b25\"><\/div>\n<div tabindex=\"0\" id=\"interactive-banner-1-wrap-9752\" class=\"ult-banner-block ult-adjust-bottom-margin ult-bb-more  banner-style01 \"   style=\"\">\n\t<img decoding=\"async\" src=\"https:\/\/orlickehory.amenity.cz\/wp-content\/uploads\/sites\/8\/2022\/04\/533x300_bow.jpg\" alt=\"null\">\n\t<h4  data-ultimate-target='#interactive-banner-1-wrap-9752 .bb-top-title '  data-responsive-json-new='{\"font-size\":\"\",\"line-height\":\"\"}'  class=\"title-center bb-top-title ult-responsive\" style=\"font-weight:normal;background:#48492c;color:#ffffff;\">Bowling &amp; Bar<\/h4>\n\t<div class=\"mask opaque-background\" style=\"background:rgba(36,36,36,0.61);\">\n\t\t<div  data-ultimate-target='#interactive-banner-1-wrap-9752 .bb-description'  data-responsive-json-new='{\"font-size\":\"\",\"line-height\":\"\"}'  class=\"bb-description ult-responsive\" style=\"font-weight:normal;color:#ffffff;\">Organize a family tournament or just come and play with friends. There are two bowling lanes, and each can be adjusted for small children. We recommend making reservations in advance.<\/div>\n\t\t<a class=\"bb-link\" href=\"http:\/\/orlickehory.amenity.cz\/en\/bowling-bar\/\" title=\"Bowling\"  style=\"background:#7f5b23;color:#ffffff;\">DETAIL<\/a>\n\t<\/div>\n<\/div>[\/vc_column][\/vc_row][vc_row full_width=&#8221;stretch_row_content_no_spaces&#8221; gap=&#8221;20&#8243;][vc_column width=&#8221;1\/4&#8243;]<div class=\"text-block \" ><div class=\"simple-text \"><h3 style=\"text-align: center;\">Family holiday<\/h3>\n<\/div><\/div><div  class=\"empty-space  marg-lg-b25\"><\/div>[vc_video link=&#8221;https:\/\/youtu.be\/bfkfW-_wrsw&#8221; align=&#8221;center&#8221;][\/vc_column][vc_column width=&#8221;1\/4&#8243;]<div class=\"text-block \" ><div class=\"simple-text \"><h3 style=\"text-align: center;\">Romantic holiday<\/h3>\n<\/div><\/div><div  class=\"empty-space  marg-lg-b25\"><\/div>[vc_video link=&#8221;https:\/\/youtu.be\/KKJPcMNRCT8&#8243; align=&#8221;center&#8221;][\/vc_column][vc_column width=&#8221;1\/4&#8243;]<div class=\"text-block \" ><div class=\"simple-text \"><h3 style=\"text-align: center;\">Gastronomy<\/h3>\n<\/div><\/div><div  class=\"empty-space  marg-lg-b25\"><\/div>[vc_video link=&#8221;https:\/\/youtu.be\/fEljo_XPq4o&#8221; align=&#8221;center&#8221;][\/vc_column][vc_column width=&#8221;1\/4&#8243;]<div class=\"text-block \" ><div class=\"simple-text \"><h3 style=\"text-align: center;\">Wellness<\/h3>\n<\/div><\/div><div  class=\"empty-space  marg-lg-b25\"><\/div>[vc_video link=&#8221;https:\/\/youtu.be\/25rJj_oqB2k&#8221; align=&#8221;center&#8221;][\/vc_column][\/vc_row]<\/p>\n<\/div>","protected":false},"excerpt":{"rendered":"<p>[vc_row full_width=&#8221;stretch_row_content_no_spaces&#8221; content_placement=&#8221;middle&#8221;][vc_column][\/vc_column][\/vc_row][vc_row full_width=&#8221;stretch_row_content_no_spaces&#8221; content_placement=&#8221;middle&#8221; bg_type=&#8221;bg_color&#8221; css=&#8221;.vc_custom_1726656012534{background-color: #7f5b23 !important;}&#8221; bg_color_value=&#8221;#7f5b23&#8243;][vc_column][\/vc_column][\/vc_row][vc_row full_width=&#8221;stretch_row_content_no_spaces&#8221; content_placement=&#8221;middle&#8221;][vc_column][\/vc_column][\/vc_row][vc_row full_width=&#8221;stretch_row_content_no_spaces&#8221; content_placement=&#8221;middle&#8221;][vc_column][\/vc_column][\/vc_row][vc_row full_width=&#8221;stretch_row_content_no_spaces&#8221; content_placement=&#8221;middle&#8221;][vc_column][\/vc_column][\/vc_row][vc_row full_width=&#8221;stretch_row_content_no_spaces&#8221; content_placement=&#8221;middle&#8221; bg_type=&#8221;bg_color&#8221; css=&#8221;.vc_custom_1726656012534{background-color: #7f5b23 !important;}&#8221; bg_color_value=&#8221;#7f5b23&#8243;][vc_column][\/vc_column][\/vc_row][vc_row full_width=&#8221;stretch_row_content_no_spaces&#8221; content_placement=&#8221;middle&#8221;][vc_column][\/vc_column][\/vc_row][vc_row gap=&#8221;25&#8243; content_placement=&#8221;top&#8221;][vc_column][vc_separator color=&#8221;custom&#8221; border_width=&#8221;2&#8243; el_width=&#8221;50&#8243;<\/p>\n","protected":false},"author":3,"featured_media":0,"parent":0,"menu_order":0,"comment_status":"closed","ping_status":"closed","template":"","meta":{"footnotes":""},"class_list":["post-10650","page","type-page","status-publish","hentry"],"yoast_head":"<!-- This site is optimized with the Yoast SEO Premium plugin v26.7 (Yoast SEO v26.7) - https:\/\/yoast.com\/wordpress\/plugins\/seo\/ -->\n<title>Summer programme 2025 Orlicke hory - Amenity Hotel &amp; Resort Orlick\u00e9 hory<\/title>\n<meta name=\"description\" content=\"Come and experience an unforgettable summer with a rich programme in the picturesque surroundings of the Orlick\u00e9 Mountains!\" \/>\n<meta name=\"robots\" content=\"index, follow, max-snippet:-1, max-image-preview:large, max-video-preview:-1\" \/>\n<link rel=\"canonical\" href=\"https:\/\/orlickehory.amenity.cz\/en\/summer-programme-2025-orlicke-hory\/\" \/>\n<meta property=\"og:locale\" content=\"en_US\" \/>\n<meta property=\"og:type\" content=\"article\" \/>\n<meta property=\"og:title\" content=\"Summer programme 2025 Orlicke hory\" \/>\n<meta property=\"og:description\" content=\"Come and experience an unforgettable summer with a rich programme in the picturesque surroundings of the Orlick\u00e9 Mountains!\" \/>\n<meta property=\"og:url\" content=\"https:\/\/orlickehory.amenity.cz\/en\/summer-programme-2025-orlicke-hory\/\" \/>\n<meta property=\"og:site_name\" content=\"Amenity Hotel &amp; Resort Orlick\u00e9 hory\" \/>\n<meta property=\"article:publisher\" content=\"https:\/\/www.facebook.com\/amenityresorts\" \/>\n<meta property=\"article:modified_time\" content=\"2025-06-19T13:30:26+00:00\" \/>\n<meta name=\"twitter:card\" content=\"summary_large_image\" \/>\n<meta name=\"twitter:label1\" content=\"Est. reading time\" \/>\n\t<meta name=\"twitter:data1\" content=\"3 minutes\" \/>\n<script type=\"application\/ld+json\" class=\"yoast-schema-graph\">{\"@context\":\"https:\/\/schema.org\",\"@graph\":[{\"@type\":\"WebPage\",\"@id\":\"https:\/\/orlickehory.amenity.cz\/en\/summer-programme-2025-orlicke-hory\/\",\"url\":\"https:\/\/orlickehory.amenity.cz\/en\/summer-programme-2025-orlicke-hory\/\",\"name\":\"Summer programme 2025 Orlicke hory - Amenity Hotel &amp; Resort Orlick\u00e9 hory\",\"isPartOf\":{\"@id\":\"https:\/\/orlickehory.amenity.cz\/en\/#website\"},\"datePublished\":\"2025-06-19T10:28:59+00:00\",\"dateModified\":\"2025-06-19T13:30:26+00:00\",\"description\":\"Come and experience an unforgettable summer with a rich programme in the picturesque surroundings of the Orlick\u00e9 Mountains!\",\"breadcrumb\":{\"@id\":\"https:\/\/orlickehory.amenity.cz\/en\/summer-programme-2025-orlicke-hory\/#breadcrumb\"},\"inLanguage\":\"en-US\",\"potentialAction\":[{\"@type\":\"ReadAction\",\"target\":[\"https:\/\/orlickehory.amenity.cz\/en\/summer-programme-2025-orlicke-hory\/\"]}]},{\"@type\":\"BreadcrumbList\",\"@id\":\"https:\/\/orlickehory.amenity.cz\/en\/summer-programme-2025-orlicke-hory\/#breadcrumb\",\"itemListElement\":[{\"@type\":\"ListItem\",\"position\":1,\"name\":\"Dom\u016f\",\"item\":\"https:\/\/orlickehory.amenity.cz\/en\/\"},{\"@type\":\"ListItem\",\"position\":2,\"name\":\"Summer programme 2025 Orlicke hory\"}]},{\"@type\":\"WebSite\",\"@id\":\"https:\/\/orlickehory.amenity.cz\/en\/#website\",\"url\":\"https:\/\/orlickehory.amenity.cz\/en\/\",\"name\":\"Amenity Orlick\u00e9 hory\",\"description\":\"\",\"publisher\":{\"@id\":\"https:\/\/orlickehory.amenity.cz\/en\/#organization\"},\"potentialAction\":[{\"@type\":\"SearchAction\",\"target\":{\"@type\":\"EntryPoint\",\"urlTemplate\":\"https:\/\/orlickehory.amenity.cz\/en\/?s={search_term_string}\"},\"query-input\":{\"@type\":\"PropertyValueSpecification\",\"valueRequired\":true,\"valueName\":\"search_term_string\"}}],\"inLanguage\":\"en-US\"},{\"@type\":\"Organization\",\"@id\":\"https:\/\/orlickehory.amenity.cz\/en\/#organization\",\"name\":\"Amenity Resorts s.r.o.\",\"url\":\"https:\/\/orlickehory.amenity.cz\/en\/\",\"logo\":{\"@type\":\"ImageObject\",\"inLanguage\":\"en-US\",\"@id\":\"https:\/\/orlickehory.amenity.cz\/en\/#\/schema\/logo\/image\/\",\"url\":\"http:\/\/orlickehory.amenity.cz\/wp-content\/uploads\/sites\/8\/2020\/10\/favicon-amenity-512x512-1.png\",\"contentUrl\":\"http:\/\/orlickehory.amenity.cz\/wp-content\/uploads\/sites\/8\/2020\/10\/favicon-amenity-512x512-1.png\",\"width\":512,\"height\":512,\"caption\":\"Amenity Resorts s.r.o.\"},\"image\":{\"@id\":\"https:\/\/orlickehory.amenity.cz\/en\/#\/schema\/logo\/image\/\"},\"sameAs\":[\"https:\/\/www.facebook.com\/amenityresorts\",\"https:\/\/www.instagram.com\/amenityresorts\/\",\"https:\/\/www.youtube.com\/channel\/UCVY-yFoyFBR8H0hC1euh7Sw\"]}]}<\/script>\n<!-- \/ Yoast SEO Premium plugin. -->","yoast_head_json":{"title":"Summer programme 2025 Orlicke hory - Amenity Hotel &amp; Resort Orlick\u00e9 hory","description":"Come and experience an unforgettable summer with a rich programme in the picturesque surroundings of the Orlick\u00e9 Mountains!","robots":{"index":"index","follow":"follow","max-snippet":"max-snippet:-1","max-image-preview":"max-image-preview:large","max-video-preview":"max-video-preview:-1"},"canonical":"https:\/\/orlickehory.amenity.cz\/en\/summer-programme-2025-orlicke-hory\/","og_locale":"en_US","og_type":"article","og_title":"Summer programme 2025 Orlicke hory","og_description":"Come and experience an unforgettable summer with a rich programme in the picturesque surroundings of the Orlick\u00e9 Mountains!","og_url":"https:\/\/orlickehory.amenity.cz\/en\/summer-programme-2025-orlicke-hory\/","og_site_name":"Amenity Hotel &amp; Resort Orlick\u00e9 hory","article_publisher":"https:\/\/www.facebook.com\/amenityresorts","article_modified_time":"2025-06-19T13:30:26+00:00","twitter_card":"summary_large_image","twitter_misc":{"Est. reading time":"3 minutes"},"schema":{"@context":"https:\/\/schema.org","@graph":[{"@type":"WebPage","@id":"https:\/\/orlickehory.amenity.cz\/en\/summer-programme-2025-orlicke-hory\/","url":"https:\/\/orlickehory.amenity.cz\/en\/summer-programme-2025-orlicke-hory\/","name":"Summer programme 2025 Orlicke hory - Amenity Hotel &amp; Resort Orlick\u00e9 hory","isPartOf":{"@id":"https:\/\/orlickehory.amenity.cz\/en\/#website"},"datePublished":"2025-06-19T10:28:59+00:00","dateModified":"2025-06-19T13:30:26+00:00","description":"Come and experience an unforgettable summer with a rich programme in the picturesque surroundings of the Orlick\u00e9 Mountains!","breadcrumb":{"@id":"https:\/\/orlickehory.amenity.cz\/en\/summer-programme-2025-orlicke-hory\/#breadcrumb"},"inLanguage":"en-US","potentialAction":[{"@type":"ReadAction","target":["https:\/\/orlickehory.amenity.cz\/en\/summer-programme-2025-orlicke-hory\/"]}]},{"@type":"BreadcrumbList","@id":"https:\/\/orlickehory.amenity.cz\/en\/summer-programme-2025-orlicke-hory\/#breadcrumb","itemListElement":[{"@type":"ListItem","position":1,"name":"Dom\u016f","item":"https:\/\/orlickehory.amenity.cz\/en\/"},{"@type":"ListItem","position":2,"name":"Summer programme 2025 Orlicke hory"}]},{"@type":"WebSite","@id":"https:\/\/orlickehory.amenity.cz\/en\/#website","url":"https:\/\/orlickehory.amenity.cz\/en\/","name":"Amenity Orlick\u00e9 hory","description":"","publisher":{"@id":"https:\/\/orlickehory.amenity.cz\/en\/#organization"},"potentialAction":[{"@type":"SearchAction","target":{"@type":"EntryPoint","urlTemplate":"https:\/\/orlickehory.amenity.cz\/en\/?s={search_term_string}"},"query-input":{"@type":"PropertyValueSpecification","valueRequired":true,"valueName":"search_term_string"}}],"inLanguage":"en-US"},{"@type":"Organization","@id":"https:\/\/orlickehory.amenity.cz\/en\/#organization","name":"Amenity Resorts s.r.o.","url":"https:\/\/orlickehory.amenity.cz\/en\/","logo":{"@type":"ImageObject","inLanguage":"en-US","@id":"https:\/\/orlickehory.amenity.cz\/en\/#\/schema\/logo\/image\/","url":"http:\/\/orlickehory.amenity.cz\/wp-content\/uploads\/sites\/8\/2020\/10\/favicon-amenity-512x512-1.png","contentUrl":"http:\/\/orlickehory.amenity.cz\/wp-content\/uploads\/sites\/8\/2020\/10\/favicon-amenity-512x512-1.png","width":512,"height":512,"caption":"Amenity Resorts s.r.o."},"image":{"@id":"https:\/\/orlickehory.amenity.cz\/en\/#\/schema\/logo\/image\/"},"sameAs":["https:\/\/www.facebook.com\/amenityresorts","https:\/\/www.instagram.com\/amenityresorts\/","https:\/\/www.youtube.com\/channel\/UCVY-yFoyFBR8H0hC1euh7Sw"]}]}},"_links":{"self":[{"href":"https:\/\/orlickehory.amenity.cz\/en\/wp-json\/wp\/v2\/pages\/10650","targetHints":{"allow":["GET"]}}],"collection":[{"href":"https:\/\/orlickehory.amenity.cz\/en\/wp-json\/wp\/v2\/pages"}],"about":[{"href":"https:\/\/orlickehory.amenity.cz\/en\/wp-json\/wp\/v2\/types\/page"}],"author":[{"embeddable":true,"href":"https:\/\/orlickehory.amenity.cz\/en\/wp-json\/wp\/v2\/users\/3"}],"replies":[{"embeddable":true,"href":"https:\/\/orlickehory.amenity.cz\/en\/wp-json\/wp\/v2\/comments?post=10650"}],"version-history":[{"count":6,"href":"https:\/\/orlickehory.amenity.cz\/en\/wp-json\/wp\/v2\/pages\/10650\/revisions"}],"predecessor-version":[{"id":10662,"href":"https:\/\/orlickehory.amenity.cz\/en\/wp-json\/wp\/v2\/pages\/10650\/revisions\/10662"}],"wp:attachment":[{"href":"https:\/\/orlickehory.amenity.cz\/en\/wp-json\/wp\/v2\/media?parent=10650"}],"curies":[{"name":"wp","href":"https:\/\/api.w.org\/{rel}","templated":true}]}}