{"id":3449,"date":"2021-05-28T14:02:48","date_gmt":"2021-05-28T12:02:48","guid":{"rendered":"http:\/\/orlickehory.amenity.cz\/?page_id=3449"},"modified":"2026-03-26T09:55:02","modified_gmt":"2026-03-26T08:55:02","slug":"special-offers","status":"publish","type":"page","link":"https:\/\/orlickehory.amenity.cz\/en\/special-offers\/","title":{"rendered":"Special offers"},"content":{"rendered":"<div class=\"wpb-content-wrapper\"><p>[vc_row][vc_column offset=&#8221;vc_hidden-sm vc_hidden-xs&#8221;]\n\t\t\t<!-- START ENDletohomepage REVOLUTION SLIDER 6.7.4 --><p class=\"rs-p-wp-fix\"><\/p>\n\t\t\t<rs-module-wrap id=\"rev_slider_18_1_wrapper\" data-source=\"gallery\" style=\"visibility:hidden;background:#2b2b2b;padding:0;margin:0px auto;margin-top:0;margin-bottom:0;\">\n\t\t\t\t<rs-module id=\"rev_slider_18_1\" style=\"\" data-version=\"6.7.4\">\n\t\t\t\t\t<rs-slides style=\"overflow: hidden; position: absolute;\">\n\t\t\t\t\t\t<rs-slide style=\"position: absolute;\" data-key=\"rs-60\" data-title=\"Slide\" data-thumb=\"\/\/orlickehory.amenity.cz\/wp-content\/uploads\/sites\/8\/2021\/08\/amenity-resort-orlicke-hory_1600x630_-100x50.jpg\" data-anim=\"adpr:false;e:slidingoverlay;ms:1000ms;\" data-in=\"o:0;y:-100%;\" data-out=\"a:false;\">\n\t\t\t\t\t\t\t<img decoding=\"async\" src=\"\/\/orlickehory.amenity.cz\/wp-content\/plugins\/revslider\/sr6\/assets\/assets\/dummy.png\" alt=\"\" title=\"amenity-resort-orlicke-hory_1600x630_\" width=\"1600\" height=\"630\" class=\"rev-slidebg tp-rs-img rs-lazyload\" data-lazyload=\"\/\/orlickehory.amenity.cz\/wp-content\/uploads\/sites\/8\/2021\/08\/amenity-resort-orlicke-hory_1600x630_.jpg\" data-parallax=\"off\" data-panzoom=\"d:10000;ss:100;se:110%;\" data-no-retina>\n<!--\n\t\t\t\t\t\t\t--><rs-layer\n\t\t\t\t\t\t\t\tid=\"slider-18-slide-60-layer-2\" \n\t\t\t\t\t\t\t\tdata-type=\"object\"\n\t\t\t\t\t\t\t\tdata-rsp_ch=\"on\"\n\t\t\t\t\t\t\t\tdata-xy=\"xo:50px,50px,50px,23px;yo:50px,50px,50px,23px;\"\n\t\t\t\t\t\t\t\tdata-text=\"w:normal;s:20,20,20,8;l:0,0,0,11;\"\n\t\t\t\t\t\t\t\tdata-frame_999=\"o:0;st:w;\"\n\t\t\t\t\t\t\t\tstyle=\"z-index:10;font-family:'Roboto';\"\n\t\t\t\t\t\t\t> \n\t\t\t\t\t\t\t<\/rs-layer><!--\n-->\t\t\t\t\t<\/rs-slide>\n\t\t\t\t\t\t<rs-slide style=\"position: absolute;\" data-key=\"rs-90\" data-title=\"Slide\" data-thumb=\"\/\/orlickehory.amenity.cz\/wp-content\/uploads\/sites\/8\/slider24\/amenity-hotel-resort-orlicke-hory_1600x630_29-100x50.jpeg\" data-anim=\"adpr:false;e:slidingoverlay;ms:1000ms;\" data-in=\"o:0;y:-100%;\" data-out=\"a:false;\">\n\t\t\t\t\t\t\t<img decoding=\"async\" src=\"\/\/orlickehory.amenity.cz\/wp-content\/plugins\/revslider\/sr6\/assets\/assets\/dummy.png\" alt=\"\" title=\"amenity-hotel-resort-orlicke-hory_1600x630_29\" width=\"1600\" height=\"630\" class=\"rev-slidebg tp-rs-img rs-lazyload\" data-lazyload=\"\/\/orlickehory.amenity.cz\/wp-content\/uploads\/sites\/8\/slider24\/amenity-hotel-resort-orlicke-hory_1600x630_29.jpeg\" data-parallax=\"off\" data-panzoom=\"d:10000;ss:100;se:110%;\" data-no-retina>\n<!--\n\t\t\t\t\t\t\t--><rs-layer\n\t\t\t\t\t\t\t\tid=\"slider-18-slide-90-layer-2\" \n\t\t\t\t\t\t\t\tdata-type=\"object\"\n\t\t\t\t\t\t\t\tdata-rsp_ch=\"on\"\n\t\t\t\t\t\t\t\tdata-xy=\"xo:50px,50px,50px,23px;yo:50px,50px,50px,23px;\"\n\t\t\t\t\t\t\t\tdata-text=\"w:normal;s:20,20,20,8;l:0,0,0,11;\"\n\t\t\t\t\t\t\t\tdata-frame_999=\"o:0;st:w;\"\n\t\t\t\t\t\t\t\tstyle=\"z-index:10;font-family:'Roboto';\"\n\t\t\t\t\t\t\t> \n\t\t\t\t\t\t\t<\/rs-layer><!--\n-->\t\t\t\t\t<\/rs-slide>\n\t\t\t\t\t\t<rs-slide style=\"position: absolute;\" data-key=\"rs-64\" data-title=\"Slide\" data-thumb=\"\/\/orlickehory.amenity.cz\/wp-content\/uploads\/sites\/8\/2021\/05\/rozverne-leto-5-2021_amenity-resorts_1600x630_4-100x50.jpg\" data-anim=\"adpr:false;e:slidingoverlay;ms:1000ms;\" data-in=\"o:0;y:-100%;\" data-out=\"a:false;\">\n\t\t\t\t\t\t\t<img decoding=\"async\" src=\"\/\/orlickehory.amenity.cz\/wp-content\/plugins\/revslider\/sr6\/assets\/assets\/dummy.png\" alt=\"\" title=\"rozverne-leto-5-2021_amenity-resorts_1600x630_4\" width=\"1600\" height=\"630\" class=\"rev-slidebg tp-rs-img rs-lazyload\" data-lazyload=\"\/\/orlickehory.amenity.cz\/wp-content\/uploads\/sites\/8\/2021\/05\/rozverne-leto-5-2021_amenity-resorts_1600x630_4.jpg\" data-parallax=\"off\" data-panzoom=\"d:10000;ss:100;se:110%;\" data-no-retina>\n<!--\n\t\t\t\t\t\t\t--><rs-layer\n\t\t\t\t\t\t\t\tid=\"slider-18-slide-64-layer-2\" \n\t\t\t\t\t\t\t\tdata-type=\"object\"\n\t\t\t\t\t\t\t\tdata-rsp_ch=\"on\"\n\t\t\t\t\t\t\t\tdata-xy=\"xo:50px,50px,50px,23px;yo:50px,50px,50px,23px;\"\n\t\t\t\t\t\t\t\tdata-text=\"w:normal;s:20,20,20,8;l:0,0,0,11;\"\n\t\t\t\t\t\t\t\tdata-frame_999=\"o:0;st:w;\"\n\t\t\t\t\t\t\t\tstyle=\"z-index:10;font-family:'Roboto';\"\n\t\t\t\t\t\t\t> \n\t\t\t\t\t\t\t<\/rs-layer><!--\n-->\t\t\t\t\t<\/rs-slide>\n\t\t\t\t\t\t<rs-slide style=\"position: absolute;\" data-key=\"rs-62\" data-title=\"Slide\" data-thumb=\"\/\/orlickehory.amenity.cz\/wp-content\/uploads\/sites\/8\/2021\/06\/amenity-hotel-resort-orlicke-hory_1600x630_39-100x50.jpg\" data-anim=\"adpr:false;e:slidingoverlay;ms:1000ms;\" data-in=\"o:0;y:-100%;\" data-out=\"a:false;\">\n\t\t\t\t\t\t\t<img decoding=\"async\" src=\"\/\/orlickehory.amenity.cz\/wp-content\/plugins\/revslider\/sr6\/assets\/assets\/dummy.png\" alt=\"\" title=\"amenity-hotel-resort-orlicke-hory_1600x630_39\" width=\"1600\" height=\"630\" class=\"rev-slidebg tp-rs-img rs-lazyload\" data-lazyload=\"\/\/orlickehory.amenity.cz\/wp-content\/uploads\/sites\/8\/2021\/06\/amenity-hotel-resort-orlicke-hory_1600x630_39.jpg\" data-parallax=\"off\" data-panzoom=\"d:10000;ss:100;se:110%;\" data-no-retina>\n<!--\n\t\t\t\t\t\t\t--><rs-layer\n\t\t\t\t\t\t\t\tid=\"slider-18-slide-62-layer-2\" \n\t\t\t\t\t\t\t\tdata-type=\"object\"\n\t\t\t\t\t\t\t\tdata-rsp_ch=\"on\"\n\t\t\t\t\t\t\t\tdata-xy=\"xo:50px,50px,50px,23px;yo:50px,50px,50px,23px;\"\n\t\t\t\t\t\t\t\tdata-text=\"w:normal;s:20,20,20,8;l:0,0,0,11;\"\n\t\t\t\t\t\t\t\tdata-frame_999=\"o:0;st:w;\"\n\t\t\t\t\t\t\t\tstyle=\"z-index:10;font-family:'Roboto';\"\n\t\t\t\t\t\t\t> \n\t\t\t\t\t\t\t<\/rs-layer><!--\n-->\t\t\t\t\t<\/rs-slide>\n\t\t\t\t\t\t<rs-slide style=\"position: absolute;\" data-key=\"rs-63\" data-title=\"Slide\" data-thumb=\"\/\/orlickehory.amenity.cz\/wp-content\/uploads\/sites\/8\/slider24\/amenity-hotel-resort-orlicke-hory_1600x630_16-100x50.jpeg\" data-anim=\"adpr:false;e:slidingoverlay;ms:1000ms;\" data-in=\"o:0;y:-100%;\" data-out=\"a:false;\" data-rsparticles='{\"enable\":true,\"hideOnMobile\":true,\"particles\":{\"number\":120,\"size\":1,\"sizeMin\":0.1},\"styles\":{\"lines\":{\"opacity\":40},\"particle\":{\"opacity\":50,\"opacityMin\":25,\"opacityRandom\":true}},\"movement\":{\"randomSpeed\":false,\"speed\":6,\"speedMin\":2,\"direction\":\"static\"},\"pulse\":{\"size\":{\"enable\":true,\"speed\":7,\"min\":0.1},\"opacity\":{\"speed\":10}}}'>\n\t\t\t\t\t\t\t<img decoding=\"async\" src=\"\/\/orlickehory.amenity.cz\/wp-content\/plugins\/revslider\/sr6\/assets\/assets\/dummy.png\" alt=\"\" title=\"amenity-hotel-resort-orlicke-hory_1600x630_16\" width=\"1600\" height=\"630\" class=\"rev-slidebg tp-rs-img rs-lazyload\" data-lazyload=\"\/\/orlickehory.amenity.cz\/wp-content\/uploads\/sites\/8\/slider24\/amenity-hotel-resort-orlicke-hory_1600x630_16.jpeg\" data-parallax=\"off\" data-panzoom=\"d:10000;ss:100;se:110%;\" data-no-retina>\n<!--\n\t\t\t\t\t\t\t--><rs-layer\n\t\t\t\t\t\t\t\tid=\"slider-18-slide-63-layer-2\" \n\t\t\t\t\t\t\t\tdata-type=\"object\"\n\t\t\t\t\t\t\t\tdata-rsp_ch=\"on\"\n\t\t\t\t\t\t\t\tdata-xy=\"xo:50px,50px,50px,23px;yo:50px,50px,50px,23px;\"\n\t\t\t\t\t\t\t\tdata-text=\"w:normal;s:20,20,20,8;l:0,0,0,11;\"\n\t\t\t\t\t\t\t\tdata-frame_999=\"o:0;st:w;\"\n\t\t\t\t\t\t\t\tstyle=\"z-index:10;font-family:'Roboto';\"\n\t\t\t\t\t\t\t> \n\t\t\t\t\t\t\t<\/rs-layer><!--\n-->\t\t\t\t\t<\/rs-slide>\n\t\t\t\t\t<\/rs-slides>\n\t\t\t\t\t<rs-static-layers><!--\n\t\t\t\t\t--><\/rs-static-layers>\n\t\t\t\t<\/rs-module>\n\t\t\t\t<script>\n\t\t\t\t\tsetREVStartSize({c: 'rev_slider_18_1',rl:[1240,1240,1240,480],el:[630,630,630,625],gw:[1600,1600,1600,750],gh:[630,630,630,625],type:'standard',justify:'',layout:'fullwidth',mh:\"0\"});if (window.RS_MODULES!==undefined && window.RS_MODULES.modules!==undefined && window.RS_MODULES.modules[\"revslider181\"]!==undefined) {window.RS_MODULES.modules[\"revslider181\"].once = false;window.revapi18 = undefined;if (window.RS_MODULES.checkMinimal!==undefined) window.RS_MODULES.checkMinimal()}\n\t\t\t\t<\/script>\n\t\t\t<\/rs-module-wrap>\n\t\t\t<!-- END REVOLUTION SLIDER -->\n[\/vc_column][\/vc_row][vc_row][vc_column]<div  class=\"empty-space  marg-lg-b35 marg-xs-b50\"><\/div><div class=\"text-block \" ><div class=\"simple-text \"><h1 style=\"text-align: center;\">Special offers<\/h1>\n<h2 style=\"text-align: center;\">What we have prepared for you<\/h2>\n<\/div><\/div><div  class=\"empty-space  marg-lg-b25 marg-xs-b50\"><\/div>[vc_separator color=&#8221;custom&#8221; border_width=&#8221;2&#8243; el_width=&#8221;50&#8243; accent_color=&#8221;#c7b39a&#8221;]<div  class=\"empty-space  marg-lg-b10\"><\/div>[\/vc_column][\/vc_row][vc_row full_width=&#8221;stretch_row_content_no_spaces&#8221; bg_type=&#8221;bg_color&#8221; bg_color_value=&#8221;#293635&#8243;][vc_column]<div  class=\"empty-space  marg-lg-b25 marg-xs-b50\"><\/div>[vc_raw_js]JTNDc2NyaXB0JTNFJTBBJTIwJTIwJTIwJTIwJTIwJTIwJTIwJTIwJTI4ZnVuY3Rpb24lMjAlMjh3JTJDZCUyQ3MlMkNvJTJDZiUyQ2pzJTJDZmpzJTI5JTIwJTdCJTBBJTIwJTIwJTIwJTIwJTIwJTIwJTIwJTIwJTIwJTIwJTIwJTIwdyU1QiUyN2VjbS13aWRnZXQlMjclNUQlM0RvJTNCdyU1Qm8lNUQlMjAlM0QlMjB3JTVCbyU1RCUyMCU3QyU3QyUyMGZ1bmN0aW9uJTIwJTI4JTI5JTIwJTdCJTIwJTI4dyU1Qm8lNUQucSUyMCUzRCUyMHclNUJvJTVELnElMjAlN0MlN0MlMjAlNUIlNUQlMjkucHVzaCUyOGFyZ3VtZW50cyUyOSUyMCU3RCUzQiUwQSUyMCUyMCUyMCUyMCUyMCUyMCUyMCUyMCUyMCUyMCUyMCUyMGpzJTIwJTNEJTIwZC5jcmVhdGVFbGVtZW50JTI4cyUyOSUyQyUyMGZqcyUyMCUzRCUyMGQuZ2V0RWxlbWVudHNCeVRhZ05hbWUlMjhzJTI5JTVCMCU1RCUzQiUwQSUyMCUyMCUyMCUyMCUyMCUyMCUyMCUyMCUyMCUyMCUyMCUyMGpzLmlkJTIwJTNEJTIwJTI3MjEtMTI1YWIyMzNlNDYwM2Q0ZDdjODRmNWNiZjgxMzAyNTglMjclM0IlMjBqcy5kYXRhc2V0LmElMjAlM0QlMjAlMjdhbWVuaXR5cmVzb3J0cyUyNyUzQiUyMGpzLnNyYyUyMCUzRCUyMGYlM0IlMjBqcy5hc3luYyUyMCUzRCUyMDElM0IlMjBmanMucGFyZW50Tm9kZS5pbnNlcnRCZWZvcmUlMjhqcyUyQyUyMGZqcyUyOSUzQiUwQSUyMCUyMCUyMCUyMCUyMCUyMCUyMCUyMCU3RCUyOHdpbmRvdyUyQyUyMGRvY3VtZW50JTJDJTIwJTI3c2NyaXB0JTI3JTJDJTIwJTI3ZWNtd2lkZ2V0JTI3JTJDJTIwJTI3aHR0cHMlM0ElMkYlMkZkNzBzaGw3dmlkdGZ0LmNsb3VkZnJvbnQubmV0JTJGd2lkZ2V0LmpzJTI3JTI5JTI5JTNCJTBBJTIwJTIwJTIwJTIwJTNDJTJGc2NyaXB0JTNFJTBBJTIwJTIwJTIwJTIwJTIwJTIwJTIwJTIwJTIwJTIwJTIwJTIwJTNDZGl2JTIwaWQlM0QlMjJmLTIxLTEyNWFiMjMzZTQ2MDNkNGQ3Yzg0ZjVjYmY4MTMwMjU4JTIyJTNFJTNDJTJGZGl2JTNF[\/vc_raw_js]<div  class=\"empty-space  marg-lg-b25 marg-xs-b50\"><\/div>[\/vc_column][\/vc_row][vc_row full_width=&#8221;stretch_row_content_no_spaces&#8221;][vc_column offset=&#8221;vc_hidden-sm vc_hidden-xs&#8221;]<div  class=\"hb-text-block__wrapper style1\"><div class=\"row\"><div class=\"col-md-6\"><div class=\"hb-image__block\"><img decoding=\"async\" src=\"https:\/\/orlickehory.amenity.cz\/wp-content\/uploads\/sites\/8\/2021\/06\/amenity-hotel-resort-orlicke-hory_750x625_8.jpg\" alt=\"\" \/><\/div><\/div><div class=\"col-md-6\"><div class=\"hb-text_block_content\"><div class=\"hb-text-block___inner_wrapper\"><div class=\"featured-rooms-slider__title title-color-black\">Half-board packages<\/div><div class=\"featured-rooms-slider__text content-color-grey\">Book a stay at Amenity Resort Orlick\u00e9 hory and leave all your worries behind. The price of accommodation includes half-board and other services.<\/div><a class=\"btn btn--md btn--normal\" href=\"http:\/\/orlickehory.amenity.cz\/en\/half-board-packages\" title=\"Polopenze\" target=\"_self\">FIND MORE<\/a><\/div><\/div><\/div><\/div><\/div><div  class=\"hb-text-block__wrapper style2\"><div class=\"row\"><div class=\"col-md-6\"><div class=\"hb-text_block_content\"><div class=\"hb-text-block___inner_wrapper text-right\"><div class=\"featured-rooms-slider__title title-color-black\">Accommodation Gift Vouchers<\/div><div class=\"featured-rooms-slider__text content-color-grey\"><\/p>\n<div class=\"featured-rooms-slider__text content-color-grey\">Give your loved ones gift vouchers for the most beautiful locations in Bohemia: Lipno, \u0160pindler\u016fv Ml\u00fdn, Czech Canada, Horn\u00ed V\u011bstonice or Orlick\u00e9 hory. Choose the value of the gift voucher, write a message and you have the perfect gift.<\/div>\n<p><\/div><a class=\"btn btn--md btn--normal\" href=\"http:\/\/eshop.amenity.cz\/\" title=\"Vouchery\" target=\"_self\">BUY VOUCHER<\/a><\/div><\/div><\/div><div class=\"col-md-6\"><div class=\"hb-image__block\"><img decoding=\"async\" src=\"https:\/\/orlickehory.amenity.cz\/wp-content\/uploads\/sites\/8\/2022\/02\/amenity-voucher_750x625.jpg\" alt=\"\" \/><\/div><\/div><\/div><\/div>[\/vc_column][\/vc_row][vc_row full_width=&#8221;stretch_row_content_no_spaces&#8221;][vc_column offset=&#8221;vc_hidden-lg vc_hidden-md&#8221;]<div  class=\"hb-text-block__wrapper style1\"><div class=\"row\"><div class=\"col-md-6\"><div class=\"hb-image__block\"><img decoding=\"async\" src=\"https:\/\/orlickehory.amenity.cz\/wp-content\/uploads\/sites\/8\/2021\/06\/amenity-hotel-resort-orlicke-hory_750x625_8.jpg\" alt=\"\" \/><\/div><\/div><div class=\"col-md-6\"><div class=\"hb-text_block_content\"><div class=\"hb-text-block___inner_wrapper\"><div class=\"featured-rooms-slider__title title-color-black\">Half-board packages<\/div><div class=\"featured-rooms-slider__text content-color-grey\">Book a stay at Amenity Resort Orlick\u00e9 hory and leave all your worries behind. The price of accommodation includes half-board and other services.<\/div><a class=\"btn btn--md btn--normal\" href=\"http:\/\/orlickehory.amenity.cz\/en\/half-board-packages\" title=\"Polopenze\" target=\"_self\">FIND MORE<\/a><\/div><\/div><\/div><\/div><\/div><div  class=\"hb-text-block__wrapper style1\"><div class=\"row\"><div class=\"col-md-6\"><div class=\"hb-image__block\"><img decoding=\"async\" src=\"https:\/\/orlickehory.amenity.cz\/wp-content\/uploads\/sites\/8\/2022\/02\/amenity-voucher_750x625.jpg\" alt=\"\" \/><\/div><\/div><div class=\"col-md-6\"><div class=\"hb-text_block_content\"><div class=\"hb-text-block___inner_wrapper\"><div class=\"featured-rooms-slider__title title-color-black\">Accommodation Gift Vouchers<\/div><div class=\"featured-rooms-slider__text content-color-grey\"><\/p>\n<div class=\"featured-rooms-slider__text content-color-grey\">Give your loved ones gift vouchers for the most beautiful locations in Bohemia: Lipno, \u0160pindler\u016fv Ml\u00fdn, Czech Canada, Horn\u00ed V\u011bstonice or Orlick\u00e9 hory. Choose the value of the gift voucher, write a message and you have the perfect gift.<\/div>\n<p><\/div><a class=\"btn btn--md btn--normal\" href=\"http:\/\/eshop.amenity.cz\/\" title=\"Vouchery\" target=\"_self\">BUY VOUCHER<\/a><\/div><\/div><\/div><\/div><\/div>[\/vc_column][\/vc_row]<\/p>\n<\/div>","protected":false},"excerpt":{"rendered":"<p>[vc_row][vc_column offset=&#8221;vc_hidden-sm vc_hidden-xs&#8221;][\/vc_column][\/vc_row][vc_row][vc_column][vc_separator color=&#8221;custom&#8221; border_width=&#8221;2&#8243; el_width=&#8221;50&#8243; accent_color=&#8221;#c7b39a&#8221;][\/vc_column][\/vc_row][vc_row full_width=&#8221;stretch_row_content_no_spaces&#8221; bg_type=&#8221;bg_color&#8221; bg_color_value=&#8221;#293635&#8243;][vc_column][vc_raw_js]JTNDc2NyaXB0JTNFJTBBJTIwJTIwJTIwJTIwJTIwJTIwJTIwJTIwJTI4ZnVuY3Rpb24lMjAlMjh3JTJDZCUyQ3MlMkNvJTJDZiUyQ2pzJTJDZmpzJTI5JTIwJTdCJTBBJTIwJTIwJTIwJTIwJTIwJTIwJTIwJTIwJTIwJTIwJTIwJTIwdyU1QiUyN2VjbS13aWRnZXQlMjclNUQlM0RvJTNCdyU1Qm8lNUQlMjAlM0QlMjB3JTVCbyU1RCUyMCU3QyU3QyUyMGZ1bmN0aW9uJTIwJTI4JTI5JTIwJTdCJTIwJTI4dyU1Qm8lNUQucSUyMCUzRCUyMHclNUJvJTVELnElMjAlN0MlN0MlMjAlNUIlNUQlMjkucHVzaCUyOGFyZ3VtZW50cyUyOSUyMCU3RCUzQiUwQSUyMCUyMCUyMCUyMCUyMCUyMCUyMCUyMCUyMCUyMCUyMCUyMGpzJTIwJTNEJTIwZC5jcmVhdGVFbGVtZW50JTI4cyUyOSUyQyUyMGZqcyUyMCUzRCUyMGQuZ2V0RWxlbWVudHNCeVRhZ05hbWUlMjhzJTI5JTVCMCU1RCUzQiUwQSUyMCUyMCUyMCUyMCUyMCUyMCUyMCUyMCUyMCUyMCUyMCUyMGpzLmlkJTIwJTNEJTIwJTI3MjEtMTI1YWIyMzNlNDYwM2Q0ZDdjODRmNWNiZjgxMzAyNTglMjclM0IlMjBqcy5kYXRhc2V0LmElMjAlM0QlMjAlMjdhbWVuaXR5cmVzb3J0cyUyNyUzQiUyMGpzLnNyYyUyMCUzRCUyMGYlM0IlMjBqcy5hc3luYyUyMCUzRCUyMDElM0IlMjBmanMucGFyZW50Tm9kZS5pbnNlcnRCZWZvcmUlMjhqcyUyQyUyMGZqcyUyOSUzQiUwQSUyMCUyMCUyMCUyMCUyMCUyMCUyMCUyMCU3RCUyOHdpbmRvdyUyQyUyMGRvY3VtZW50JTJDJTIwJTI3c2NyaXB0JTI3JTJDJTIwJTI3ZWNtd2lkZ2V0JTI3JTJDJTIwJTI3aHR0cHMlM0ElMkYlMkZkNzBzaGw3dmlkdGZ0LmNsb3VkZnJvbnQubmV0JTJGd2lkZ2V0LmpzJTI3JTI5JTI5JTNCJTBBJTIwJTIwJTIwJTIwJTNDJTJGc2NyaXB0JTNFJTBBJTIwJTIwJTIwJTIwJTIwJTIwJTIwJTIwJTIwJTIwJTIwJTIwJTNDZGl2JTIwaWQlM0QlMjJmLTIxLTEyNWFiMjMzZTQ2MDNkNGQ3Yzg0ZjVjYmY4MTMwMjU4JTIyJTNFJTNDJTJGZGl2JTNF[\/vc_raw_js][\/vc_column][\/vc_row][vc_row full_width=&#8221;stretch_row_content_no_spaces&#8221;][vc_column offset=&#8221;vc_hidden-sm vc_hidden-xs&#8221;][\/vc_column][\/vc_row][vc_row full_width=&#8221;stretch_row_content_no_spaces&#8221;][vc_column offset=&#8221;vc_hidden-lg vc_hidden-md&#8221;][\/vc_column][\/vc_row]<\/p>\n","protected":false},"author":2,"featured_media":0,"parent":0,"menu_order":0,"comment_status":"closed","ping_status":"closed","template":"","meta":{"footnotes":""},"class_list":["post-3449","page","type-page","status-publish","hentry"],"yoast_head":"<!-- This site is optimized with the Yoast SEO Premium plugin v27.3 (Yoast SEO v27.3) - https:\/\/yoast.com\/product\/yoast-seo-premium-wordpress\/ -->\n<title>Special offers - Amenity Hotel &amp; Resort Orlick\u00e9 hory \u2013 Eagle Mountains<\/title>\n<meta name=\"description\" content=\"Watch news and special offers for Amenity Hotel &amp; Resort Orlick\u00e9 hory. Stay updated and look forward for your stay at Amenity Resort.\" \/>\n<meta name=\"robots\" content=\"index, follow, max-snippet:-1, max-image-preview:large, max-video-preview:-1\" \/>\n<link rel=\"canonical\" href=\"https:\/\/orlickehory.amenity.cz\/en\/special-offers\/\" \/>\n<meta property=\"og:locale\" content=\"en_US\" \/>\n<meta property=\"og:type\" content=\"article\" \/>\n<meta property=\"og:title\" content=\"Special offers\" \/>\n<meta property=\"og:description\" content=\"Watch news and special offers for Amenity Hotel &amp; Resort Orlick\u00e9 hory. Stay updated and look forward for your stay at Amenity Resort.\" \/>\n<meta property=\"og:url\" content=\"https:\/\/orlickehory.amenity.cz\/en\/special-offers\/\" \/>\n<meta property=\"og:site_name\" content=\"Amenity Hotel &amp; Resort Orlick\u00e9 hory\" \/>\n<meta property=\"article:publisher\" content=\"https:\/\/www.facebook.com\/amenityresorts\" \/>\n<meta property=\"article:modified_time\" content=\"2026-03-26T08:55:02+00:00\" \/>\n<meta name=\"twitter:card\" content=\"summary_large_image\" \/>\n<meta name=\"twitter:label1\" content=\"Est. reading time\" \/>\n\t<meta name=\"twitter:data1\" content=\"2 minutes\" \/>\n<script type=\"application\/ld+json\" class=\"yoast-schema-graph\">{\"@context\":\"https:\\\/\\\/schema.org\",\"@graph\":[{\"@type\":\"WebPage\",\"@id\":\"https:\\\/\\\/orlickehory.amenity.cz\\\/en\\\/special-offers\\\/\",\"url\":\"https:\\\/\\\/orlickehory.amenity.cz\\\/en\\\/special-offers\\\/\",\"name\":\"Special offers - Amenity Hotel & Resort Orlick\u00e9 hory \u2013 Eagle Mountains\",\"isPartOf\":{\"@id\":\"https:\\\/\\\/orlickehory.amenity.cz\\\/en\\\/#website\"},\"datePublished\":\"2021-05-28T12:02:48+00:00\",\"dateModified\":\"2026-03-26T08:55:02+00:00\",\"description\":\"Watch news and special offers for Amenity Hotel & Resort Orlick\u00e9 hory. Stay updated and look forward for your stay at Amenity Resort.\",\"breadcrumb\":{\"@id\":\"https:\\\/\\\/orlickehory.amenity.cz\\\/en\\\/special-offers\\\/#breadcrumb\"},\"inLanguage\":\"en-US\",\"potentialAction\":[{\"@type\":\"ReadAction\",\"target\":[\"https:\\\/\\\/orlickehory.amenity.cz\\\/en\\\/special-offers\\\/\"]}]},{\"@type\":\"BreadcrumbList\",\"@id\":\"https:\\\/\\\/orlickehory.amenity.cz\\\/en\\\/special-offers\\\/#breadcrumb\",\"itemListElement\":[{\"@type\":\"ListItem\",\"position\":1,\"name\":\"Dom\u016f\",\"item\":\"https:\\\/\\\/orlickehory.amenity.cz\\\/en\\\/\"},{\"@type\":\"ListItem\",\"position\":2,\"name\":\"Special offers\"}]},{\"@type\":\"WebSite\",\"@id\":\"https:\\\/\\\/orlickehory.amenity.cz\\\/en\\\/#website\",\"url\":\"https:\\\/\\\/orlickehory.amenity.cz\\\/en\\\/\",\"name\":\"Amenity Orlick\u00e9 hory\",\"description\":\"\",\"publisher\":{\"@id\":\"https:\\\/\\\/orlickehory.amenity.cz\\\/en\\\/#organization\"},\"potentialAction\":[{\"@type\":\"SearchAction\",\"target\":{\"@type\":\"EntryPoint\",\"urlTemplate\":\"https:\\\/\\\/orlickehory.amenity.cz\\\/en\\\/?s={search_term_string}\"},\"query-input\":{\"@type\":\"PropertyValueSpecification\",\"valueRequired\":true,\"valueName\":\"search_term_string\"}}],\"inLanguage\":\"en-US\"},{\"@type\":\"Organization\",\"@id\":\"https:\\\/\\\/orlickehory.amenity.cz\\\/en\\\/#organization\",\"name\":\"Amenity Resorts s.r.o.\",\"url\":\"https:\\\/\\\/orlickehory.amenity.cz\\\/en\\\/\",\"logo\":{\"@type\":\"ImageObject\",\"inLanguage\":\"en-US\",\"@id\":\"https:\\\/\\\/orlickehory.amenity.cz\\\/en\\\/#\\\/schema\\\/logo\\\/image\\\/\",\"url\":\"http:\\\/\\\/orlickehory.amenity.cz\\\/wp-content\\\/uploads\\\/sites\\\/8\\\/2020\\\/10\\\/favicon-amenity-512x512-1.png\",\"contentUrl\":\"http:\\\/\\\/orlickehory.amenity.cz\\\/wp-content\\\/uploads\\\/sites\\\/8\\\/2020\\\/10\\\/favicon-amenity-512x512-1.png\",\"width\":512,\"height\":512,\"caption\":\"Amenity Resorts s.r.o.\"},\"image\":{\"@id\":\"https:\\\/\\\/orlickehory.amenity.cz\\\/en\\\/#\\\/schema\\\/logo\\\/image\\\/\"},\"sameAs\":[\"https:\\\/\\\/www.facebook.com\\\/amenityresorts\",\"https:\\\/\\\/www.instagram.com\\\/amenityresorts\\\/\",\"https:\\\/\\\/www.youtube.com\\\/channel\\\/UCVY-yFoyFBR8H0hC1euh7Sw\"]}]}<\/script>\n<!-- \/ Yoast SEO Premium plugin. -->","yoast_head_json":{"title":"Special offers - Amenity Hotel & Resort Orlick\u00e9 hory \u2013 Eagle Mountains","description":"Watch news and special offers for Amenity Hotel & Resort Orlick\u00e9 hory. Stay updated and look forward for your stay at Amenity Resort.","robots":{"index":"index","follow":"follow","max-snippet":"max-snippet:-1","max-image-preview":"max-image-preview:large","max-video-preview":"max-video-preview:-1"},"canonical":"https:\/\/orlickehory.amenity.cz\/en\/special-offers\/","og_locale":"en_US","og_type":"article","og_title":"Special offers","og_description":"Watch news and special offers for Amenity Hotel & Resort Orlick\u00e9 hory. Stay updated and look forward for your stay at Amenity Resort.","og_url":"https:\/\/orlickehory.amenity.cz\/en\/special-offers\/","og_site_name":"Amenity Hotel &amp; Resort Orlick\u00e9 hory","article_publisher":"https:\/\/www.facebook.com\/amenityresorts","article_modified_time":"2026-03-26T08:55:02+00:00","twitter_card":"summary_large_image","twitter_misc":{"Est. reading time":"2 minutes"},"schema":{"@context":"https:\/\/schema.org","@graph":[{"@type":"WebPage","@id":"https:\/\/orlickehory.amenity.cz\/en\/special-offers\/","url":"https:\/\/orlickehory.amenity.cz\/en\/special-offers\/","name":"Special offers - Amenity Hotel & Resort Orlick\u00e9 hory \u2013 Eagle Mountains","isPartOf":{"@id":"https:\/\/orlickehory.amenity.cz\/en\/#website"},"datePublished":"2021-05-28T12:02:48+00:00","dateModified":"2026-03-26T08:55:02+00:00","description":"Watch news and special offers for Amenity Hotel & Resort Orlick\u00e9 hory. Stay updated and look forward for your stay at Amenity Resort.","breadcrumb":{"@id":"https:\/\/orlickehory.amenity.cz\/en\/special-offers\/#breadcrumb"},"inLanguage":"en-US","potentialAction":[{"@type":"ReadAction","target":["https:\/\/orlickehory.amenity.cz\/en\/special-offers\/"]}]},{"@type":"BreadcrumbList","@id":"https:\/\/orlickehory.amenity.cz\/en\/special-offers\/#breadcrumb","itemListElement":[{"@type":"ListItem","position":1,"name":"Dom\u016f","item":"https:\/\/orlickehory.amenity.cz\/en\/"},{"@type":"ListItem","position":2,"name":"Special offers"}]},{"@type":"WebSite","@id":"https:\/\/orlickehory.amenity.cz\/en\/#website","url":"https:\/\/orlickehory.amenity.cz\/en\/","name":"Amenity Orlick\u00e9 hory","description":"","publisher":{"@id":"https:\/\/orlickehory.amenity.cz\/en\/#organization"},"potentialAction":[{"@type":"SearchAction","target":{"@type":"EntryPoint","urlTemplate":"https:\/\/orlickehory.amenity.cz\/en\/?s={search_term_string}"},"query-input":{"@type":"PropertyValueSpecification","valueRequired":true,"valueName":"search_term_string"}}],"inLanguage":"en-US"},{"@type":"Organization","@id":"https:\/\/orlickehory.amenity.cz\/en\/#organization","name":"Amenity Resorts s.r.o.","url":"https:\/\/orlickehory.amenity.cz\/en\/","logo":{"@type":"ImageObject","inLanguage":"en-US","@id":"https:\/\/orlickehory.amenity.cz\/en\/#\/schema\/logo\/image\/","url":"http:\/\/orlickehory.amenity.cz\/wp-content\/uploads\/sites\/8\/2020\/10\/favicon-amenity-512x512-1.png","contentUrl":"http:\/\/orlickehory.amenity.cz\/wp-content\/uploads\/sites\/8\/2020\/10\/favicon-amenity-512x512-1.png","width":512,"height":512,"caption":"Amenity Resorts s.r.o."},"image":{"@id":"https:\/\/orlickehory.amenity.cz\/en\/#\/schema\/logo\/image\/"},"sameAs":["https:\/\/www.facebook.com\/amenityresorts","https:\/\/www.instagram.com\/amenityresorts\/","https:\/\/www.youtube.com\/channel\/UCVY-yFoyFBR8H0hC1euh7Sw"]}]}},"_links":{"self":[{"href":"https:\/\/orlickehory.amenity.cz\/en\/wp-json\/wp\/v2\/pages\/3449","targetHints":{"allow":["GET"]}}],"collection":[{"href":"https:\/\/orlickehory.amenity.cz\/en\/wp-json\/wp\/v2\/pages"}],"about":[{"href":"https:\/\/orlickehory.amenity.cz\/en\/wp-json\/wp\/v2\/types\/page"}],"author":[{"embeddable":true,"href":"https:\/\/orlickehory.amenity.cz\/en\/wp-json\/wp\/v2\/users\/2"}],"replies":[{"embeddable":true,"href":"https:\/\/orlickehory.amenity.cz\/en\/wp-json\/wp\/v2\/comments?post=3449"}],"version-history":[{"count":6,"href":"https:\/\/orlickehory.amenity.cz\/en\/wp-json\/wp\/v2\/pages\/3449\/revisions"}],"predecessor-version":[{"id":12303,"href":"https:\/\/orlickehory.amenity.cz\/en\/wp-json\/wp\/v2\/pages\/3449\/revisions\/12303"}],"wp:attachment":[{"href":"https:\/\/orlickehory.amenity.cz\/en\/wp-json\/wp\/v2\/media?parent=3449"}],"curies":[{"name":"wp","href":"https:\/\/api.w.org\/{rel}","templated":true}]}}