{"id":10751,"date":"2025-08-28T13:28:41","date_gmt":"2025-08-28T11:28:41","guid":{"rendered":"https:\/\/orlickehory.amenity.cz\/trasy-narciarstwa-biegowego-w-gorach-orlickich\/"},"modified":"2025-08-28T13:28:42","modified_gmt":"2025-08-28T11:28:42","slug":"trasy-narciarstwa-biegowego-w-gorach-orlickich","status":"publish","type":"page","link":"https:\/\/orlickehory.amenity.cz\/pl\/trasy-narciarstwa-biegowego-w-gorach-orlickich\/","title":{"rendered":"Trasy narciarstwa biegowego w G\u00f3rach Orlickich"},"content":{"rendered":"<div class=\"wpb-content-wrapper\"><p>[vc_row full_width=&#8221;stretch_row_content_no_spaces&#8221;][vc_column offset=&#8221;vc_hidden-sm vc_hidden-xs&#8221;][\/vc_column][vc_column offset=&#8221;vc_hidden-lg vc_hidden-md&#8221;][vc_single_image image=&#8221;4624&#8243; img_size=&#8221;full&#8221;][\/vc_column][\/vc_row][vc_row full_width=&#8221;stretch_row_content_no_spaces&#8221;][vc_column]<div  class=\"empty-space  marg-lg-b35\"><\/div><div class=\"text-block \" ><div class=\"simple-text \"><h1 style=\"text-align: center;\">TRASY NARCIARSTWA BIEGOWEGO &#8211; EAGLE MOUNTAINS<\/h1>\n<h2 style=\"text-align: center;\">Narciarstwo biegowe w De\u0161tn\u00e9 w G\u00f3rach Orlickich<\/h2>\n<\/div><\/div><div class=\"text-block \" ><div class=\"simple-text \"><p style=\"text-align: center;\"><b><strong>Wystarczy przej\u015b\u0107 kilka krok\u00f3w od naszego o\u015brodka, za\u0142o\u017cy\u0107 narty biegowe i rozpocz\u0105\u0107 odkrywanie nietkni\u0119tego zimowego krajobrazu.<\/strong><\/b> <b><strong>Ciesz si\u0119 kilkoma dniami wolnymi jak w bajce.<\/strong><\/b><\/p>\n<p style=\"text-align: center;\">Dzi\u0119ki Amenity Resorts masz kontrol\u0119 nad wszystkimi trasami biegowymi. Wybierz tras\u0119 w naszym narz\u0119dziu do planowania tras, a natychmiast zobaczysz jej d\u0142ugo\u015b\u0107, trudno\u015b\u0107 i miejsca, w kt\u00f3rych mo\u017cna co\u015b zje\u015b\u0107 lub zwiedzi\u0107 zabytki historyczne i przyrodnicze. <\/p>\n<p style=\"text-align: center;\">Aktualne informacje na temat dost\u0119pno\u015bci tych tras mo\u017cna znale\u017a\u0107 na stronie <a href=\"http:\/\/kamzasnehem.cz\/\">kamzasnehem.cz<\/a> lub w centrum informacyjnym De\u0161tn\u00e9 v Orlick\u00fdch hor\u00e1ch. W centrum informacyjnym w De\u0161tn\u00e9 v Orlick\u00fdch hor\u00e1ch mo\u017cna r\u00f3wnie\u017c otrzyma\u0107 bezp\u0142atn\u0105 map\u0119 zimowych tras narciarstwa biegowego. <\/p>\n<\/div><\/div><div  class=\"empty-space  marg-lg-b25\"><\/div>[vc_separator color=&#8221;custom&#8221; border_width=&#8221;2&#8243; el_width=&#8221;50&#8243; accent_color=&#8221;#c7b39a&#8221;]<div  class=\"empty-space  marg-lg-b10\"><\/div>[\/vc_column][\/vc_row][vc_row full_width=&#8221;stretch_row_content_no_spaces&#8221; content_placement=&#8221;middle&#8221;][vc_column][vc_raw_html]PGlmcmFtZSBzcmM9Imh0dHBzOi8vd3d3Lmdvb2dsZS5jb20vbWFwcy9kL3UvMC9lbWJlZD9taWQ9MTVONVd2bnA1UlZXYi1FWWwtdUJIeFlObk5yOEdnLVFHIiB3aWR0aD0iMTkyMCIgaGVpZ2h0PSI2MDAiPjwvaWZyYW1lPg==[\/vc_raw_html]<div  class=\"empty-space  marg-lg-b35\"><\/div>[vc_separator color=&#8221;custom&#8221; border_width=&#8221;2&#8243; el_width=&#8221;50&#8243; accent_color=&#8221;#c7b39a&#8221;][\/vc_column][\/vc_row][vc_column][\/vc_column][vc_column][\/vc_column]<\/p>\n<\/div>","protected":false},"excerpt":{"rendered":"<p>[vc_row full_width=&#8221;stretch_row_content_no_spaces&#8221;][vc_column offset=&#8221;vc_hidden-sm vc_hidden-xs&#8221;][\/vc_column][vc_column offset=&#8221;vc_hidden-lg vc_hidden-md&#8221;][vc_single_image image=&#8221;4624&#8243; img_size=&#8221;full&#8221;][\/vc_column][\/vc_row][vc_row full_width=&#8221;stretch_row_content_no_spaces&#8221;][vc_column][vc_separator color=&#8221;custom&#8221; border_width=&#8221;2&#8243; el_width=&#8221;50&#8243; accent_color=&#8221;#c7b39a&#8221;][\/vc_column][\/vc_row][vc_row full_width=&#8221;stretch_row_content_no_spaces&#8221; content_placement=&#8221;middle&#8221;][vc_column][vc_raw_html]PGlmcmFtZSBzcmM9Imh0dHBzOi8vd3d3Lmdvb2dsZS5jb20vbWFwcy9kL3UvMC9lbWJlZD9taWQ9MTVONVd2bnA1UlZXYi1FWWwtdUJIeFlObk5yOEdnLVFHIiB3aWR0aD0iMTkyMCIgaGVpZ2h0PSI2MDAiPjwvaWZyYW1lPg==[\/vc_raw_html][vc_separator color=&#8221;custom&#8221; border_width=&#8221;2&#8243; el_width=&#8221;50&#8243; accent_color=&#8221;#c7b39a&#8221;][\/vc_column][\/vc_row][vc_column][\/vc_column][vc_column][\/vc_column]<\/p>\n","protected":false},"author":3,"featured_media":0,"parent":0,"menu_order":0,"comment_status":"closed","ping_status":"closed","template":"","meta":{"footnotes":""},"class_list":["post-10751","page","type-page","status-publish","hentry"],"yoast_head":"<!-- This site is optimized with the Yoast SEO Premium plugin v27.3 (Yoast SEO v27.3) - https:\/\/yoast.com\/product\/yoast-seo-premium-wordpress\/ -->\n<title>Trasy narciarstwa biegowego w G\u00f3rach Orlickich - Amenity Hotel &amp; Resort Orlick\u00e9 hory<\/title>\n<meta name=\"description\" content=\"Wystarczy przej\u015b\u0107 kilka krok\u00f3w od naszego o\u015brodka, za\u0142o\u017cy\u0107 narty biegowe i rozpocz\u0105\u0107 odkrywanie nietkni\u0119tego zimowego krajobrazu. Ciesz si\u0119 kilkoma dniami wolnego jak w bajce.\" \/>\n<meta name=\"robots\" content=\"index, follow, max-snippet:-1, max-image-preview:large, max-video-preview:-1\" \/>\n<link rel=\"canonical\" href=\"https:\/\/orlickehory.amenity.cz\/pl\/trasy-narciarstwa-biegowego-w-gorach-orlickich\/\" \/>\n<meta property=\"og:locale\" content=\"pl_PL\" \/>\n<meta property=\"og:type\" content=\"article\" \/>\n<meta property=\"og:title\" content=\"Trasy narciarstwa biegowego w G\u00f3rach Orlickich\" \/>\n<meta property=\"og:description\" content=\"Wystarczy przej\u015b\u0107 kilka krok\u00f3w od naszego o\u015brodka, za\u0142o\u017cy\u0107 narty biegowe i rozpocz\u0105\u0107 odkrywanie nietkni\u0119tego zimowego krajobrazu. Ciesz si\u0119 kilkoma dniami wolnego jak w bajce.\" \/>\n<meta property=\"og:url\" content=\"https:\/\/orlickehory.amenity.cz\/pl\/trasy-narciarstwa-biegowego-w-gorach-orlickich\/\" \/>\n<meta property=\"og:site_name\" content=\"Amenity Hotel &amp; Resort Orlick\u00e9 hory\" \/>\n<meta property=\"article:publisher\" content=\"https:\/\/www.facebook.com\/amenityresorts\" \/>\n<meta property=\"article:modified_time\" content=\"2025-08-28T11:28:42+00:00\" \/>\n<meta name=\"twitter:card\" content=\"summary_large_image\" \/>\n<meta name=\"twitter:label1\" content=\"Szacowany czas czytania\" \/>\n\t<meta name=\"twitter:data1\" content=\"2 minuty\" \/>\n<script type=\"application\/ld+json\" class=\"yoast-schema-graph\">{\"@context\":\"https:\\\/\\\/schema.org\",\"@graph\":[{\"@type\":\"WebPage\",\"@id\":\"https:\\\/\\\/orlickehory.amenity.cz\\\/pl\\\/trasy-narciarstwa-biegowego-w-gorach-orlickich\\\/\",\"url\":\"https:\\\/\\\/orlickehory.amenity.cz\\\/pl\\\/trasy-narciarstwa-biegowego-w-gorach-orlickich\\\/\",\"name\":\"Trasy narciarstwa biegowego w G\u00f3rach Orlickich - Amenity Hotel &amp; Resort Orlick\u00e9 hory\",\"isPartOf\":{\"@id\":\"https:\\\/\\\/orlickehory.amenity.cz\\\/pl\\\/#website\"},\"datePublished\":\"2025-08-28T11:28:41+00:00\",\"dateModified\":\"2025-08-28T11:28:42+00:00\",\"description\":\"Wystarczy przej\u015b\u0107 kilka krok\u00f3w od naszego o\u015brodka, za\u0142o\u017cy\u0107 narty biegowe i rozpocz\u0105\u0107 odkrywanie nietkni\u0119tego zimowego krajobrazu. Ciesz si\u0119 kilkoma dniami wolnego jak w bajce.\",\"breadcrumb\":{\"@id\":\"https:\\\/\\\/orlickehory.amenity.cz\\\/pl\\\/trasy-narciarstwa-biegowego-w-gorach-orlickich\\\/#breadcrumb\"},\"inLanguage\":\"pl-PL\",\"potentialAction\":[{\"@type\":\"ReadAction\",\"target\":[\"https:\\\/\\\/orlickehory.amenity.cz\\\/pl\\\/trasy-narciarstwa-biegowego-w-gorach-orlickich\\\/\"]}]},{\"@type\":\"BreadcrumbList\",\"@id\":\"https:\\\/\\\/orlickehory.amenity.cz\\\/pl\\\/trasy-narciarstwa-biegowego-w-gorach-orlickich\\\/#breadcrumb\",\"itemListElement\":[{\"@type\":\"ListItem\",\"position\":1,\"name\":\"Dom\u016f\",\"item\":\"https:\\\/\\\/orlickehory.amenity.cz\\\/pl\\\/\"},{\"@type\":\"ListItem\",\"position\":2,\"name\":\"Trasy narciarstwa biegowego w G\u00f3rach Orlickich\"}]},{\"@type\":\"WebSite\",\"@id\":\"https:\\\/\\\/orlickehory.amenity.cz\\\/pl\\\/#website\",\"url\":\"https:\\\/\\\/orlickehory.amenity.cz\\\/pl\\\/\",\"name\":\"Amenity Orlick\u00e9 hory\",\"description\":\"\",\"publisher\":{\"@id\":\"https:\\\/\\\/orlickehory.amenity.cz\\\/pl\\\/#organization\"},\"potentialAction\":[{\"@type\":\"SearchAction\",\"target\":{\"@type\":\"EntryPoint\",\"urlTemplate\":\"https:\\\/\\\/orlickehory.amenity.cz\\\/pl\\\/?s={search_term_string}\"},\"query-input\":{\"@type\":\"PropertyValueSpecification\",\"valueRequired\":true,\"valueName\":\"search_term_string\"}}],\"inLanguage\":\"pl-PL\"},{\"@type\":\"Organization\",\"@id\":\"https:\\\/\\\/orlickehory.amenity.cz\\\/pl\\\/#organization\",\"name\":\"Amenity Resorts s.r.o.\",\"url\":\"https:\\\/\\\/orlickehory.amenity.cz\\\/pl\\\/\",\"logo\":{\"@type\":\"ImageObject\",\"inLanguage\":\"pl-PL\",\"@id\":\"https:\\\/\\\/orlickehory.amenity.cz\\\/pl\\\/#\\\/schema\\\/logo\\\/image\\\/\",\"url\":\"http:\\\/\\\/orlickehory.amenity.cz\\\/wp-content\\\/uploads\\\/sites\\\/8\\\/2020\\\/10\\\/favicon-amenity-512x512-1.png\",\"contentUrl\":\"http:\\\/\\\/orlickehory.amenity.cz\\\/wp-content\\\/uploads\\\/sites\\\/8\\\/2020\\\/10\\\/favicon-amenity-512x512-1.png\",\"width\":512,\"height\":512,\"caption\":\"Amenity Resorts s.r.o.\"},\"image\":{\"@id\":\"https:\\\/\\\/orlickehory.amenity.cz\\\/pl\\\/#\\\/schema\\\/logo\\\/image\\\/\"},\"sameAs\":[\"https:\\\/\\\/www.facebook.com\\\/amenityresorts\",\"https:\\\/\\\/www.instagram.com\\\/amenityresorts\\\/\",\"https:\\\/\\\/www.youtube.com\\\/channel\\\/UCVY-yFoyFBR8H0hC1euh7Sw\"]}]}<\/script>\n<!-- \/ Yoast SEO Premium plugin. -->","yoast_head_json":{"title":"Trasy narciarstwa biegowego w G\u00f3rach Orlickich - Amenity Hotel &amp; Resort Orlick\u00e9 hory","description":"Wystarczy przej\u015b\u0107 kilka krok\u00f3w od naszego o\u015brodka, za\u0142o\u017cy\u0107 narty biegowe i rozpocz\u0105\u0107 odkrywanie nietkni\u0119tego zimowego krajobrazu. Ciesz si\u0119 kilkoma dniami wolnego jak w bajce.","robots":{"index":"index","follow":"follow","max-snippet":"max-snippet:-1","max-image-preview":"max-image-preview:large","max-video-preview":"max-video-preview:-1"},"canonical":"https:\/\/orlickehory.amenity.cz\/pl\/trasy-narciarstwa-biegowego-w-gorach-orlickich\/","og_locale":"pl_PL","og_type":"article","og_title":"Trasy narciarstwa biegowego w G\u00f3rach Orlickich","og_description":"Wystarczy przej\u015b\u0107 kilka krok\u00f3w od naszego o\u015brodka, za\u0142o\u017cy\u0107 narty biegowe i rozpocz\u0105\u0107 odkrywanie nietkni\u0119tego zimowego krajobrazu. Ciesz si\u0119 kilkoma dniami wolnego jak w bajce.","og_url":"https:\/\/orlickehory.amenity.cz\/pl\/trasy-narciarstwa-biegowego-w-gorach-orlickich\/","og_site_name":"Amenity Hotel &amp; Resort Orlick\u00e9 hory","article_publisher":"https:\/\/www.facebook.com\/amenityresorts","article_modified_time":"2025-08-28T11:28:42+00:00","twitter_card":"summary_large_image","twitter_misc":{"Szacowany czas czytania":"2 minuty"},"schema":{"@context":"https:\/\/schema.org","@graph":[{"@type":"WebPage","@id":"https:\/\/orlickehory.amenity.cz\/pl\/trasy-narciarstwa-biegowego-w-gorach-orlickich\/","url":"https:\/\/orlickehory.amenity.cz\/pl\/trasy-narciarstwa-biegowego-w-gorach-orlickich\/","name":"Trasy narciarstwa biegowego w G\u00f3rach Orlickich - Amenity Hotel &amp; Resort Orlick\u00e9 hory","isPartOf":{"@id":"https:\/\/orlickehory.amenity.cz\/pl\/#website"},"datePublished":"2025-08-28T11:28:41+00:00","dateModified":"2025-08-28T11:28:42+00:00","description":"Wystarczy przej\u015b\u0107 kilka krok\u00f3w od naszego o\u015brodka, za\u0142o\u017cy\u0107 narty biegowe i rozpocz\u0105\u0107 odkrywanie nietkni\u0119tego zimowego krajobrazu. Ciesz si\u0119 kilkoma dniami wolnego jak w bajce.","breadcrumb":{"@id":"https:\/\/orlickehory.amenity.cz\/pl\/trasy-narciarstwa-biegowego-w-gorach-orlickich\/#breadcrumb"},"inLanguage":"pl-PL","potentialAction":[{"@type":"ReadAction","target":["https:\/\/orlickehory.amenity.cz\/pl\/trasy-narciarstwa-biegowego-w-gorach-orlickich\/"]}]},{"@type":"BreadcrumbList","@id":"https:\/\/orlickehory.amenity.cz\/pl\/trasy-narciarstwa-biegowego-w-gorach-orlickich\/#breadcrumb","itemListElement":[{"@type":"ListItem","position":1,"name":"Dom\u016f","item":"https:\/\/orlickehory.amenity.cz\/pl\/"},{"@type":"ListItem","position":2,"name":"Trasy narciarstwa biegowego w G\u00f3rach Orlickich"}]},{"@type":"WebSite","@id":"https:\/\/orlickehory.amenity.cz\/pl\/#website","url":"https:\/\/orlickehory.amenity.cz\/pl\/","name":"Amenity Orlick\u00e9 hory","description":"","publisher":{"@id":"https:\/\/orlickehory.amenity.cz\/pl\/#organization"},"potentialAction":[{"@type":"SearchAction","target":{"@type":"EntryPoint","urlTemplate":"https:\/\/orlickehory.amenity.cz\/pl\/?s={search_term_string}"},"query-input":{"@type":"PropertyValueSpecification","valueRequired":true,"valueName":"search_term_string"}}],"inLanguage":"pl-PL"},{"@type":"Organization","@id":"https:\/\/orlickehory.amenity.cz\/pl\/#organization","name":"Amenity Resorts s.r.o.","url":"https:\/\/orlickehory.amenity.cz\/pl\/","logo":{"@type":"ImageObject","inLanguage":"pl-PL","@id":"https:\/\/orlickehory.amenity.cz\/pl\/#\/schema\/logo\/image\/","url":"http:\/\/orlickehory.amenity.cz\/wp-content\/uploads\/sites\/8\/2020\/10\/favicon-amenity-512x512-1.png","contentUrl":"http:\/\/orlickehory.amenity.cz\/wp-content\/uploads\/sites\/8\/2020\/10\/favicon-amenity-512x512-1.png","width":512,"height":512,"caption":"Amenity Resorts s.r.o."},"image":{"@id":"https:\/\/orlickehory.amenity.cz\/pl\/#\/schema\/logo\/image\/"},"sameAs":["https:\/\/www.facebook.com\/amenityresorts","https:\/\/www.instagram.com\/amenityresorts\/","https:\/\/www.youtube.com\/channel\/UCVY-yFoyFBR8H0hC1euh7Sw"]}]}},"_links":{"self":[{"href":"https:\/\/orlickehory.amenity.cz\/pl\/wp-json\/wp\/v2\/pages\/10751","targetHints":{"allow":["GET"]}}],"collection":[{"href":"https:\/\/orlickehory.amenity.cz\/pl\/wp-json\/wp\/v2\/pages"}],"about":[{"href":"https:\/\/orlickehory.amenity.cz\/pl\/wp-json\/wp\/v2\/types\/page"}],"author":[{"embeddable":true,"href":"https:\/\/orlickehory.amenity.cz\/pl\/wp-json\/wp\/v2\/users\/3"}],"replies":[{"embeddable":true,"href":"https:\/\/orlickehory.amenity.cz\/pl\/wp-json\/wp\/v2\/comments?post=10751"}],"version-history":[{"count":2,"href":"https:\/\/orlickehory.amenity.cz\/pl\/wp-json\/wp\/v2\/pages\/10751\/revisions"}],"predecessor-version":[{"id":10753,"href":"https:\/\/orlickehory.amenity.cz\/pl\/wp-json\/wp\/v2\/pages\/10751\/revisions\/10753"}],"wp:attachment":[{"href":"https:\/\/orlickehory.amenity.cz\/pl\/wp-json\/wp\/v2\/media?parent=10751"}],"curies":[{"name":"wp","href":"https:\/\/api.w.org\/{rel}","templated":true}]}}