{"id":10861,"date":"2025-08-28T15:12:54","date_gmt":"2025-08-28T13:12:54","guid":{"rendered":"https:\/\/orlickehory.amenity.cz\/bowling\/"},"modified":"2025-11-07T21:18:02","modified_gmt":"2025-11-07T20:18:02","slug":"bowling","status":"publish","type":"page","link":"https:\/\/orlickehory.amenity.cz\/pl\/bowling\/","title":{"rendered":"Bowling"},"content":{"rendered":"<div class=\"wpb-content-wrapper\"><p>[vc_row full_width=&#8221;stretch_row&#8221;][vc_column offset=&#8221;vc_hidden-sm vc_hidden-xs&#8221;]\n\t\t\t<!-- START Dletobowling REVOLUTION SLIDER 6.7.4 --><p class=\"rs-p-wp-fix\"><\/p>\n\t\t\t<rs-module-wrap id=\"rev_slider_15_1_wrapper\" data-source=\"gallery\" style=\"visibility:hidden;background:#2b2b2b;padding:0;margin:0px auto;margin-top:0;margin-bottom:0;\">\n\t\t\t\t<rs-module id=\"rev_slider_15_1\" style=\"\" data-version=\"6.7.4\">\n\t\t\t\t\t<rs-slides style=\"overflow: hidden; position: absolute;\">\n\t\t\t\t\t\t<rs-slide style=\"position: absolute;\" data-key=\"rs-51\" data-title=\"Slide\" data-thumb=\"\/\/orlickehory.amenity.cz\/wp-content\/uploads\/sites\/8\/2022\/04\/1600x630_bow-100x50.jpg\" data-anim=\"adpr:false;e:slidingoverlay;ms:1000ms;\" data-in=\"o:0;y:-100%;\" data-out=\"a:false;\">\n\t\t\t\t\t\t\t<img decoding=\"async\" src=\"\/\/orlickehory.amenity.cz\/wp-content\/plugins\/revslider\/sr6\/assets\/assets\/dummy.png\" alt=\"\" title=\"1600x630_bow\" width=\"1600\" height=\"630\" class=\"rev-slidebg tp-rs-img rs-lazyload\" data-lazyload=\"\/\/orlickehory.amenity.cz\/wp-content\/uploads\/sites\/8\/2022\/04\/1600x630_bow.jpg\" data-parallax=\"off\" data-panzoom=\"d:10000;ss:100;se:110%;\" data-no-retina>\n<!--\n\t\t\t\t\t\t\t--><rs-layer\n\t\t\t\t\t\t\t\tid=\"slider-15-slide-51-layer-2\" \n\t\t\t\t\t\t\t\tdata-type=\"object\"\n\t\t\t\t\t\t\t\tdata-rsp_ch=\"on\"\n\t\t\t\t\t\t\t\tdata-xy=\"xo:50px,50px,50px,23px;yo:50px,50px,50px,23px;\"\n\t\t\t\t\t\t\t\tdata-text=\"w:normal;s:20,20,20,8;l:0,0,0,11;\"\n\t\t\t\t\t\t\t\tdata-frame_999=\"o:0;st:w;\"\n\t\t\t\t\t\t\t\tstyle=\"z-index:10;font-family:'Roboto';\"\n\t\t\t\t\t\t\t> \n\t\t\t\t\t\t\t<\/rs-layer><!--\n-->\t\t\t\t\t<\/rs-slide>\n\t\t\t\t\t\t<rs-slide style=\"position: absolute;\" data-key=\"rs-91\" data-title=\"Slide\" data-thumb=\"\/\/orlickehory.amenity.cz\/wp-content\/uploads\/sites\/8\/2021\/08\/amenity-resort-orlicke-hory_1600x630_2-100x50.jpg\" data-anim=\"adpr:false;e:slidingoverlay;ms:1000ms;\" data-in=\"o:0;y:-100%;\" data-out=\"a:false;\">\n\t\t\t\t\t\t\t<img decoding=\"async\" src=\"\/\/orlickehory.amenity.cz\/wp-content\/plugins\/revslider\/sr6\/assets\/assets\/dummy.png\" alt=\"\" title=\"amenity-resort-orlicke-hory_1600x630_2\" width=\"1600\" height=\"630\" class=\"rev-slidebg tp-rs-img rs-lazyload\" data-lazyload=\"\/\/orlickehory.amenity.cz\/wp-content\/uploads\/sites\/8\/2021\/08\/amenity-resort-orlicke-hory_1600x630_2.jpg\" data-parallax=\"off\" data-panzoom=\"d:10000;ss:100;se:110%;\" data-no-retina>\n<!--\n\t\t\t\t\t\t\t--><rs-layer\n\t\t\t\t\t\t\t\tid=\"slider-15-slide-91-layer-2\" \n\t\t\t\t\t\t\t\tdata-type=\"object\"\n\t\t\t\t\t\t\t\tdata-rsp_ch=\"on\"\n\t\t\t\t\t\t\t\tdata-xy=\"xo:50px,50px,50px,23px;yo:50px,50px,50px,23px;\"\n\t\t\t\t\t\t\t\tdata-text=\"w:normal;s:20,20,20,8;l:0,0,0,11;\"\n\t\t\t\t\t\t\t\tdata-frame_999=\"o:0;st:w;\"\n\t\t\t\t\t\t\t\tstyle=\"z-index:10;font-family:'Roboto';\"\n\t\t\t\t\t\t\t> \n\t\t\t\t\t\t\t<\/rs-layer><!--\n-->\t\t\t\t\t<\/rs-slide>\n\t\t\t\t\t\t<rs-slide style=\"position: absolute;\" data-key=\"rs-92\" data-title=\"Slide\" data-thumb=\"\/\/orlickehory.amenity.cz\/wp-content\/uploads\/sites\/8\/2021\/09\/bar_1600x630-100x50.jpg\" data-anim=\"adpr:false;e:slidingoverlay;ms:1000ms;\" data-in=\"o:0;y:-100%;\" data-out=\"a:false;\">\n\t\t\t\t\t\t\t<img decoding=\"async\" src=\"\/\/orlickehory.amenity.cz\/wp-content\/plugins\/revslider\/sr6\/assets\/assets\/dummy.png\" alt=\"\" title=\"bar_1600x630\" width=\"1600\" height=\"630\" class=\"rev-slidebg tp-rs-img rs-lazyload\" data-lazyload=\"\/\/orlickehory.amenity.cz\/wp-content\/uploads\/sites\/8\/2021\/09\/bar_1600x630.jpg\" data-parallax=\"off\" data-panzoom=\"d:10000;ss:100;se:110%;\" data-no-retina>\n<!--\n\t\t\t\t\t\t\t--><rs-layer\n\t\t\t\t\t\t\t\tid=\"slider-15-slide-92-layer-2\" \n\t\t\t\t\t\t\t\tdata-type=\"object\"\n\t\t\t\t\t\t\t\tdata-rsp_ch=\"on\"\n\t\t\t\t\t\t\t\tdata-xy=\"xo:50px,50px,50px,23px;yo:50px,50px,50px,23px;\"\n\t\t\t\t\t\t\t\tdata-text=\"w:normal;s:20,20,20,8;l:0,0,0,11;\"\n\t\t\t\t\t\t\t\tdata-frame_999=\"o:0;st:w;\"\n\t\t\t\t\t\t\t\tstyle=\"z-index:10;font-family:'Roboto';\"\n\t\t\t\t\t\t\t> \n\t\t\t\t\t\t\t<\/rs-layer><!--\n-->\t\t\t\t\t<\/rs-slide>\n\t\t\t\t\t<\/rs-slides>\n\t\t\t\t\t<rs-static-layers><!--\n\t\t\t\t\t--><\/rs-static-layers>\n\t\t\t\t<\/rs-module>\n\t\t\t\t<script>\n\t\t\t\t\tsetREVStartSize({c: 'rev_slider_15_1',rl:[1240,1240,1240,480],el:[630,630,630,625],gw:[1600,1600,1600,750],gh:[630,630,630,625],type:'standard',justify:'',layout:'fullwidth',mh:\"0\"});if (window.RS_MODULES!==undefined && window.RS_MODULES.modules!==undefined && window.RS_MODULES.modules[\"revslider151\"]!==undefined) {window.RS_MODULES.modules[\"revslider151\"].once = false;window.revapi15 = undefined;if (window.RS_MODULES.checkMinimal!==undefined) window.RS_MODULES.checkMinimal()}\n\t\t\t\t<\/script>\n\t\t\t<\/rs-module-wrap>\n\t\t\t<!-- END REVOLUTION SLIDER -->\n[\/vc_column][vc_column offset=&#8221;vc_hidden-lg vc_hidden-md&#8221;][vc_single_image image=&#8221;7016&#8243; img_size=&#8221;750&#215;625&#8243;][\/vc_column][\/vc_row][vc_row][vc_column]<div  class=\"empty-space  marg-lg-b25\"><\/div><div class=\"text-block \" ><div class=\"simple-text \"><h2 style=\"text-align: center;\">Bowling<\/h2>\n<p style=\"text-align: center;\"><strong>Godziny otwarcia: 11:00 &#8211; 22:00<\/strong><\/p>\n<p style=\"text-align: center;\">Kontakt: <a href=\"tel:+420491206333\">+420 491 206 333<\/a><\/p>\n<p style=\"text-align: center;\">| Bowling De\u0161tn\u00e9 v Orlick\u00fdch hor\u00e1ch|<\/p>\n<\/div><\/div><div  class=\"empty-space  marg-lg-b10\"><\/div>[vc_separator color=&#8221;custom&#8221; border_width=&#8221;2&#8243; el_width=&#8221;50&#8243; accent_color=&#8221;#c7b39a&#8221;][\/vc_column][\/vc_row][vc_row full_width=&#8221;stretch_row_content_no_spaces&#8221;][vc_column]<div  class=\"empty-space  marg-lg-b35 marg-xs-b50\"><\/div><div  class=\"hb-text-block__wrapper style1\"><div class=\"row\"><div class=\"col-md-6\"><div class=\"hb-image__block\"><img decoding=\"async\" src=\"https:\/\/orlickehory.amenity.cz\/wp-content\/uploads\/sites\/8\/2022\/11\/oh-zima-2022_750x625_7.jpg\" alt=\"\" \/><\/div><\/div><div class=\"col-md-6\"><div class=\"hb-text_block_content\"><div class=\"hb-text-block___inner_wrapper\"><div class=\"featured-rooms-slider__title title-color-black\">Bowling De\u0161tn\u00e9<\/div><div class=\"featured-rooms-slider__text content-color-grey\">Zorganizuj rodzinny turniej lub przyjd\u017a zagra\u0107 z przyjaci\u00f3\u0142mi. Dost\u0119pne s\u0105 dwa tory do gry w kr\u0119gle z dostosowaniem dla najmniejszych graczy. Zalecamy wcze\u015bniejsz\u0105 rezerwacj\u0119.<\/p>\n<p><strong>Cena za 1 pas ruchu<\/strong>: 350 CZK\/godz.<br \/>\n<strong>Rezerwacje:<\/strong> <a href=\"tel:%2000420603926397\">(+420) 603 926 397<\/a><\/div><\/div><\/div><\/div><\/div><\/div>[\/vc_column][\/vc_row][vc_row full_width=&#8221;stretch_row_content_no_spaces&#8221; disable_element=&#8221;yes&#8221;][vc_column offset=&#8221;vc_hidden-sm vc_hidden-xs&#8221;]<div  class=\"hb-text-block__wrapper style2\"><div class=\"row\"><div class=\"col-md-6\"><div class=\"hb-text_block_content\"><div class=\"hb-text-block___inner_wrapper text-right\"><div class=\"featured-rooms-slider__title title-color-black\">Bowling Bar<\/div><div class=\"featured-rooms-slider__text content-color-grey\">Ka\u017cdy gracz zas\u0142uguje na odpowiedni\u0105 nagrod\u0119 po turnieju. W s\u0105siednim barze bowlingowym mo\u017cna wypi\u0107 koktajl zmiksowany przez barmana, piwo z regionalnych browar\u00f3w lub co\u015b przek\u0105si\u0107. Je\u015bli duch rywalizacji to za ma\u0142o, mo\u017cna kontynuowa\u0107 gr\u0119 w bilard, rzutki lub pi\u0142karzyki. <\/div><\/div><\/div><\/div><div class=\"col-md-6\"><div class=\"hb-image__block\"><img decoding=\"async\" src=\"https:\/\/orlickehory.amenity.cz\/wp-content\/uploads\/sites\/8\/2022\/11\/oh-zima-2022_750x625_17.jpg\" alt=\"\" \/><\/div><\/div><\/div><\/div>[\/vc_column][\/vc_row][vc_row full_width=&#8221;stretch_row_content_no_spaces&#8221;][vc_column offset=&#8221;vc_hidden-lg vc_hidden-md&#8221;]<div  class=\"hb-text-block__wrapper style1\"><div class=\"row\"><div class=\"col-md-6\"><div class=\"hb-image__block\"><img decoding=\"async\" src=\"https:\/\/orlickehory.amenity.cz\/wp-content\/uploads\/sites\/8\/2022\/11\/oh-zima-2022_750x625_17.jpg\" alt=\"\" \/><\/div><\/div><div class=\"col-md-6\"><div class=\"hb-text_block_content\"><div class=\"hb-text-block___inner_wrapper\"><div class=\"featured-rooms-slider__title title-color-black\">Bowling Bar<\/div><div class=\"featured-rooms-slider__text content-color-grey\">Ka\u017cdy gracz zas\u0142uguje na odpowiedni\u0105 nagrod\u0119 po turnieju. W s\u0105siednim barze bowlingowym mo\u017cna wypi\u0107 koktajl zmiksowany przez barmana, piwo z regionalnych browar\u00f3w lub co\u015b przek\u0105si\u0107. Je\u015bli duch rywalizacji to za ma\u0142o, mo\u017cna kontynuowa\u0107 gr\u0119 w bilard, rzutki lub pi\u0142karzyki. <\/div><\/div><\/div><\/div><\/div><\/div>[\/vc_column][\/vc_row]<\/p>\n<\/div>","protected":false},"excerpt":{"rendered":"<p>[vc_row full_width=&#8221;stretch_row&#8221;][vc_column offset=&#8221;vc_hidden-sm vc_hidden-xs&#8221;][\/vc_column][vc_column offset=&#8221;vc_hidden-lg vc_hidden-md&#8221;][vc_single_image image=&#8221;7016&#8243; img_size=&#8221;750&#215;625&#8243;][\/vc_column][\/vc_row][vc_row][vc_column][vc_separator color=&#8221;custom&#8221; border_width=&#8221;2&#8243; el_width=&#8221;50&#8243; accent_color=&#8221;#c7b39a&#8221;][\/vc_column][\/vc_row][vc_row full_width=&#8221;stretch_row_content_no_spaces&#8221;][vc_column][\/vc_column][\/vc_row][vc_row full_width=&#8221;stretch_row_content_no_spaces&#8221; disable_element=&#8221;yes&#8221;][vc_column offset=&#8221;vc_hidden-sm vc_hidden-xs&#8221;][\/vc_column][\/vc_row][vc_row full_width=&#8221;stretch_row_content_no_spaces&#8221;][vc_column offset=&#8221;vc_hidden-lg vc_hidden-md&#8221;][\/vc_column][\/vc_row]<\/p>\n","protected":false},"author":2,"featured_media":0,"parent":0,"menu_order":0,"comment_status":"closed","ping_status":"closed","template":"","meta":{"footnotes":""},"class_list":["post-10861","page","type-page","status-publish","hentry"],"yoast_head":"<!-- This site is optimized with the Yoast SEO Premium plugin v27.3 (Yoast SEO v27.3) - https:\/\/yoast.com\/product\/yoast-seo-premium-wordpress\/ -->\n<title>Bowling De\u0161tn\u00e9 v Orlick\u00fdch hor\u00e1ch - Amenity Resort G\u00f3ry Orlickie<\/title>\n<meta name=\"description\" content=\"Bowling De\u0161tn\u00e9 w G\u00f3rach Orlickich. Dwa nowoczesne tory bowlingowe w Amenity Resort De\u0161tn\u00e9 v Orlick\u00fdch hor\u00e1ch. Cz\u0119\u015bci\u0105 kr\u0119gielni jest bar.\" \/>\n<meta name=\"robots\" content=\"index, follow, max-snippet:-1, max-image-preview:large, max-video-preview:-1\" \/>\n<link rel=\"canonical\" href=\"https:\/\/orlickehory.amenity.cz\/pl\/bowling\/\" \/>\n<meta property=\"og:locale\" content=\"pl_PL\" \/>\n<meta property=\"og:type\" content=\"article\" \/>\n<meta property=\"og:title\" content=\"Bowling\" \/>\n<meta property=\"og:description\" content=\"Bowling De\u0161tn\u00e9 w G\u00f3rach Orlickich. Dwa nowoczesne tory bowlingowe w Amenity Resort De\u0161tn\u00e9 v Orlick\u00fdch hor\u00e1ch. Cz\u0119\u015bci\u0105 kr\u0119gielni jest bar.\" \/>\n<meta property=\"og:url\" content=\"https:\/\/orlickehory.amenity.cz\/pl\/bowling\/\" \/>\n<meta property=\"og:site_name\" content=\"Amenity Hotel &amp; Resort Orlick\u00e9 hory\" \/>\n<meta property=\"article:publisher\" content=\"https:\/\/www.facebook.com\/amenityresorts\" \/>\n<meta property=\"article:modified_time\" content=\"2025-11-07T20:18:02+00:00\" \/>\n<meta name=\"twitter:card\" content=\"summary_large_image\" \/>\n<meta name=\"twitter:label1\" content=\"Szacowany czas czytania\" \/>\n\t<meta name=\"twitter:data1\" content=\"2 minuty\" \/>\n<script type=\"application\/ld+json\" class=\"yoast-schema-graph\">{\"@context\":\"https:\\\/\\\/schema.org\",\"@graph\":[{\"@type\":\"WebPage\",\"@id\":\"https:\\\/\\\/orlickehory.amenity.cz\\\/pl\\\/bowling\\\/\",\"url\":\"https:\\\/\\\/orlickehory.amenity.cz\\\/pl\\\/bowling\\\/\",\"name\":\"Bowling De\u0161tn\u00e9 v Orlick\u00fdch hor\u00e1ch - Amenity Resort G\u00f3ry Orlickie\",\"isPartOf\":{\"@id\":\"https:\\\/\\\/orlickehory.amenity.cz\\\/pl\\\/#website\"},\"datePublished\":\"2025-08-28T13:12:54+00:00\",\"dateModified\":\"2025-11-07T20:18:02+00:00\",\"description\":\"Bowling De\u0161tn\u00e9 w G\u00f3rach Orlickich. Dwa nowoczesne tory bowlingowe w Amenity Resort De\u0161tn\u00e9 v Orlick\u00fdch hor\u00e1ch. Cz\u0119\u015bci\u0105 kr\u0119gielni jest bar.\",\"breadcrumb\":{\"@id\":\"https:\\\/\\\/orlickehory.amenity.cz\\\/pl\\\/bowling\\\/#breadcrumb\"},\"inLanguage\":\"pl-PL\",\"potentialAction\":[{\"@type\":\"ReadAction\",\"target\":[\"https:\\\/\\\/orlickehory.amenity.cz\\\/pl\\\/bowling\\\/\"]}]},{\"@type\":\"BreadcrumbList\",\"@id\":\"https:\\\/\\\/orlickehory.amenity.cz\\\/pl\\\/bowling\\\/#breadcrumb\",\"itemListElement\":[{\"@type\":\"ListItem\",\"position\":1,\"name\":\"Dom\u016f\",\"item\":\"https:\\\/\\\/orlickehory.amenity.cz\\\/pl\\\/\"},{\"@type\":\"ListItem\",\"position\":2,\"name\":\"Bowling\"}]},{\"@type\":\"WebSite\",\"@id\":\"https:\\\/\\\/orlickehory.amenity.cz\\\/pl\\\/#website\",\"url\":\"https:\\\/\\\/orlickehory.amenity.cz\\\/pl\\\/\",\"name\":\"Amenity Orlick\u00e9 hory\",\"description\":\"\",\"publisher\":{\"@id\":\"https:\\\/\\\/orlickehory.amenity.cz\\\/pl\\\/#organization\"},\"potentialAction\":[{\"@type\":\"SearchAction\",\"target\":{\"@type\":\"EntryPoint\",\"urlTemplate\":\"https:\\\/\\\/orlickehory.amenity.cz\\\/pl\\\/?s={search_term_string}\"},\"query-input\":{\"@type\":\"PropertyValueSpecification\",\"valueRequired\":true,\"valueName\":\"search_term_string\"}}],\"inLanguage\":\"pl-PL\"},{\"@type\":\"Organization\",\"@id\":\"https:\\\/\\\/orlickehory.amenity.cz\\\/pl\\\/#organization\",\"name\":\"Amenity Resorts s.r.o.\",\"url\":\"https:\\\/\\\/orlickehory.amenity.cz\\\/pl\\\/\",\"logo\":{\"@type\":\"ImageObject\",\"inLanguage\":\"pl-PL\",\"@id\":\"https:\\\/\\\/orlickehory.amenity.cz\\\/pl\\\/#\\\/schema\\\/logo\\\/image\\\/\",\"url\":\"http:\\\/\\\/orlickehory.amenity.cz\\\/wp-content\\\/uploads\\\/sites\\\/8\\\/2020\\\/10\\\/favicon-amenity-512x512-1.png\",\"contentUrl\":\"http:\\\/\\\/orlickehory.amenity.cz\\\/wp-content\\\/uploads\\\/sites\\\/8\\\/2020\\\/10\\\/favicon-amenity-512x512-1.png\",\"width\":512,\"height\":512,\"caption\":\"Amenity Resorts s.r.o.\"},\"image\":{\"@id\":\"https:\\\/\\\/orlickehory.amenity.cz\\\/pl\\\/#\\\/schema\\\/logo\\\/image\\\/\"},\"sameAs\":[\"https:\\\/\\\/www.facebook.com\\\/amenityresorts\",\"https:\\\/\\\/www.instagram.com\\\/amenityresorts\\\/\",\"https:\\\/\\\/www.youtube.com\\\/channel\\\/UCVY-yFoyFBR8H0hC1euh7Sw\"]}]}<\/script>\n<!-- \/ Yoast SEO Premium plugin. -->","yoast_head_json":{"title":"Bowling De\u0161tn\u00e9 v Orlick\u00fdch hor\u00e1ch - Amenity Resort G\u00f3ry Orlickie","description":"Bowling De\u0161tn\u00e9 w G\u00f3rach Orlickich. Dwa nowoczesne tory bowlingowe w Amenity Resort De\u0161tn\u00e9 v Orlick\u00fdch hor\u00e1ch. Cz\u0119\u015bci\u0105 kr\u0119gielni jest bar.","robots":{"index":"index","follow":"follow","max-snippet":"max-snippet:-1","max-image-preview":"max-image-preview:large","max-video-preview":"max-video-preview:-1"},"canonical":"https:\/\/orlickehory.amenity.cz\/pl\/bowling\/","og_locale":"pl_PL","og_type":"article","og_title":"Bowling","og_description":"Bowling De\u0161tn\u00e9 w G\u00f3rach Orlickich. Dwa nowoczesne tory bowlingowe w Amenity Resort De\u0161tn\u00e9 v Orlick\u00fdch hor\u00e1ch. Cz\u0119\u015bci\u0105 kr\u0119gielni jest bar.","og_url":"https:\/\/orlickehory.amenity.cz\/pl\/bowling\/","og_site_name":"Amenity Hotel &amp; Resort Orlick\u00e9 hory","article_publisher":"https:\/\/www.facebook.com\/amenityresorts","article_modified_time":"2025-11-07T20:18:02+00:00","twitter_card":"summary_large_image","twitter_misc":{"Szacowany czas czytania":"2 minuty"},"schema":{"@context":"https:\/\/schema.org","@graph":[{"@type":"WebPage","@id":"https:\/\/orlickehory.amenity.cz\/pl\/bowling\/","url":"https:\/\/orlickehory.amenity.cz\/pl\/bowling\/","name":"Bowling De\u0161tn\u00e9 v Orlick\u00fdch hor\u00e1ch - Amenity Resort G\u00f3ry Orlickie","isPartOf":{"@id":"https:\/\/orlickehory.amenity.cz\/pl\/#website"},"datePublished":"2025-08-28T13:12:54+00:00","dateModified":"2025-11-07T20:18:02+00:00","description":"Bowling De\u0161tn\u00e9 w G\u00f3rach Orlickich. Dwa nowoczesne tory bowlingowe w Amenity Resort De\u0161tn\u00e9 v Orlick\u00fdch hor\u00e1ch. Cz\u0119\u015bci\u0105 kr\u0119gielni jest bar.","breadcrumb":{"@id":"https:\/\/orlickehory.amenity.cz\/pl\/bowling\/#breadcrumb"},"inLanguage":"pl-PL","potentialAction":[{"@type":"ReadAction","target":["https:\/\/orlickehory.amenity.cz\/pl\/bowling\/"]}]},{"@type":"BreadcrumbList","@id":"https:\/\/orlickehory.amenity.cz\/pl\/bowling\/#breadcrumb","itemListElement":[{"@type":"ListItem","position":1,"name":"Dom\u016f","item":"https:\/\/orlickehory.amenity.cz\/pl\/"},{"@type":"ListItem","position":2,"name":"Bowling"}]},{"@type":"WebSite","@id":"https:\/\/orlickehory.amenity.cz\/pl\/#website","url":"https:\/\/orlickehory.amenity.cz\/pl\/","name":"Amenity Orlick\u00e9 hory","description":"","publisher":{"@id":"https:\/\/orlickehory.amenity.cz\/pl\/#organization"},"potentialAction":[{"@type":"SearchAction","target":{"@type":"EntryPoint","urlTemplate":"https:\/\/orlickehory.amenity.cz\/pl\/?s={search_term_string}"},"query-input":{"@type":"PropertyValueSpecification","valueRequired":true,"valueName":"search_term_string"}}],"inLanguage":"pl-PL"},{"@type":"Organization","@id":"https:\/\/orlickehory.amenity.cz\/pl\/#organization","name":"Amenity Resorts s.r.o.","url":"https:\/\/orlickehory.amenity.cz\/pl\/","logo":{"@type":"ImageObject","inLanguage":"pl-PL","@id":"https:\/\/orlickehory.amenity.cz\/pl\/#\/schema\/logo\/image\/","url":"http:\/\/orlickehory.amenity.cz\/wp-content\/uploads\/sites\/8\/2020\/10\/favicon-amenity-512x512-1.png","contentUrl":"http:\/\/orlickehory.amenity.cz\/wp-content\/uploads\/sites\/8\/2020\/10\/favicon-amenity-512x512-1.png","width":512,"height":512,"caption":"Amenity Resorts s.r.o."},"image":{"@id":"https:\/\/orlickehory.amenity.cz\/pl\/#\/schema\/logo\/image\/"},"sameAs":["https:\/\/www.facebook.com\/amenityresorts","https:\/\/www.instagram.com\/amenityresorts\/","https:\/\/www.youtube.com\/channel\/UCVY-yFoyFBR8H0hC1euh7Sw"]}]}},"_links":{"self":[{"href":"https:\/\/orlickehory.amenity.cz\/pl\/wp-json\/wp\/v2\/pages\/10861","targetHints":{"allow":["GET"]}}],"collection":[{"href":"https:\/\/orlickehory.amenity.cz\/pl\/wp-json\/wp\/v2\/pages"}],"about":[{"href":"https:\/\/orlickehory.amenity.cz\/pl\/wp-json\/wp\/v2\/types\/page"}],"author":[{"embeddable":true,"href":"https:\/\/orlickehory.amenity.cz\/pl\/wp-json\/wp\/v2\/users\/2"}],"replies":[{"embeddable":true,"href":"https:\/\/orlickehory.amenity.cz\/pl\/wp-json\/wp\/v2\/comments?post=10861"}],"version-history":[{"count":4,"href":"https:\/\/orlickehory.amenity.cz\/pl\/wp-json\/wp\/v2\/pages\/10861\/revisions"}],"predecessor-version":[{"id":11569,"href":"https:\/\/orlickehory.amenity.cz\/pl\/wp-json\/wp\/v2\/pages\/10861\/revisions\/11569"}],"wp:attachment":[{"href":"https:\/\/orlickehory.amenity.cz\/pl\/wp-json\/wp\/v2\/media?parent=10861"}],"curies":[{"name":"wp","href":"https:\/\/api.w.org\/{rel}","templated":true}]}}