{"id":10997,"date":"2025-08-28T16:25:43","date_gmt":"2025-08-28T14:25:43","guid":{"rendered":"https:\/\/orlickehory.amenity.cz\/rekonstrukce\/"},"modified":"2025-08-28T16:25:44","modified_gmt":"2025-08-28T14:25:44","slug":"rekonstrukce","status":"publish","type":"page","link":"https:\/\/orlickehory.amenity.cz\/pl\/rekonstrukce\/","title":{"rendered":"Rekonstrukce"},"content":{"rendered":"<div class=\"wpb-content-wrapper\"><p>[vc_row full_width=&#8221;stretch_row_content_no_spaces&#8221; css=&#8221;.vc_custom_1574022960110{padding-top: 10px !important;padding-bottom: 10px !important;}&#8221;][vc_column offset=&#8221;vc_hidden-lg vc_hidden-md&#8221;]<div class=\"text-center\"><a  class=\"btn btn--md btn--normal\" href=\"https:\/\/www3.amenity.cz\/voucher\/\" title=\"button\" target=\"_self\" style=\" background:#5d3526; padding-top:\u00a8;\">D\u00c1RKOV\u00c9 VOUCHERY<\/a><\/div>[\/vc_column][\/vc_row][vc_row full_width=&#8221;stretch_row_content_no_spaces&#8221;][vc_column offset=&#8221;vc_hidden-sm vc_hidden-xs&#8221;][\/vc_column][vc_column offset=&#8221;vc_hidden-lg vc_hidden-md&#8221;][vc_single_image image=&#8221;10906&#8243; img_size=&#8221;full&#8221;][\/vc_column][\/vc_row][vc_row full_width=&#8221;stretch_row_content_no_spaces&#8221;][vc_column]<div  class=\"empty-space  marg-lg-b35\"><\/div><div  class=\"main-heading\"><span class=\"subtitle\">Nov\u00fd resort \u2013 Orlick\u00e9 hory<\/span><h2 class=\"title\">OTEV\u00cdR\u00c1ME NA JA\u0158E 2021<\/h2><\/div>[\/vc_column][\/vc_row][vc_row][vc_column]<div  class=\"empty-space  marg-lg-b25 marg-xs-b30\"><\/div>[vc_separator color=&#8221;custom&#8221; border_width=&#8221;2&#8243; el_width=&#8221;60&#8243; accent_color=&#8221;#c7b39a&#8221;]<div class=\"text-block \" ><div class=\"simple-text \"><p>Amenity Resorts wkr\u00f3tce powi\u0119kszy si\u0119 o kolejny o\u015brodek hotelowy. Na \u0142onie natury, w samym sercu G\u00f3r Orlickich, wiosn\u0105 2021 roku otworzymy Amenity Resort Orlick\u00e9 hory. Czterogwiazdkowy o\u015brodek hotelowy o pojemno\u015bci 130 \u0142\u00f3\u017cek b\u0119dzie oferowa\u0142 zakwaterowanie w pokojach dwu- i trzyosobowych oraz w 11 luksusowo wyposa\u017conych domkach g\u00f3rskich dla 4 do 6 os\u00f3b.<\/p>\n<\/div><\/div><div  class=\"empty-space  marg-lg-b25 marg-xs-b30\"><\/div>[\/vc_column][\/vc_row][vc_row][vc_column][vc_single_image image=&#8221;3139&#8243; img_size=&#8221;full&#8221; alignment=&#8221;center&#8221; onclick=&#8221;img_link_large&#8221; css_animation=&#8221;none&#8221;][\/vc_column][\/vc_row][vc_row][vc_column]<div class=\"text-block \" ><div class=\"simple-text \"><p>Nowy o\u015brodek w G\u00f3rach Orlickich powstanie w wyniku przebudowy kompleksu hotelowego o pierwotnej nazwie Alfa Resort. Od lata 2019 r. do wiosny 2021 r. o\u015brodek przechodzi gruntown\u0105 przebudow\u0119, zw\u0142aszcza g\u0142\u00f3wna cz\u0119\u015b\u0107 noclegowa i strefa wellness. W tym okresie o\u015brodek b\u0119dzie zamkni\u0119ty dla go\u015bci. Pod now\u0105 nazw\u0105 Amenity Hotel &amp; Resort Orlick\u00e9 Mountains powita pierwszych go\u015bci wiosn\u0105 2021 roku.<\/p>\n<\/div><\/div><div  class=\"empty-space  marg-lg-b25 marg-xs-b30\"><\/div>[\/vc_column][\/vc_row][vc_row][vc_column][vc_single_image image=&#8221;3142&#8243; img_size=&#8221;full&#8221; alignment=&#8221;center&#8221; onclick=&#8221;img_link_large&#8221; css_animation=&#8221;none&#8221;][\/vc_column][\/vc_row][vc_row][vc_column]<div class=\"text-block \" ><div class=\"simple-text \"><p>Go\u015bcie o\u015brodka b\u0119d\u0105 mogli zrelaksowa\u0107 si\u0119 w nowo wybudowanej strefie odnowy biologicznej z wann\u0105 z hydromasa\u017cem, saun\u0105 zio\u0142ow\u0105 i parow\u0105, gabinetem masa\u017cu oraz basenem z panoramicznym widokiem i atrakcjami wodnymi. Do dyspozycji go\u015bci b\u0119dzie tak\u017ce kort tenisowy, boisko do siatk\u00f3wki, kr\u0119gle i inne atrakcje. W o\u015brodku znajdzie si\u0119 tak\u017ce restauracja z zimowym tarasem oraz bar dzienny i nocny.<\/p>\n<\/div><\/div><div  class=\"empty-space  marg-lg-b25 marg-xs-b30\"><\/div>[\/vc_column][\/vc_row][vc_row][vc_column][vc_single_image image=&#8221;3136&#8243; img_size=&#8221;full&#8221; alignment=&#8221;center&#8221; onclick=&#8221;img_link_large&#8221; css_animation=&#8221;none&#8221;][\/vc_column][\/vc_row][vc_row][vc_column]<div class=\"text-block \" ><div class=\"simple-text \"><p>Dla klient\u00f3w korporacyjnych przygotowujemy ponadstandardowe udogodnienia i przestronne sale konferencyjne z profesjonalnym sprz\u0119tem audiowizualnym.<\/p>\n<\/div><\/div><div  class=\"empty-space  marg-lg-b25 marg-xs-b30\"><\/div>[\/vc_column][\/vc_row][vc_row][\/vc_row][vc_column][\/vc_column][vc_row][vc_column]<div  class=\"main-heading\"><span class=\"subtitle\">Amenity Resort Orlick\u00e9 hory<\/span><h2 class=\"title\">Rekonstrukce exteri\u00e9ru hotelu<\/h2><\/div><div  class=\"empty-space  marg-lg-b25 marg-xs-b30\"><\/div>[\/vc_column][\/vc_row][vc_row][vc_column][vc_single_image image=&#8221;1382&#8243; img_size=&#8221;large&#8221; alignment=&#8221;center&#8221; onclick=&#8221;img_link_large&#8221; css_animation=&#8221;none&#8221;][\/vc_column][\/vc_row][vc_row][vc_column][vc_single_image image=&#8221;1381&#8243; img_size=&#8221;large&#8221; alignment=&#8221;center&#8221; onclick=&#8221;img_link_large&#8221; css_animation=&#8221;none&#8221;][\/vc_column][\/vc_row]<\/p>\n<\/div>","protected":false},"excerpt":{"rendered":"<p>[vc_row full_width=&#8221;stretch_row_content_no_spaces&#8221; css=&#8221;.vc_custom_1574022960110{padding-top: 10px !important;padding-bottom: 10px !important;}&#8221;][vc_column offset=&#8221;vc_hidden-lg vc_hidden-md&#8221;][\/vc_column][\/vc_row][vc_row full_width=&#8221;stretch_row_content_no_spaces&#8221;][vc_column offset=&#8221;vc_hidden-sm vc_hidden-xs&#8221;][\/vc_column][vc_column offset=&#8221;vc_hidden-lg vc_hidden-md&#8221;][vc_single_image image=&#8221;10906&#8243; img_size=&#8221;full&#8221;][\/vc_column][\/vc_row][vc_row full_width=&#8221;stretch_row_content_no_spaces&#8221;][vc_column][\/vc_column][\/vc_row][vc_row][vc_column][vc_separator color=&#8221;custom&#8221; border_width=&#8221;2&#8243; el_width=&#8221;60&#8243; accent_color=&#8221;#c7b39a&#8221;][\/vc_column][\/vc_row][vc_row][vc_column][vc_single_image image=&#8221;3139&#8243; img_size=&#8221;full&#8221; alignment=&#8221;center&#8221; onclick=&#8221;img_link_large&#8221; css_animation=&#8221;none&#8221;][\/vc_column][\/vc_row][vc_row][vc_column][\/vc_column][\/vc_row][vc_row][vc_column][vc_single_image image=&#8221;3142&#8243; img_size=&#8221;full&#8221; alignment=&#8221;center&#8221; onclick=&#8221;img_link_large&#8221;<\/p>\n","protected":false},"author":3,"featured_media":0,"parent":0,"menu_order":0,"comment_status":"closed","ping_status":"closed","template":"","meta":{"footnotes":""},"class_list":["post-10997","page","type-page","status-publish","hentry"],"yoast_head":"<!-- This site is optimized with the Yoast SEO Premium plugin v27.3 (Yoast SEO v27.3) - https:\/\/yoast.com\/product\/yoast-seo-premium-wordpress\/ -->\n<title>Amenity Resort - Otwarcie wiosn\u0105 2021 r. - Zakwaterowanie G\u00f3ry Orlickie<\/title>\n<meta name=\"description\" content=\"W \u015brodku natury, w sercu G\u00f3r Orlickich, wiosn\u0105 2021 roku otworzymy nowy o\u015brodek. Zakwaterowanie w G\u00f3rach Orlickich w 4* hotelu i 11 schroniskach g\u00f3rskich.\" \/>\n<meta name=\"robots\" content=\"noindex, nofollow\" \/>\n<meta property=\"og:locale\" content=\"pl_PL\" \/>\n<meta property=\"og:type\" content=\"article\" \/>\n<meta property=\"og:title\" content=\"Rekonstrukce\" \/>\n<meta property=\"og:description\" content=\"W \u015brodku natury, w sercu G\u00f3r Orlickich, wiosn\u0105 2021 roku otworzymy nowy o\u015brodek. Zakwaterowanie w G\u00f3rach Orlickich w 4* hotelu i 11 schroniskach g\u00f3rskich.\" \/>\n<meta property=\"og:url\" content=\"https:\/\/orlickehory.amenity.cz\/pl\/rekonstrukce\/\" \/>\n<meta property=\"og:site_name\" content=\"Amenity Hotel &amp; Resort Orlick\u00e9 hory\" \/>\n<meta property=\"article:publisher\" content=\"https:\/\/www.facebook.com\/amenityresorts\" \/>\n<meta property=\"article:modified_time\" content=\"2025-08-28T14:25:44+00:00\" \/>\n<meta name=\"twitter:card\" content=\"summary_large_image\" \/>\n<meta name=\"twitter:label1\" content=\"Szacowany czas czytania\" \/>\n\t<meta name=\"twitter:data1\" content=\"3 minuty\" \/>\n<script type=\"application\/ld+json\" class=\"yoast-schema-graph\">{\"@context\":\"https:\\\/\\\/schema.org\",\"@graph\":[{\"@type\":\"WebPage\",\"@id\":\"https:\\\/\\\/orlickehory.amenity.cz\\\/pl\\\/rekonstrukce\\\/\",\"url\":\"https:\\\/\\\/orlickehory.amenity.cz\\\/pl\\\/rekonstrukce\\\/\",\"name\":\"Amenity Resort - Otwarcie wiosn\u0105 2021 r. - Zakwaterowanie G\u00f3ry Orlickie\",\"isPartOf\":{\"@id\":\"https:\\\/\\\/orlickehory.amenity.cz\\\/pl\\\/#website\"},\"datePublished\":\"2025-08-28T14:25:43+00:00\",\"dateModified\":\"2025-08-28T14:25:44+00:00\",\"description\":\"W \u015brodku natury, w sercu G\u00f3r Orlickich, wiosn\u0105 2021 roku otworzymy nowy o\u015brodek. Zakwaterowanie w G\u00f3rach Orlickich w 4* hotelu i 11 schroniskach g\u00f3rskich.\",\"breadcrumb\":{\"@id\":\"https:\\\/\\\/orlickehory.amenity.cz\\\/pl\\\/rekonstrukce\\\/#breadcrumb\"},\"inLanguage\":\"pl-PL\",\"potentialAction\":[{\"@type\":\"ReadAction\",\"target\":[\"https:\\\/\\\/orlickehory.amenity.cz\\\/pl\\\/rekonstrukce\\\/\"]}]},{\"@type\":\"BreadcrumbList\",\"@id\":\"https:\\\/\\\/orlickehory.amenity.cz\\\/pl\\\/rekonstrukce\\\/#breadcrumb\",\"itemListElement\":[{\"@type\":\"ListItem\",\"position\":1,\"name\":\"Dom\u016f\",\"item\":\"https:\\\/\\\/orlickehory.amenity.cz\\\/pl\\\/\"},{\"@type\":\"ListItem\",\"position\":2,\"name\":\"Rekonstrukce\"}]},{\"@type\":\"WebSite\",\"@id\":\"https:\\\/\\\/orlickehory.amenity.cz\\\/pl\\\/#website\",\"url\":\"https:\\\/\\\/orlickehory.amenity.cz\\\/pl\\\/\",\"name\":\"Amenity Orlick\u00e9 hory\",\"description\":\"\",\"publisher\":{\"@id\":\"https:\\\/\\\/orlickehory.amenity.cz\\\/pl\\\/#organization\"},\"potentialAction\":[{\"@type\":\"SearchAction\",\"target\":{\"@type\":\"EntryPoint\",\"urlTemplate\":\"https:\\\/\\\/orlickehory.amenity.cz\\\/pl\\\/?s={search_term_string}\"},\"query-input\":{\"@type\":\"PropertyValueSpecification\",\"valueRequired\":true,\"valueName\":\"search_term_string\"}}],\"inLanguage\":\"pl-PL\"},{\"@type\":\"Organization\",\"@id\":\"https:\\\/\\\/orlickehory.amenity.cz\\\/pl\\\/#organization\",\"name\":\"Amenity Resorts s.r.o.\",\"url\":\"https:\\\/\\\/orlickehory.amenity.cz\\\/pl\\\/\",\"logo\":{\"@type\":\"ImageObject\",\"inLanguage\":\"pl-PL\",\"@id\":\"https:\\\/\\\/orlickehory.amenity.cz\\\/pl\\\/#\\\/schema\\\/logo\\\/image\\\/\",\"url\":\"http:\\\/\\\/orlickehory.amenity.cz\\\/wp-content\\\/uploads\\\/sites\\\/8\\\/2020\\\/10\\\/favicon-amenity-512x512-1.png\",\"contentUrl\":\"http:\\\/\\\/orlickehory.amenity.cz\\\/wp-content\\\/uploads\\\/sites\\\/8\\\/2020\\\/10\\\/favicon-amenity-512x512-1.png\",\"width\":512,\"height\":512,\"caption\":\"Amenity Resorts s.r.o.\"},\"image\":{\"@id\":\"https:\\\/\\\/orlickehory.amenity.cz\\\/pl\\\/#\\\/schema\\\/logo\\\/image\\\/\"},\"sameAs\":[\"https:\\\/\\\/www.facebook.com\\\/amenityresorts\",\"https:\\\/\\\/www.instagram.com\\\/amenityresorts\\\/\",\"https:\\\/\\\/www.youtube.com\\\/channel\\\/UCVY-yFoyFBR8H0hC1euh7Sw\"]}]}<\/script>\n<!-- \/ Yoast SEO Premium plugin. -->","yoast_head_json":{"title":"Amenity Resort - Otwarcie wiosn\u0105 2021 r. - Zakwaterowanie G\u00f3ry Orlickie","description":"W \u015brodku natury, w sercu G\u00f3r Orlickich, wiosn\u0105 2021 roku otworzymy nowy o\u015brodek. Zakwaterowanie w G\u00f3rach Orlickich w 4* hotelu i 11 schroniskach g\u00f3rskich.","robots":{"index":"noindex","follow":"nofollow"},"og_locale":"pl_PL","og_type":"article","og_title":"Rekonstrukce","og_description":"W \u015brodku natury, w sercu G\u00f3r Orlickich, wiosn\u0105 2021 roku otworzymy nowy o\u015brodek. Zakwaterowanie w G\u00f3rach Orlickich w 4* hotelu i 11 schroniskach g\u00f3rskich.","og_url":"https:\/\/orlickehory.amenity.cz\/pl\/rekonstrukce\/","og_site_name":"Amenity Hotel &amp; Resort Orlick\u00e9 hory","article_publisher":"https:\/\/www.facebook.com\/amenityresorts","article_modified_time":"2025-08-28T14:25:44+00:00","twitter_card":"summary_large_image","twitter_misc":{"Szacowany czas czytania":"3 minuty"},"schema":{"@context":"https:\/\/schema.org","@graph":[{"@type":"WebPage","@id":"https:\/\/orlickehory.amenity.cz\/pl\/rekonstrukce\/","url":"https:\/\/orlickehory.amenity.cz\/pl\/rekonstrukce\/","name":"Amenity Resort - Otwarcie wiosn\u0105 2021 r. - Zakwaterowanie G\u00f3ry Orlickie","isPartOf":{"@id":"https:\/\/orlickehory.amenity.cz\/pl\/#website"},"datePublished":"2025-08-28T14:25:43+00:00","dateModified":"2025-08-28T14:25:44+00:00","description":"W \u015brodku natury, w sercu G\u00f3r Orlickich, wiosn\u0105 2021 roku otworzymy nowy o\u015brodek. Zakwaterowanie w G\u00f3rach Orlickich w 4* hotelu i 11 schroniskach g\u00f3rskich.","breadcrumb":{"@id":"https:\/\/orlickehory.amenity.cz\/pl\/rekonstrukce\/#breadcrumb"},"inLanguage":"pl-PL","potentialAction":[{"@type":"ReadAction","target":["https:\/\/orlickehory.amenity.cz\/pl\/rekonstrukce\/"]}]},{"@type":"BreadcrumbList","@id":"https:\/\/orlickehory.amenity.cz\/pl\/rekonstrukce\/#breadcrumb","itemListElement":[{"@type":"ListItem","position":1,"name":"Dom\u016f","item":"https:\/\/orlickehory.amenity.cz\/pl\/"},{"@type":"ListItem","position":2,"name":"Rekonstrukce"}]},{"@type":"WebSite","@id":"https:\/\/orlickehory.amenity.cz\/pl\/#website","url":"https:\/\/orlickehory.amenity.cz\/pl\/","name":"Amenity Orlick\u00e9 hory","description":"","publisher":{"@id":"https:\/\/orlickehory.amenity.cz\/pl\/#organization"},"potentialAction":[{"@type":"SearchAction","target":{"@type":"EntryPoint","urlTemplate":"https:\/\/orlickehory.amenity.cz\/pl\/?s={search_term_string}"},"query-input":{"@type":"PropertyValueSpecification","valueRequired":true,"valueName":"search_term_string"}}],"inLanguage":"pl-PL"},{"@type":"Organization","@id":"https:\/\/orlickehory.amenity.cz\/pl\/#organization","name":"Amenity Resorts s.r.o.","url":"https:\/\/orlickehory.amenity.cz\/pl\/","logo":{"@type":"ImageObject","inLanguage":"pl-PL","@id":"https:\/\/orlickehory.amenity.cz\/pl\/#\/schema\/logo\/image\/","url":"http:\/\/orlickehory.amenity.cz\/wp-content\/uploads\/sites\/8\/2020\/10\/favicon-amenity-512x512-1.png","contentUrl":"http:\/\/orlickehory.amenity.cz\/wp-content\/uploads\/sites\/8\/2020\/10\/favicon-amenity-512x512-1.png","width":512,"height":512,"caption":"Amenity Resorts s.r.o."},"image":{"@id":"https:\/\/orlickehory.amenity.cz\/pl\/#\/schema\/logo\/image\/"},"sameAs":["https:\/\/www.facebook.com\/amenityresorts","https:\/\/www.instagram.com\/amenityresorts\/","https:\/\/www.youtube.com\/channel\/UCVY-yFoyFBR8H0hC1euh7Sw"]}]}},"_links":{"self":[{"href":"https:\/\/orlickehory.amenity.cz\/pl\/wp-json\/wp\/v2\/pages\/10997","targetHints":{"allow":["GET"]}}],"collection":[{"href":"https:\/\/orlickehory.amenity.cz\/pl\/wp-json\/wp\/v2\/pages"}],"about":[{"href":"https:\/\/orlickehory.amenity.cz\/pl\/wp-json\/wp\/v2\/types\/page"}],"author":[{"embeddable":true,"href":"https:\/\/orlickehory.amenity.cz\/pl\/wp-json\/wp\/v2\/users\/3"}],"replies":[{"embeddable":true,"href":"https:\/\/orlickehory.amenity.cz\/pl\/wp-json\/wp\/v2\/comments?post=10997"}],"version-history":[{"count":3,"href":"https:\/\/orlickehory.amenity.cz\/pl\/wp-json\/wp\/v2\/pages\/10997\/revisions"}],"predecessor-version":[{"id":11000,"href":"https:\/\/orlickehory.amenity.cz\/pl\/wp-json\/wp\/v2\/pages\/10997\/revisions\/11000"}],"wp:attachment":[{"href":"https:\/\/orlickehory.amenity.cz\/pl\/wp-json\/wp\/v2\/media?parent=10997"}],"curies":[{"name":"wp","href":"https:\/\/api.w.org\/{rel}","templated":true}]}}