{"id":11017,"date":"2025-08-28T16:35:28","date_gmt":"2025-08-28T14:35:28","guid":{"rendered":"https:\/\/orlickehory.amenity.cz\/polopenze\/"},"modified":"2025-11-10T13:00:01","modified_gmt":"2025-11-10T12:00:01","slug":"polopenze","status":"publish","type":"page","link":"https:\/\/orlickehory.amenity.cz\/pl\/polopenze\/","title":{"rendered":"Polopenze"},"content":{"rendered":"<div class=\"wpb-content-wrapper\"><p>[vc_row full_width=&#8221;stretch_row_content_no_spaces&#8221; content_placement=&#8221;middle&#8221;][vc_column]<div  class=\"empty-space  marg-lg-b20\"><\/div>[\/vc_column][\/vc_row][vc_row full_width=&#8221;stretch_row_content_no_spaces&#8221; content_placement=&#8221;middle&#8221; bg_type=&#8221;bg_color&#8221; css=&#8221;.vc_custom_1726656012534{background-color: #7f5b23 !important;}&#8221; bg_color_value=&#8221;#7f5b23&#8243;][vc_column]<div  class=\"empty-space  marg-lg-b5\"><\/div>[\/vc_column][\/vc_row][vc_row full_width=&#8221;stretch_row_content_no_spaces&#8221; content_placement=&#8221;middle&#8221;][vc_column]<div  class=\"empty-space  marg-lg-b20\"><\/div>[\/vc_column][\/vc_row][vc_row full_width=&#8221;stretch_row_content_no_spaces&#8221; content_placement=&#8221;middle&#8221;][vc_column]<div class=\" ubtn-ctn-center \"><a class=\"ubtn-link ult-adjust-bottom-margin ubtn-center ubtn-large \" href=\"https:\/\/www.secure-hotel-booking.com\/Amenity-Hotel-Resort-Orlicke-hory\/J7PP\/cs-CZ?hotelId=24769\" title=\"Rezerva\u010dn\u00ed syst\u00e9m\" ><button type=\"button\" id=\"ubtn-4113\"  class=\"ubtn ult-adjust-bottom-margin ult-responsive ubtn-large ubtn-fade-bg  ulta-grow  ubtn-sep-icon ubtn-sep-icon-top-push  ubtn-center   tooltip-69dad54d8b1e5 ubtn-tooltip bottom\" data-toggle=\"tooltip\" data-placement=\"bottom\" title=\"Ceny i dost\u0119pno\u015b\u0107\" data-hover=\"#ffffff\" data-border-color=\"\" data-bg=\"#7f5b23\" data-hover-bg=\"#293635\" data-border-hover=\"\" data-shadow-hover=\"\" data-shadow-click=\"none\" data-shadow=\"\" data-shd-shadow=\"\"  data-ultimate-target='#ubtn-4113'  data-responsive-json-new='{\"font-size\":\"\",\"line-height\":\"\"}'  style=\"font-weight:normal;border:none;background: #7f5b23;color: #ffffff;\"><span class=\"ubtn-data ubtn-icon\"><i class=\"Defaults-calendar\" style=\"font-size:32px;color:#ffffff;\"><\/i><\/span><span class=\"ubtn-hover\" style=\"background-color:#293635\"><\/span><span class=\"ubtn-data ubtn-text \" >KSI\u0104\u017bKA<\/span><\/button><\/a><\/div>[\/vc_column][\/vc_row][vc_row full_width=&#8221;stretch_row_content_no_spaces&#8221; content_placement=&#8221;middle&#8221;][vc_column]<div  class=\"empty-space  marg-lg-b10\"><\/div>[\/vc_column][\/vc_row][vc_row full_width=&#8221;stretch_row_content_no_spaces&#8221; content_placement=&#8221;middle&#8221; bg_type=&#8221;bg_color&#8221; css=&#8221;.vc_custom_1726656012534{background-color: #7f5b23 !important;}&#8221; bg_color_value=&#8221;#7f5b23&#8243;][vc_column]<div  class=\"empty-space  marg-lg-b5\"><\/div>[\/vc_column][\/vc_row][vc_row full_width=&#8221;stretch_row_content_no_spaces&#8221; content_placement=&#8221;middle&#8221;][vc_column]<div  class=\"empty-space  marg-lg-b20\"><\/div>[\/vc_column][\/vc_row][vc_row][vc_column]<div class=\"text-block \" ><div class=\"simple-text \"><\/div><\/div>[\/vc_column][\/vc_row][vc_row full_width=&#8221;stretch_row&#8221;][vc_column offset=&#8221;vc_hidden-sm vc_hidden-xs&#8221;][vc_raw_html]W3Jldl9zbGlkZXIgYWxpYXM9IkQtQUtULXBvbG9wZW56ZSJdWy9yZXZfc2xpZGVyXQ==[\/vc_raw_html][\/vc_column][\/vc_row][vc_row full_width=&#8221;stretch_row_content_no_spaces&#8221;][vc_column offset=&#8221;vc_hidden-lg vc_hidden-md&#8221;][vc_single_image image=&#8221;11020&#8243; img_size=&#8221;full&#8221;][\/vc_column][\/vc_row][vc_row full_width=&#8221;stretch_row_content_no_spaces&#8221;][vc_column]<div  class=\"empty-space  marg-lg-b35\"><\/div>[vc_separator color=&#8221;custom&#8221; border_width=&#8221;2&#8243; el_width=&#8221;50&#8243; accent_color=&#8221;#c7b39a&#8221;]<div class=\"text-block \" ><div class=\"simple-text \"><h1 style=\"text-align: center;\">POBYTY Z NIEPE\u0141NYM WY\u017bYWIENIEM<\/h1>\n<h2 style=\"text-align: center;\">Amenity Hotel &amp; Resort G\u00f3ry Orlickie<\/h2>\n<\/div><\/div>[\/vc_column][\/vc_row][vc_row][vc_column offset=&#8221;vc_hidden-sm vc_hidden-xs&#8221;]<div class=\"text-block \" ><div class=\"simple-text \"><p style=\"text-align: center;\"><strong>Zarezerwuj pobyt w Amenity Resort Orlick\u00e9 Mountains i zapomnij o wszystkich zmartwieniach. Cz\u0119\u015bciowe wy\u017cywienie i inne us\u0142ugi s\u0105 ju\u017c wliczone w cen\u0119. <\/strong><\/p>\n<\/div><\/div><div  class=\"empty-space  marg-lg-b25\"><\/div>[\/vc_column][\/vc_row][vc_row][vc_column][vc_separator color=&#8221;custom&#8221; border_width=&#8221;2&#8243; el_width=&#8221;50&#8243; accent_color=&#8221;#c7b39a&#8221;]<div  class=\"empty-space  marg-lg-b10\"><\/div>[vc_single_image image=&#8221;11018&#8243; alignment=&#8221;center&#8221;][\/vc_column][\/vc_row][vc_row full_width=&#8221;stretch_row_content_no_spaces&#8221;][vc_column]<div  class=\"hb-text-block__wrapper style1\"><div class=\"row\"><div class=\"col-md-6\"><div class=\"hb-image__block\"><img decoding=\"async\" src=\"https:\/\/orlickehory.amenity.cz\/wp-content\/uploads\/sites\/8\/2021\/03\/amenity-resort-orlicke-horys_750x625_polopenze_.jpg\" alt=\"\" \/><\/div><\/div><div class=\"col-md-6\"><div class=\"hb-text_block_content\"><div class=\"hb-text-block___inner_wrapper\"><div class=\"featured-rooms-slider__title title-color-black\"><\/div><div class=\"featured-rooms-slider__text content-color-grey\"><strong>W cen\u0119 pobytu z wy\u017cywieniem HB wliczone s\u0105 nast\u0119puj\u0105ce posi\u0142ki:<\/strong><br \/>\n\u2022 \u015bniadanie w formie bufetu w godzinach 7:30\u201310:00<br \/>\n\u2022 kolacja w formie bufetu (bez napoj\u00f3w) w godzinach 18:00\u201320:30<\/p>\n<p>W przypadku, gdy liczba zakwaterowanych go\u015bci spadnie poni\u017cej 20 os\u00f3b, Amenity Hotel &amp; Resort Orlick\u00e9 hory zastrzega sobie prawo do zmiany formy serwowania kolacji z bufetu z przystawkami, zupami i deserami, barem sa\u0142atkowym i daniem g\u0142\u00f3wnym na form\u0119 serwowan\u0105 wed\u0142ug w\u0142asnego wyboru. W tym przypadku bufet \u015bniadaniowy r\u00f3wnie\u017c zostanie zmieniony na serwowany.<\/p>\n<p><strong>Pobyty \u015bwi\u0105teczne:<\/strong><br \/>\nJe\u015bli Pa\u0144stwa pobyt obejmuje dzie\u0144 24 grudnia, w cen\u0119 pobytu wliczona jest czterodaniowa kolacja wigilijna dla ka\u017cdego zakwaterowanego go\u015bcia.<\/p>\n<p><strong>Pobyty sylwestrowe<\/strong><br \/>\nJe\u015bli Pa\u0144stwa pobyt obejmuje dzie\u0144 31 grudnia, w cen\u0119 zakwaterowania wliczone jest przyj\u0119cie sylwestrowe, toast noworoczny i ca\u0142odzienny program dla ka\u017cdego go\u015bcia hotelowego.<br \/>\n<\/div><\/div><\/div><\/div><\/div><\/div><div  class=\"empty-space  marg-lg-b25\"><\/div><div class=\"text-block \" ><div class=\"simple-text \"><h3 style=\"text-align: center;\">CENA DLA PRZECHODNI\u00d3W<\/h3>\n<p style=\"text-align: center;\"><strong>My\u015blimy r\u00f3wnie\u017c o wszystkich tych, kt\u00f3rzy wybrali inne zakwaterowanie na wakacje w G\u00f3rach Orlickich.<\/strong><\/p>\n<p style=\"text-align: center;\"><strong>Cena za \u015bniadanie:<\/strong><br \/>\n250 CZK\/1 osoba<br \/>\ndzieci do lat 3,99 bezp\u0142atnie<\/p>\n<p style=\"text-align: center;\"><strong>Cena za kolacj\u0119:<\/strong><br \/>\n430 CZK\/1 osoba<br \/>\n330 CZK\/dziecko do 11,99 lat<br \/>\nDzieci do 3,99 lat bezp\u0142atnie<\/p>\n<\/div><\/div>[vc_separator color=&#8221;custom&#8221; border_width=&#8221;2&#8243; el_width=&#8221;50&#8243; accent_color=&#8221;#c7b39a&#8221;]<div class=\"text-block \" ><div class=\"simple-text \"><p style=\"text-align: center;\"><strong>Pozosta\u0142e us\u0142ugi i podatki wliczone w cen\u0119:<\/strong><br \/>\n\u2022 Wi-Fi dost\u0119pne we wszystkich pomieszczeniach<br \/>\n\u2022 Dost\u0119p do basenu do godziny 19:00.<br \/>\n\u2022 Bezp\u0142atny parking zewn\u0119trzny<br \/>\n\u2022 VAT<\/p>\n<p style=\"text-align: center;\"><strong>Podatki nie s\u0105 wliczone w cen\u0119:<\/strong><br \/>\nOp\u0142ata za pobyt: 30 CZK \/ osoba od 18 lat \/ noc<\/p>\n<\/div><\/div><div  class=\"empty-space  marg-lg-b25\"><\/div>[vc_separator color=&#8221;custom&#8221; border_width=&#8221;2&#8243; el_width=&#8221;50&#8243; accent_color=&#8221;#c7b39a&#8221;]<div  class=\"empty-space  marg-lg-b25\"><\/div>[\/vc_column][\/vc_row][vc_column][\/vc_column][vc_column][\/vc_column]<\/p>\n<\/div>","protected":false},"excerpt":{"rendered":"<p>[vc_row full_width=&#8221;stretch_row_content_no_spaces&#8221; content_placement=&#8221;middle&#8221;][vc_column][\/vc_column][\/vc_row][vc_row full_width=&#8221;stretch_row_content_no_spaces&#8221; content_placement=&#8221;middle&#8221; bg_type=&#8221;bg_color&#8221; css=&#8221;.vc_custom_1726656012534{background-color: #7f5b23 !important;}&#8221; bg_color_value=&#8221;#7f5b23&#8243;][vc_column][\/vc_column][\/vc_row][vc_row full_width=&#8221;stretch_row_content_no_spaces&#8221; content_placement=&#8221;middle&#8221;][vc_column][\/vc_column][\/vc_row][vc_row full_width=&#8221;stretch_row_content_no_spaces&#8221; content_placement=&#8221;middle&#8221;][vc_column][\/vc_column][\/vc_row][vc_row full_width=&#8221;stretch_row_content_no_spaces&#8221; content_placement=&#8221;middle&#8221;][vc_column][\/vc_column][\/vc_row][vc_row full_width=&#8221;stretch_row_content_no_spaces&#8221; content_placement=&#8221;middle&#8221; bg_type=&#8221;bg_color&#8221; css=&#8221;.vc_custom_1726656012534{background-color: #7f5b23 !important;}&#8221; bg_color_value=&#8221;#7f5b23&#8243;][vc_column][\/vc_column][\/vc_row][vc_row full_width=&#8221;stretch_row_content_no_spaces&#8221; content_placement=&#8221;middle&#8221;][vc_column][\/vc_column][\/vc_row][vc_row][vc_column][\/vc_column][\/vc_row][vc_row full_width=&#8221;stretch_row&#8221;][vc_column offset=&#8221;vc_hidden-sm vc_hidden-xs&#8221;][vc_raw_html]W3Jldl9zbGlkZXIgYWxpYXM9IkQtQUtULXBvbG9wZW56ZSJdWy9yZXZfc2xpZGVyXQ==[\/vc_raw_html][\/vc_column][\/vc_row][vc_row full_width=&#8221;stretch_row_content_no_spaces&#8221;][vc_column offset=&#8221;vc_hidden-lg<\/p>\n","protected":false},"author":3,"featured_media":0,"parent":0,"menu_order":0,"comment_status":"closed","ping_status":"closed","template":"","meta":{"footnotes":""},"class_list":["post-11017","page","type-page","status-publish","hentry"],"yoast_head":"<!-- This site is optimized with the Yoast SEO Premium plugin v27.3 (Yoast SEO v27.3) - https:\/\/yoast.com\/product\/yoast-seo-premium-wordpress\/ -->\n<title>HB | Restauracja | Udogodnienia Hotel &amp; Resort G\u00f3ry Orlickie<\/title>\n<meta name=\"description\" content=\"Book a stay at Amenity Resort Orlick\u00e9 Mountains and forget all your worries. Partial meals and other services are already included in the price.\" \/>\n<meta name=\"robots\" content=\"index, follow, max-snippet:-1, max-image-preview:large, max-video-preview:-1\" \/>\n<link rel=\"canonical\" href=\"https:\/\/orlickehory.amenity.cz\/pl\/polopenze\/\" \/>\n<meta property=\"og:locale\" content=\"pl_PL\" \/>\n<meta property=\"og:type\" content=\"article\" \/>\n<meta property=\"og:title\" content=\"HB | Restauracja | Udogodnienia Hotel &amp; Resort G\u00f3ry Orlickie\" \/>\n<meta property=\"og:description\" content=\"Skorzystaj z mo\u017cliwo\u015bci rezerwacji pobytu z niepe\u0142nym wy\u017cywieniem.\" \/>\n<meta property=\"og:url\" content=\"https:\/\/orlickehory.amenity.cz\/pl\/polopenze\/\" \/>\n<meta property=\"og:site_name\" content=\"Amenity Hotel &amp; Resort Orlick\u00e9 hory\" \/>\n<meta property=\"article:publisher\" content=\"https:\/\/www.facebook.com\/amenityresorts\" \/>\n<meta property=\"article:modified_time\" content=\"2025-11-10T12:00:01+00:00\" \/>\n<meta property=\"og:image\" content=\"http:\/\/orlickehory.amenity.cz\/wp-content\/uploads\/sites\/8\/2021\/03\/amenity-resort-orlicke-horys_1600x630_polopenze_.jpg\" \/>\n<meta name=\"twitter:card\" content=\"summary_large_image\" \/>\n<meta name=\"twitter:title\" content=\"HB | Restauracja | Udogodnienia Hotel &amp; Resort G\u00f3ry Orlickie\" \/>\n<meta name=\"twitter:description\" content=\"Skorzystaj z mo\u017cliwo\u015bci rezerwacji pobytu z niepe\u0142nym wy\u017cywieniem.\" \/>\n<meta name=\"twitter:label1\" content=\"Szacowany czas czytania\" \/>\n\t<meta name=\"twitter:data1\" content=\"3 minuty\" \/>\n<script type=\"application\/ld+json\" class=\"yoast-schema-graph\">{\"@context\":\"https:\\\/\\\/schema.org\",\"@graph\":[{\"@type\":\"WebPage\",\"@id\":\"https:\\\/\\\/orlickehory.amenity.cz\\\/pl\\\/polopenze\\\/\",\"url\":\"https:\\\/\\\/orlickehory.amenity.cz\\\/pl\\\/polopenze\\\/\",\"name\":\"HB | Restauracja | Udogodnienia Hotel & Resort G\u00f3ry Orlickie\",\"isPartOf\":{\"@id\":\"https:\\\/\\\/orlickehory.amenity.cz\\\/pl\\\/#website\"},\"datePublished\":\"2025-08-28T14:35:28+00:00\",\"dateModified\":\"2025-11-10T12:00:01+00:00\",\"description\":\"Book a stay at Amenity Resort Orlick\u00e9 Mountains and forget all your worries. Partial meals and other services are already included in the price.\",\"breadcrumb\":{\"@id\":\"https:\\\/\\\/orlickehory.amenity.cz\\\/pl\\\/polopenze\\\/#breadcrumb\"},\"inLanguage\":\"pl-PL\",\"potentialAction\":[{\"@type\":\"ReadAction\",\"target\":[\"https:\\\/\\\/orlickehory.amenity.cz\\\/pl\\\/polopenze\\\/\"]}]},{\"@type\":\"BreadcrumbList\",\"@id\":\"https:\\\/\\\/orlickehory.amenity.cz\\\/pl\\\/polopenze\\\/#breadcrumb\",\"itemListElement\":[{\"@type\":\"ListItem\",\"position\":1,\"name\":\"Dom\u016f\",\"item\":\"https:\\\/\\\/orlickehory.amenity.cz\\\/pl\\\/\"},{\"@type\":\"ListItem\",\"position\":2,\"name\":\"Polopenze\"}]},{\"@type\":\"WebSite\",\"@id\":\"https:\\\/\\\/orlickehory.amenity.cz\\\/pl\\\/#website\",\"url\":\"https:\\\/\\\/orlickehory.amenity.cz\\\/pl\\\/\",\"name\":\"Amenity Orlick\u00e9 hory\",\"description\":\"\",\"publisher\":{\"@id\":\"https:\\\/\\\/orlickehory.amenity.cz\\\/pl\\\/#organization\"},\"potentialAction\":[{\"@type\":\"SearchAction\",\"target\":{\"@type\":\"EntryPoint\",\"urlTemplate\":\"https:\\\/\\\/orlickehory.amenity.cz\\\/pl\\\/?s={search_term_string}\"},\"query-input\":{\"@type\":\"PropertyValueSpecification\",\"valueRequired\":true,\"valueName\":\"search_term_string\"}}],\"inLanguage\":\"pl-PL\"},{\"@type\":\"Organization\",\"@id\":\"https:\\\/\\\/orlickehory.amenity.cz\\\/pl\\\/#organization\",\"name\":\"Amenity Resorts s.r.o.\",\"url\":\"https:\\\/\\\/orlickehory.amenity.cz\\\/pl\\\/\",\"logo\":{\"@type\":\"ImageObject\",\"inLanguage\":\"pl-PL\",\"@id\":\"https:\\\/\\\/orlickehory.amenity.cz\\\/pl\\\/#\\\/schema\\\/logo\\\/image\\\/\",\"url\":\"http:\\\/\\\/orlickehory.amenity.cz\\\/wp-content\\\/uploads\\\/sites\\\/8\\\/2020\\\/10\\\/favicon-amenity-512x512-1.png\",\"contentUrl\":\"http:\\\/\\\/orlickehory.amenity.cz\\\/wp-content\\\/uploads\\\/sites\\\/8\\\/2020\\\/10\\\/favicon-amenity-512x512-1.png\",\"width\":512,\"height\":512,\"caption\":\"Amenity Resorts s.r.o.\"},\"image\":{\"@id\":\"https:\\\/\\\/orlickehory.amenity.cz\\\/pl\\\/#\\\/schema\\\/logo\\\/image\\\/\"},\"sameAs\":[\"https:\\\/\\\/www.facebook.com\\\/amenityresorts\",\"https:\\\/\\\/www.instagram.com\\\/amenityresorts\\\/\",\"https:\\\/\\\/www.youtube.com\\\/channel\\\/UCVY-yFoyFBR8H0hC1euh7Sw\"]}]}<\/script>\n<!-- \/ Yoast SEO Premium plugin. -->","yoast_head_json":{"title":"HB | Restauracja | Udogodnienia Hotel & Resort G\u00f3ry Orlickie","description":"Book a stay at Amenity Resort Orlick\u00e9 Mountains and forget all your worries. Partial meals and other services are already included in the price.","robots":{"index":"index","follow":"follow","max-snippet":"max-snippet:-1","max-image-preview":"max-image-preview:large","max-video-preview":"max-video-preview:-1"},"canonical":"https:\/\/orlickehory.amenity.cz\/pl\/polopenze\/","og_locale":"pl_PL","og_type":"article","og_title":"HB | Restauracja | Udogodnienia Hotel & Resort G\u00f3ry Orlickie","og_description":"Skorzystaj z mo\u017cliwo\u015bci rezerwacji pobytu z niepe\u0142nym wy\u017cywieniem.","og_url":"https:\/\/orlickehory.amenity.cz\/pl\/polopenze\/","og_site_name":"Amenity Hotel &amp; Resort Orlick\u00e9 hory","article_publisher":"https:\/\/www.facebook.com\/amenityresorts","article_modified_time":"2025-11-10T12:00:01+00:00","og_image":[{"url":"http:\/\/orlickehory.amenity.cz\/wp-content\/uploads\/sites\/8\/2021\/03\/amenity-resort-orlicke-horys_1600x630_polopenze_.jpg","type":"","width":"","height":""}],"twitter_card":"summary_large_image","twitter_title":"HB | Restauracja | Udogodnienia Hotel & Resort G\u00f3ry Orlickie","twitter_description":"Skorzystaj z mo\u017cliwo\u015bci rezerwacji pobytu z niepe\u0142nym wy\u017cywieniem.","twitter_misc":{"Szacowany czas czytania":"3 minuty"},"schema":{"@context":"https:\/\/schema.org","@graph":[{"@type":"WebPage","@id":"https:\/\/orlickehory.amenity.cz\/pl\/polopenze\/","url":"https:\/\/orlickehory.amenity.cz\/pl\/polopenze\/","name":"HB | Restauracja | Udogodnienia Hotel & Resort G\u00f3ry Orlickie","isPartOf":{"@id":"https:\/\/orlickehory.amenity.cz\/pl\/#website"},"datePublished":"2025-08-28T14:35:28+00:00","dateModified":"2025-11-10T12:00:01+00:00","description":"Book a stay at Amenity Resort Orlick\u00e9 Mountains and forget all your worries. Partial meals and other services are already included in the price.","breadcrumb":{"@id":"https:\/\/orlickehory.amenity.cz\/pl\/polopenze\/#breadcrumb"},"inLanguage":"pl-PL","potentialAction":[{"@type":"ReadAction","target":["https:\/\/orlickehory.amenity.cz\/pl\/polopenze\/"]}]},{"@type":"BreadcrumbList","@id":"https:\/\/orlickehory.amenity.cz\/pl\/polopenze\/#breadcrumb","itemListElement":[{"@type":"ListItem","position":1,"name":"Dom\u016f","item":"https:\/\/orlickehory.amenity.cz\/pl\/"},{"@type":"ListItem","position":2,"name":"Polopenze"}]},{"@type":"WebSite","@id":"https:\/\/orlickehory.amenity.cz\/pl\/#website","url":"https:\/\/orlickehory.amenity.cz\/pl\/","name":"Amenity Orlick\u00e9 hory","description":"","publisher":{"@id":"https:\/\/orlickehory.amenity.cz\/pl\/#organization"},"potentialAction":[{"@type":"SearchAction","target":{"@type":"EntryPoint","urlTemplate":"https:\/\/orlickehory.amenity.cz\/pl\/?s={search_term_string}"},"query-input":{"@type":"PropertyValueSpecification","valueRequired":true,"valueName":"search_term_string"}}],"inLanguage":"pl-PL"},{"@type":"Organization","@id":"https:\/\/orlickehory.amenity.cz\/pl\/#organization","name":"Amenity Resorts s.r.o.","url":"https:\/\/orlickehory.amenity.cz\/pl\/","logo":{"@type":"ImageObject","inLanguage":"pl-PL","@id":"https:\/\/orlickehory.amenity.cz\/pl\/#\/schema\/logo\/image\/","url":"http:\/\/orlickehory.amenity.cz\/wp-content\/uploads\/sites\/8\/2020\/10\/favicon-amenity-512x512-1.png","contentUrl":"http:\/\/orlickehory.amenity.cz\/wp-content\/uploads\/sites\/8\/2020\/10\/favicon-amenity-512x512-1.png","width":512,"height":512,"caption":"Amenity Resorts s.r.o."},"image":{"@id":"https:\/\/orlickehory.amenity.cz\/pl\/#\/schema\/logo\/image\/"},"sameAs":["https:\/\/www.facebook.com\/amenityresorts","https:\/\/www.instagram.com\/amenityresorts\/","https:\/\/www.youtube.com\/channel\/UCVY-yFoyFBR8H0hC1euh7Sw"]}]}},"_links":{"self":[{"href":"https:\/\/orlickehory.amenity.cz\/pl\/wp-json\/wp\/v2\/pages\/11017","targetHints":{"allow":["GET"]}}],"collection":[{"href":"https:\/\/orlickehory.amenity.cz\/pl\/wp-json\/wp\/v2\/pages"}],"about":[{"href":"https:\/\/orlickehory.amenity.cz\/pl\/wp-json\/wp\/v2\/types\/page"}],"author":[{"embeddable":true,"href":"https:\/\/orlickehory.amenity.cz\/pl\/wp-json\/wp\/v2\/users\/3"}],"replies":[{"embeddable":true,"href":"https:\/\/orlickehory.amenity.cz\/pl\/wp-json\/wp\/v2\/comments?post=11017"}],"version-history":[{"count":6,"href":"https:\/\/orlickehory.amenity.cz\/pl\/wp-json\/wp\/v2\/pages\/11017\/revisions"}],"predecessor-version":[{"id":12090,"href":"https:\/\/orlickehory.amenity.cz\/pl\/wp-json\/wp\/v2\/pages\/11017\/revisions\/12090"}],"wp:attachment":[{"href":"https:\/\/orlickehory.amenity.cz\/pl\/wp-json\/wp\/v2\/media?parent=11017"}],"curies":[{"name":"wp","href":"https:\/\/api.w.org\/{rel}","templated":true}]}}